{"id":3801,"date":"2019-03-11T11:43:27","date_gmt":"2019-03-11T10:43:27","guid":{"rendered":"http:\/\/www.ibn-rushd-goethe-moschee.de\/?page_id=3801"},"modified":"2021-06-19T11:21:53","modified_gmt":"2021-06-19T09:21:53","slug":"lgbtiq-kompetenzzentrum","status":"publish","type":"page","link":"https:\/\/www.ibn-rushd-goethe-moschee.de\/zh\/die-moschee\/lgbtiq-kompetenzzentrum\/","title":{"rendered":"\ufeffLSBT*IQ-Kompetenzzentrum (jetzt A.I.D.)"},"content":{"rendered":"\n<p>Das LSBT*IQ-Kompetenzzentrum der Ibn Rushd \u2013 Goethe Moschee ist jetzt <a href=\"https:\/\/www.ibn-rushd-goethe-moschee.de\/wer-wir-sind\/\">die Anlaufstelle f\u00fcr Islam und Diversity<\/a>. Sie ist ein wichtiger Meilenstein f\u00fcr homosexuelle Muslime. Wir wollen helfen,  kooperieren und vernetzen. Diskriminierung, Ausgrenzung sowie pers\u00f6nliche Angriffe haben bei uns keinen Platz!<\/p>\n\n\n\n<p>Das LSBT*IQ-Kompetenzzentrum der Ibn Rushd \u2013 Goethe Moschee m\u00f6chte queeren Muslimen einen Ort der sozialen und spirituellen Geborgenheit anbieten. Wir betrachten jeden Menschen als Gottes Sch\u00f6pfung, daher k\u00f6nnen noch werden wir es akzeptieren, dass Menschen aufgrund ihrer sexuellen Orientierung von der Religionsaus\u00fcbung ausgeschlossen werden. Das widerspricht nach unserer festen \u00dcberzeugung der allgemeinen, unverwechselbaren Menschenw\u00fcrde.<\/p>\n\n\n\n<p>Weil es auch LSBT*IQ-Muslime gibt, die aufgrund ihrer sexuellen Orientierung diskriminiert werden oder gar schlimmeres erfahren, soll mit dem Kompetenzzentrum eine direkte und schnelle Anlaufstelle  geschaffen und somit die M\u00f6glichkeit gegeben werden, Hilfe und Beratung  in Anspruch nehmen zu k\u00f6nnen. Besonders in religi\u00f6sen sowie kulturellen Fragen, die sensibel sind, versucht das Kompetenzzentrum, eine interreligi\u00f6se bzw. interkulturelle Vermittlerfunktion einzunehmen.<br><br>Bei Fragen wenden Sie sich gerne an unseren LSBT*IQ Koordinator Tugay Sarac unter <a href=\"mailto:queer@irg-moschee.de\">tugay.s@irg-moschee.de<\/a> oder schreiben Sie direkt ans Team unter <a rel=\"noreferrer noopener\" href=\"mailto:aid@irg-moschee.de\" target=\"_blank\">aid@irg-moschee.de<\/a>. Sie k\u00f6nnen uns auch anrufen: 030\/40753910.<\/p>\n","protected":false},"excerpt":{"rendered":"<p>Das LSBT*IQ-Kompetenzzentrum der Ibn Rushd \u2013 Goethe Mos [&hellip;]<\/p>\n","protected":false},"author":1,"featured_media":0,"parent":767,"menu_order":0,"comment_status":"closed","ping_status":"closed","template":"","meta":{"_coblocks_attr":"","_coblocks_dimensions":"","_coblocks_responsive_height":"","_coblocks_accordion_ie_support":"","site-sidebar-layout":"default","site-content-layout":"default","ast-site-content-layout":"default","site-content-style":"default","site-sidebar-style":"default","ast-global-header-display":"","ast-banner-title-visibility":"","ast-main-header-display":"","ast-hfb-above-header-display":"","ast-hfb-below-header-display":"","ast-hfb-mobile-header-display":"","site-post-title":"","ast-breadcrumbs-content":"","ast-featured-img":"","footer-sml-layout":"","ast-disable-related-posts":"","theme-transparent-header-meta":"default","adv-header-id-meta":"","stick-header-meta":"","header-above-stick-meta":"","header-main-stick-meta":"","header-below-stick-meta":"","astra-migrate-meta-layouts":"default","ast-page-background-enabled":"default","ast-page-background-meta":{"desktop":{"background-color":"","background-image":"","background-repeat":"repeat","background-position":"center center","background-size":"auto","background-attachment":"scroll","background-type":"","background-media":"","overlay-type":"","overlay-color":"","overlay-opacity":"","overlay-gradient":""},"tablet":{"background-color":"","background-image":"","background-repeat":"repeat","background-position":"center center","background-size":"auto","background-attachment":"scroll","background-type":"","background-media":"","overlay-type":"","overlay-color":"","overlay-opacity":"","overlay-gradient":""},"mobile":{"background-color":"","background-image":"","background-repeat":"repeat","background-position":"center center","background-size":"auto","background-attachment":"scroll","background-type":"","background-media":"","overlay-type":"","overlay-color":"","overlay-opacity":"","overlay-gradient":""}},"ast-content-background-meta":{"desktop":{"background-color":"var(--ast-global-color-5)","background-image":"","background-repeat":"repeat","background-position":"center center","background-size":"auto","background-attachment":"scroll","background-type":"","background-media":"","overlay-type":"","overlay-color":"","overlay-opacity":"","overlay-gradient":""},"tablet":{"background-color":"var(--ast-global-color-5)","background-image":"","background-repeat":"repeat","background-position":"center center","background-size":"auto","background-attachment":"scroll","background-type":"","background-media":"","overlay-type":"","overlay-color":"","overlay-opacity":"","overlay-gradient":""},"mobile":{"background-color":"var(--ast-global-color-5)","background-image":"","background-repeat":"repeat","background-position":"center center","background-size":"auto","background-attachment":"scroll","background-type":"","background-media":"","overlay-type":"","overlay-color":"","overlay-opacity":"","overlay-gradient":""}},"ngg_post_thumbnail":0,"jetpack_post_was_ever_published":false,"_mc_calendar":[],"footnotes":""},"class_list":["post-3801","page","type-page","status-publish","hentry"],"translation":{"provider":"WPGlobus","version":"3.0.2","language":"zh","enabled_languages":["de","en","ar","zh","id"],"languages":{"de":{"title":true,"content":true,"excerpt":false},"en":{"title":true,"content":true,"excerpt":false},"ar":{"title":false,"content":false,"excerpt":false},"zh":{"title":false,"content":false,"excerpt":false},"id":{"title":true,"content":true,"excerpt":false}}},"jetpack_sharing_enabled":true,"jetpack_shortlink":"https:\/\/wp.me\/P8MR6N-Zj","_links":{"self":[{"href":"https:\/\/www.ibn-rushd-goethe-moschee.de\/zh\/wp-json\/wp\/v2\/pages\/3801","targetHints":{"allow":["GET"]}}],"collection":[{"href":"https:\/\/www.ibn-rushd-goethe-moschee.de\/zh\/wp-json\/wp\/v2\/pages"}],"about":[{"href":"https:\/\/www.ibn-rushd-goethe-moschee.de\/zh\/wp-json\/wp\/v2\/types\/page"}],"author":[{"embeddable":true,"href":"https:\/\/www.ibn-rushd-goethe-moschee.de\/zh\/wp-json\/wp\/v2\/users\/1"}],"replies":[{"embeddable":true,"href":"https:\/\/www.ibn-rushd-goethe-moschee.de\/zh\/wp-json\/wp\/v2\/comments?post=3801"}],"version-history":[{"count":10,"href":"https:\/\/www.ibn-rushd-goethe-moschee.de\/zh\/wp-json\/wp\/v2\/pages\/3801\/revisions"}],"predecessor-version":[{"id":9854,"href":"https:\/\/www.ibn-rushd-goethe-moschee.de\/zh\/wp-json\/wp\/v2\/pages\/3801\/revisions\/9854"}],"up":[{"embeddable":true,"href":"https:\/\/www.ibn-rushd-goethe-moschee.de\/zh\/wp-json\/wp\/v2\/pages\/767"}],"wp:attachment":[{"href":"https:\/\/www.ibn-rushd-goethe-moschee.de\/zh\/wp-json\/wp\/v2\/media?parent=3801"}],"curies":[{"name":"wp","href":"https:\/\/api.w.org\/{rel}","templated":true}]}}