{"id":95,"date":"2018-08-22T20:41:47","date_gmt":"2018-08-22T18:41:47","guid":{"rendered":"http:\/\/test.ibn-rushd-goethe-moschee.de\/?page_id=95&#038;lang=de_DE"},"modified":"2020-10-25T21:14:21","modified_gmt":"2020-10-25T20:14:21","slug":"impressum","status":"publish","type":"page","link":"https:\/\/www.ibn-rushd-goethe-moschee.de\/id\/impressum\/","title":{"rendered":"Impressum"},"content":{"rendered":"<p style=\"padding-left: 30px;\">Ibn Rushd Goethe Moschee gGmbH<\/p>\n<p style=\"padding-left: 30px;\">Ottostra\u00dfe 16<br>10555 Berlin<\/p>\n<p style=\"padding-left: 30px;\">E-Mail: post@ibn-rushd-goethe-moschee.de<\/p>\n<p style=\"padding-left: 30px;\">Verantwortlich f\u00fcr den Inhalt (gem. \u00a7 55 Abs. 2 RStV):<br>Seyran Ates<\/p>\n<p style=\"padding-left: 30px;\">\u00a7 1 Haftungsbeschr\u00e4nkung<br>Die Inhalte dieser Website werden mit gr\u00f6\u00dftm\u00f6glicher Sorgfalt erstellt. Der<br>Anbieter \u00fcbernimmt jedoch keine Gew\u00e4hr f\u00fcr die Richtigkeit, Vollst\u00e4ndigkeit<br>und Aktualit\u00e4t der bereitgestellten Inhalte. Die Nutzung der Inhalte der<br>Website erfolgt auf eigene Gefahr des Nutzers. Namentlich gekennzeichnete<br>Beitr\u00e4ge geben die Meinung des jeweiligen Autors und nicht immer die Meinung<br>des Anbieters wieder. Mit der reinen Nutzung der Website des Anbieters kommt<br>keinerlei Vertragsverh\u00e4ltnis zwischen dem Nutzer und dem Anbieter zustande.<\/p>\n<p style=\"padding-left: 30px;\">\u00a7 2 Externe Links<br>Diese Website enth\u00e4lt Verkn\u00fcpfungen zu Websites Dritter (\u201eexterne Links\u201c).<br>Diese Websites unterliegen der Haftung der jeweiligen Betreiber. Der<br>Anbieter hat bei der erstmaligen Verkn\u00fcpfung der externen Links die fremden<br>Inhalte daraufhin \u00fcberpr\u00fcft, ob etwaige Rechtsverst\u00f6\u00dfe bestehen. Zu dem<br>Zeitpunkt waren keine Rechtsverst\u00f6\u00dfe ersichtlich. Der Anbieter hat keinerlei<br>Einfluss auf die aktuelle und zuk\u00fcnftige Gestaltung und auf die Inhalte der<br>verkn\u00fcpften Seiten. Das Setzen von externen Links bedeutet nicht, dass sich<br>der Anbieter die hinter dem Verweis oder Link liegenden Inhalte zu Eigen<br>macht. Eine st\u00e4ndige Kontrolle der externen Links ist f\u00fcr den Anbieter ohne<br>konkrete Hinweise auf Rechtsverst\u00f6\u00dfe nicht zumutbar. Bei Kenntnis von<br>Rechtsverst\u00f6\u00dfen werden jedoch derartige externe Links unverz\u00fcglich gel\u00f6scht.<\/p>\n<p style=\"padding-left: 30px;\">\u00a7 3 Urheber- und Leistungsschutzrechte<br>Die auf dieser Website ver\u00f6ffentlichten Inhalte unterliegen dem deutschen<br>Urheber- und Leistungsschutzrecht. Jede vom deutschen Urheber- und<br>Leistungsschutzrecht nicht zugelassene Verwertung bedarf der vorherigen<br>schriftlichen Zustimmung des Anbieters oder jeweiligen Rechteinhabers. Dies<br>gilt insbesondere f\u00fcr Vervielf\u00e4ltigung, Bearbeitung, \u00dcbersetzung,<br>Einspeicherung, Verarbeitung bzw. Wiedergabe von Inhalten in Datenbanken<br>oder anderen elektronischen Medien und Systemen. Inhalte und Rechte Dritter<br>sind dabei als solche gekennzeichnet. Die unerlaubte Vervielf\u00e4ltigung oder<br>Weitergabe einzelner Inhalte oder kompletter Seiten ist nicht gestattet und<br>strafbar. Lediglich die Herstellung von Kopien und Downloads f\u00fcr den<br>pers\u00f6nlichen, privaten und nicht kommerziellen Gebrauch ist erlaubt.<\/p>\n<p style=\"padding-left: 30px;\">Die Darstellung dieser Website in fremden Frames ist nur mit schriftlicher<br>Erlaubnis zul\u00e4ssig.<\/p>\n<p style=\"padding-left: 30px;\">\u00a7 4 Besondere Nutzungsbedingungen<br>Soweit besondere Bedingungen f\u00fcr einzelne Nutzungen dieser Website von den vorgenannten Paragraphen abweichen, wird an entsprechender Stelle<br>ausdr\u00fccklich darauf hingewiesen. In diesem Falle gelten im jeweiligen<br>Einzelfall die besonderen Nutzungsbedingungen.<\/p>\n<p>&nbsp;&nbsp;&nbsp;&nbsp;&nbsp;&nbsp;&nbsp;&nbsp; Website entwickelt von Fahtma Dawi.<\/p>\n\n\n<p><\/p>\n","protected":false},"excerpt":{"rendered":"<p>Ibn Rushd Goethe Moschee gGmbH Ottostra\u00dfe 1610555 Berlin E-Mail: post@ibn-rushd-goethe-moschee.de Verantwortlich f\u00fcr den Inhalt (gem. \u00a7 55 Abs. 2 RStV):Seyran Ates \u00a7 1 Haftungsbeschr\u00e4nkungDie Inhalte dieser Website werden mit gr\u00f6\u00dftm\u00f6glicher Sorgfalt erstellt. DerAnbieter \u00fcbernimmt jedoch keine Gew\u00e4hr f\u00fcr die Richtigkeit, Vollst\u00e4ndigkeitund Aktualit\u00e4t der bereitgestellten Inhalte. Die Nutzung der Inhalte derWebsite erfolgt auf eigene Gefahr des [&hellip;]<\/p>\n","protected":false},"author":1,"featured_media":0,"parent":0,"menu_order":0,"comment_status":"closed","ping_status":"closed","template":"","meta":{"_coblocks_attr":"","_coblocks_dimensions":"","_coblocks_responsive_height":"","_coblocks_accordion_ie_support":"","site-sidebar-layout":"default","site-content-layout":"default","ast-site-content-layout":"default","site-content-style":"default","site-sidebar-style":"default","ast-global-header-display":"","ast-banner-title-visibility":"","ast-main-header-display":"","ast-hfb-above-header-display":"","ast-hfb-below-header-display":"","ast-hfb-mobile-header-display":"","site-post-title":"","ast-breadcrumbs-content":"","ast-featured-img":"","footer-sml-layout":"","ast-disable-related-posts":"","theme-transparent-header-meta":"default","adv-header-id-meta":"","stick-header-meta":"","header-above-stick-meta":"","header-main-stick-meta":"","header-below-stick-meta":"","astra-migrate-meta-layouts":"default","ast-page-background-enabled":"default","ast-page-background-meta":{"desktop":{"background-color":"","background-image":"","background-repeat":"repeat","background-position":"center center","background-size":"auto","background-attachment":"scroll","background-type":"","background-media":"","overlay-type":"","overlay-color":"","overlay-opacity":"","overlay-gradient":""},"tablet":{"background-color":"","background-image":"","background-repeat":"repeat","background-position":"center center","background-size":"auto","background-attachment":"scroll","background-type":"","background-media":"","overlay-type":"","overlay-color":"","overlay-opacity":"","overlay-gradient":""},"mobile":{"background-color":"","background-image":"","background-repeat":"repeat","background-position":"center center","background-size":"auto","background-attachment":"scroll","background-type":"","background-media":"","overlay-type":"","overlay-color":"","overlay-opacity":"","overlay-gradient":""}},"ast-content-background-meta":{"desktop":{"background-color":"var(--ast-global-color-5)","background-image":"","background-repeat":"repeat","background-position":"center center","background-size":"auto","background-attachment":"scroll","background-type":"","background-media":"","overlay-type":"","overlay-color":"","overlay-opacity":"","overlay-gradient":""},"tablet":{"background-color":"var(--ast-global-color-5)","background-image":"","background-repeat":"repeat","background-position":"center center","background-size":"auto","background-attachment":"scroll","background-type":"","background-media":"","overlay-type":"","overlay-color":"","overlay-opacity":"","overlay-gradient":""},"mobile":{"background-color":"var(--ast-global-color-5)","background-image":"","background-repeat":"repeat","background-position":"center center","background-size":"auto","background-attachment":"scroll","background-type":"","background-media":"","overlay-type":"","overlay-color":"","overlay-opacity":"","overlay-gradient":""}},"ngg_post_thumbnail":0,"jetpack_post_was_ever_published":false,"_mc_calendar":[],"footnotes":""},"class_list":["post-95","page","type-page","status-publish","hentry"],"translation":{"provider":"WPGlobus","version":"3.0.2","language":"id","enabled_languages":["de","en","ar","zh","id"],"languages":{"de":{"title":true,"content":true,"excerpt":false},"en":{"title":true,"content":true,"excerpt":false},"ar":{"title":false,"content":false,"excerpt":false},"zh":{"title":false,"content":false,"excerpt":false},"id":{"title":false,"content":false,"excerpt":false}}},"jetpack_sharing_enabled":true,"jetpack_shortlink":"https:\/\/wp.me\/P8MR6N-1x","_links":{"self":[{"href":"https:\/\/www.ibn-rushd-goethe-moschee.de\/id\/wp-json\/wp\/v2\/pages\/95","targetHints":{"allow":["GET"]}}],"collection":[{"href":"https:\/\/www.ibn-rushd-goethe-moschee.de\/id\/wp-json\/wp\/v2\/pages"}],"about":[{"href":"https:\/\/www.ibn-rushd-goethe-moschee.de\/id\/wp-json\/wp\/v2\/types\/page"}],"author":[{"embeddable":true,"href":"https:\/\/www.ibn-rushd-goethe-moschee.de\/id\/wp-json\/wp\/v2\/users\/1"}],"replies":[{"embeddable":true,"href":"https:\/\/www.ibn-rushd-goethe-moschee.de\/id\/wp-json\/wp\/v2\/comments?post=95"}],"version-history":[{"count":11,"href":"https:\/\/www.ibn-rushd-goethe-moschee.de\/id\/wp-json\/wp\/v2\/pages\/95\/revisions"}],"predecessor-version":[{"id":8024,"href":"https:\/\/www.ibn-rushd-goethe-moschee.de\/id\/wp-json\/wp\/v2\/pages\/95\/revisions\/8024"}],"wp:attachment":[{"href":"https:\/\/www.ibn-rushd-goethe-moschee.de\/id\/wp-json\/wp\/v2\/media?parent=95"}],"curies":[{"name":"wp","href":"https:\/\/api.w.org\/{rel}","templated":true}]}}