{"id":9458,"date":"2021-04-12T10:08:30","date_gmt":"2021-04-12T08:08:30","guid":{"rendered":"https:\/\/www.ibn-rushd-goethe-moschee.de\/?page_id=9458"},"modified":"2026-02-20T11:53:58","modified_gmt":"2026-02-20T10:53:58","slug":"ramadan","status":"publish","type":"page","link":"https:\/\/www.ibn-rushd-goethe-moschee.de\/id\/ramadan\/","title":{"rendered":"Ramadan 2026"},"content":{"rendered":"\n<figure class=\"wp-block-image alignfull size-large is-style-default\"><img loading=\"lazy\" decoding=\"async\" width=\"1024\" height=\"1024\" src=\"https:\/\/www.ibn-rushd-goethe-moschee.de\/wp-content\/uploads\/2026\/02\/Ramadan-2026_2.0-1024x1024.png\" alt=\"\" class=\"wp-image-13400\" srcset=\"https:\/\/www.ibn-rushd-goethe-moschee.de\/wp-content\/uploads\/2026\/02\/Ramadan-2026_2.0-1024x1024.png 1024w, https:\/\/www.ibn-rushd-goethe-moschee.de\/wp-content\/uploads\/2026\/02\/Ramadan-2026_2.0-300x300.png 300w, https:\/\/www.ibn-rushd-goethe-moschee.de\/wp-content\/uploads\/2026\/02\/Ramadan-2026_2.0-150x150.png 150w, https:\/\/www.ibn-rushd-goethe-moschee.de\/wp-content\/uploads\/2026\/02\/Ramadan-2026_2.0-768x768.png 768w, https:\/\/www.ibn-rushd-goethe-moschee.de\/wp-content\/uploads\/2026\/02\/Ramadan-2026_2.0.png 1080w\" sizes=\"auto, (max-width: 1024px) 100vw, 1024px\" \/><\/figure>\n\n\n\nWir von der Ibn Rushd-Goethe Moschee w\u00fcnschen euch allen eine wundervolle und spirituelle Zeit. Genie\u00dft die gemeinsamen Stunden und die besondere Atmosph\u00e4re dieses Monats.\n\n\n\n\n<figure class=\"wp-block-image alignfull size-large\"><img loading=\"lazy\" decoding=\"async\" width=\"300\" height=\"2\" src=\"https:\/\/www.ibn-rushd-goethe-moschee.de\/wp-content\/uploads\/2021\/04\/Strich.jpg\" alt=\"\" class=\"wp-image-9540\" srcset=\"https:\/\/www.ibn-rushd-goethe-moschee.de\/wp-content\/uploads\/2021\/04\/Strich.jpg 300w, https:\/\/www.ibn-rushd-goethe-moschee.de\/wp-content\/uploads\/2021\/04\/Strich-150x2.jpg 150w\" sizes=\"auto, (max-width: 300px) 100vw, 300px\" \/><\/figure>\n\n\n\n\n\n\n\n<p><\/p>\n","protected":false},"excerpt":{"rendered":"<p>Wir von der Ibn Rushd-Goethe Moschee w\u00fcnschen euch allen eine wundervolle und spirituelle Zeit. Genie\u00dft die gemeinsamen Stunden und die besondere Atmosph\u00e4re dieses Monats.<\/p>\n","protected":false},"author":1,"featured_media":0,"parent":0,"menu_order":0,"comment_status":"closed","ping_status":"closed","template":"","meta":{"_coblocks_attr":"","_coblocks_dimensions":"","_coblocks_responsive_height":"","_coblocks_accordion_ie_support":"","site-sidebar-layout":"default","site-content-layout":"default","ast-site-content-layout":"default","site-content-style":"default","site-sidebar-style":"default","ast-global-header-display":"","ast-banner-title-visibility":"","ast-main-header-display":"","ast-hfb-above-header-display":"","ast-hfb-below-header-display":"","ast-hfb-mobile-header-display":"","site-post-title":"","ast-breadcrumbs-content":"","ast-featured-img":"","footer-sml-layout":"","ast-disable-related-posts":"","theme-transparent-header-meta":"default","adv-header-id-meta":"","stick-header-meta":"","header-above-stick-meta":"","header-main-stick-meta":"","header-below-stick-meta":"","astra-migrate-meta-layouts":"set","ast-page-background-enabled":"default","ast-page-background-meta":{"desktop":{"background-color":"","background-image":"","background-repeat":"repeat","background-position":"center center","background-size":"auto","background-attachment":"scroll","background-type":"","background-media":"","overlay-type":"","overlay-color":"","overlay-opacity":"","overlay-gradient":""},"tablet":{"background-color":"","background-image":"","background-repeat":"repeat","background-position":"center center","background-size":"auto","background-attachment":"scroll","background-type":"","background-media":"","overlay-type":"","overlay-color":"","overlay-opacity":"","overlay-gradient":""},"mobile":{"background-color":"","background-image":"","background-repeat":"repeat","background-position":"center center","background-size":"auto","background-attachment":"scroll","background-type":"","background-media":"","overlay-type":"","overlay-color":"","overlay-opacity":"","overlay-gradient":""}},"ast-content-background-meta":{"desktop":{"background-color":"var(--ast-global-color-5)","background-image":"","background-repeat":"repeat","background-position":"center center","background-size":"auto","background-attachment":"scroll","background-type":"","background-media":"","overlay-type":"","overlay-color":"","overlay-opacity":"","overlay-gradient":""},"tablet":{"background-color":"var(--ast-global-color-5)","background-image":"","background-repeat":"repeat","background-position":"center center","background-size":"auto","background-attachment":"scroll","background-type":"","background-media":"","overlay-type":"","overlay-color":"","overlay-opacity":"","overlay-gradient":""},"mobile":{"background-color":"var(--ast-global-color-5)","background-image":"","background-repeat":"repeat","background-position":"center center","background-size":"auto","background-attachment":"scroll","background-type":"","background-media":"","overlay-type":"","overlay-color":"","overlay-opacity":"","overlay-gradient":""}},"ngg_post_thumbnail":0,"jetpack_post_was_ever_published":false,"_mc_calendar":[],"footnotes":""},"class_list":["post-9458","page","type-page","status-publish","hentry"],"translation":{"provider":"WPGlobus","version":"3.0.2","language":"id","enabled_languages":["de","en","ar","zh","id"],"languages":{"de":{"title":true,"content":true,"excerpt":false},"en":{"title":false,"content":false,"excerpt":false},"ar":{"title":false,"content":false,"excerpt":false},"zh":{"title":false,"content":false,"excerpt":false},"id":{"title":false,"content":false,"excerpt":false}}},"jetpack_sharing_enabled":true,"jetpack_shortlink":"https:\/\/wp.me\/P8MR6N-2sy","_links":{"self":[{"href":"https:\/\/www.ibn-rushd-goethe-moschee.de\/id\/wp-json\/wp\/v2\/pages\/9458","targetHints":{"allow":["GET"]}}],"collection":[{"href":"https:\/\/www.ibn-rushd-goethe-moschee.de\/id\/wp-json\/wp\/v2\/pages"}],"about":[{"href":"https:\/\/www.ibn-rushd-goethe-moschee.de\/id\/wp-json\/wp\/v2\/types\/page"}],"author":[{"embeddable":true,"href":"https:\/\/www.ibn-rushd-goethe-moschee.de\/id\/wp-json\/wp\/v2\/users\/1"}],"replies":[{"embeddable":true,"href":"https:\/\/www.ibn-rushd-goethe-moschee.de\/id\/wp-json\/wp\/v2\/comments?post=9458"}],"version-history":[{"count":81,"href":"https:\/\/www.ibn-rushd-goethe-moschee.de\/id\/wp-json\/wp\/v2\/pages\/9458\/revisions"}],"predecessor-version":[{"id":13401,"href":"https:\/\/www.ibn-rushd-goethe-moschee.de\/id\/wp-json\/wp\/v2\/pages\/9458\/revisions\/13401"}],"wp:attachment":[{"href":"https:\/\/www.ibn-rushd-goethe-moschee.de\/id\/wp-json\/wp\/v2\/media?parent=9458"}],"curies":[{"name":"wp","href":"https:\/\/api.w.org\/{rel}","templated":true}]}}