{"id":8245,"date":"2020-11-04T22:47:24","date_gmt":"2020-11-04T21:47:24","guid":{"rendered":"https:\/\/www.ibn-rushd-goethe-moschee.de\/?page_id=8245"},"modified":"2026-04-20T21:44:45","modified_gmt":"2026-04-20T19:44:45","slug":"wir-streichen","status":"publish","type":"page","link":"https:\/\/www.ibn-rushd-goethe-moschee.de\/id\/wir-streichen\/","title":{"rendered":"Wir streichen&#8230;"},"content":{"rendered":"\n<p>&#8230;und die Schr\u00e4nke und W\u00e4nde sind jetzt wieder wei\u00df!<\/p>\n\n\n\n<p>Vielen Dank an die flei\u00dfigen Handwerker!<\/p>\n\n\n\n<div class=\"wp-block-jetpack-slideshow aligncenter\" data-effect=\"slide\"><div class=\"wp-block-jetpack-slideshow_container swiper-container\"><ul class=\"wp-block-jetpack-slideshow_swiper-wrapper swiper-wrapper\"><li class=\"wp-block-jetpack-slideshow_slide swiper-slide\"><figure><img loading=\"lazy\" decoding=\"async\" width=\"455\" height=\"283\" alt=\"\" class=\"wp-block-jetpack-slideshow_image wp-image-7082\" data-id=\"7082\" src=\"https:\/\/www.ibn-rushd-goethe-moschee.de\/wp-content\/uploads\/2020\/09\/Neue-Moschee-nah-1.jpg\" srcset=\"https:\/\/www.ibn-rushd-goethe-moschee.de\/wp-content\/uploads\/2020\/09\/Neue-Moschee-nah-1.jpg 455w, https:\/\/www.ibn-rushd-goethe-moschee.de\/wp-content\/uploads\/2020\/09\/Neue-Moschee-nah-1-300x187.jpg 300w\" sizes=\"(max-width: 455px) 100vw, 455px\" \/><\/figure><\/li><li class=\"wp-block-jetpack-slideshow_slide swiper-slide\"><figure><img loading=\"lazy\" decoding=\"async\" width=\"960\" height=\"466\" alt=\"\" class=\"wp-block-jetpack-slideshow_image wp-image-8243\" data-id=\"8243\" src=\"https:\/\/www.ibn-rushd-goethe-moschee.de\/wp-content\/uploads\/2020\/11\/Moschee6.jpg\" srcset=\"https:\/\/www.ibn-rushd-goethe-moschee.de\/wp-content\/uploads\/2020\/11\/Moschee6.jpg 960w, https:\/\/www.ibn-rushd-goethe-moschee.de\/wp-content\/uploads\/2020\/11\/Moschee6-300x146.jpg 300w, https:\/\/www.ibn-rushd-goethe-moschee.de\/wp-content\/uploads\/2020\/11\/Moschee6-768x373.jpg 768w\" sizes=\"(max-width: 960px) 100vw, 960px\" \/><\/figure><\/li><li class=\"wp-block-jetpack-slideshow_slide swiper-slide\"><figure><img loading=\"lazy\" decoding=\"async\" width=\"960\" height=\"466\" alt=\"\" class=\"wp-block-jetpack-slideshow_image wp-image-8239\" data-id=\"8239\" src=\"https:\/\/www.ibn-rushd-goethe-moschee.de\/wp-content\/uploads\/2020\/11\/Moschee3.jpg\" srcset=\"https:\/\/www.ibn-rushd-goethe-moschee.de\/wp-content\/uploads\/2020\/11\/Moschee3.jpg 960w, https:\/\/www.ibn-rushd-goethe-moschee.de\/wp-content\/uploads\/2020\/11\/Moschee3-300x146.jpg 300w, https:\/\/www.ibn-rushd-goethe-moschee.de\/wp-content\/uploads\/2020\/11\/Moschee3-768x373.jpg 768w\" sizes=\"(max-width: 960px) 100vw, 960px\" \/><\/figure><\/li><li class=\"wp-block-jetpack-slideshow_slide swiper-slide\"><figure><img loading=\"lazy\" decoding=\"async\" width=\"466\" height=\"960\" alt=\"\" class=\"wp-block-jetpack-slideshow_image wp-image-8242\" data-id=\"8242\" src=\"https:\/\/www.ibn-rushd-goethe-moschee.de\/wp-content\/uploads\/2020\/11\/Moschee5.jpg\" srcset=\"https:\/\/www.ibn-rushd-goethe-moschee.de\/wp-content\/uploads\/2020\/11\/Moschee5.jpg 466w, https:\/\/www.ibn-rushd-goethe-moschee.de\/wp-content\/uploads\/2020\/11\/Moschee5-146x300.jpg 146w\" sizes=\"(max-width: 466px) 100vw, 466px\" \/><\/figure><\/li><li class=\"wp-block-jetpack-slideshow_slide swiper-slide\"><figure><img loading=\"lazy\" decoding=\"async\" width=\"466\" height=\"960\" alt=\"\" class=\"wp-block-jetpack-slideshow_image wp-image-8238\" data-id=\"8238\" src=\"https:\/\/www.ibn-rushd-goethe-moschee.de\/wp-content\/uploads\/2020\/11\/Moschee2.jpg\" srcset=\"https:\/\/www.ibn-rushd-goethe-moschee.de\/wp-content\/uploads\/2020\/11\/Moschee2.jpg 466w, https:\/\/www.ibn-rushd-goethe-moschee.de\/wp-content\/uploads\/2020\/11\/Moschee2-146x300.jpg 146w\" sizes=\"(max-width: 466px) 100vw, 466px\" \/><\/figure><\/li><li class=\"wp-block-jetpack-slideshow_slide swiper-slide\"><figure><img loading=\"lazy\" decoding=\"async\" width=\"960\" height=\"466\" alt=\"\" class=\"wp-block-jetpack-slideshow_image wp-image-8244\" data-id=\"8244\" src=\"https:\/\/www.ibn-rushd-goethe-moschee.de\/wp-content\/uploads\/2020\/11\/Moschee4-1.jpg\" srcset=\"https:\/\/www.ibn-rushd-goethe-moschee.de\/wp-content\/uploads\/2020\/11\/Moschee4-1.jpg 960w, https:\/\/www.ibn-rushd-goethe-moschee.de\/wp-content\/uploads\/2020\/11\/Moschee4-1-300x146.jpg 300w, https:\/\/www.ibn-rushd-goethe-moschee.de\/wp-content\/uploads\/2020\/11\/Moschee4-1-768x373.jpg 768w\" sizes=\"(max-width: 960px) 100vw, 960px\" \/><\/figure><\/li><li class=\"wp-block-jetpack-slideshow_slide swiper-slide\"><figure><img loading=\"lazy\" decoding=\"async\" width=\"1024\" height=\"497\" alt=\"\" class=\"wp-block-jetpack-slideshow_image wp-image-8732\" data-id=\"8732\" src=\"https:\/\/www.ibn-rushd-goethe-moschee.de\/wp-content\/uploads\/2021\/01\/KakaoTalk_20210112_162507179-1024x497.jpg\" srcset=\"https:\/\/www.ibn-rushd-goethe-moschee.de\/wp-content\/uploads\/2021\/01\/KakaoTalk_20210112_162507179-1024x497.jpg 1024w, https:\/\/www.ibn-rushd-goethe-moschee.de\/wp-content\/uploads\/2021\/01\/KakaoTalk_20210112_162507179-300x146.jpg 300w, https:\/\/www.ibn-rushd-goethe-moschee.de\/wp-content\/uploads\/2021\/01\/KakaoTalk_20210112_162507179-768x373.jpg 768w, https:\/\/www.ibn-rushd-goethe-moschee.de\/wp-content\/uploads\/2021\/01\/KakaoTalk_20210112_162507179-1536x746.jpg 1536w, https:\/\/www.ibn-rushd-goethe-moschee.de\/wp-content\/uploads\/2021\/01\/KakaoTalk_20210112_162507179.jpg 1600w\" sizes=\"(max-width: 1024px) 100vw, 1024px\" \/><\/figure><\/li><li class=\"wp-block-jetpack-slideshow_slide swiper-slide\"><figure><img loading=\"lazy\" decoding=\"async\" width=\"1024\" height=\"497\" alt=\"\" class=\"wp-block-jetpack-slideshow_image wp-image-8733\" data-id=\"8733\" src=\"https:\/\/www.ibn-rushd-goethe-moschee.de\/wp-content\/uploads\/2021\/01\/KakaoTalk_20210112_162452698-1024x497.jpg\" srcset=\"https:\/\/www.ibn-rushd-goethe-moschee.de\/wp-content\/uploads\/2021\/01\/KakaoTalk_20210112_162452698-1024x497.jpg 1024w, https:\/\/www.ibn-rushd-goethe-moschee.de\/wp-content\/uploads\/2021\/01\/KakaoTalk_20210112_162452698-300x146.jpg 300w, https:\/\/www.ibn-rushd-goethe-moschee.de\/wp-content\/uploads\/2021\/01\/KakaoTalk_20210112_162452698-768x373.jpg 768w, https:\/\/www.ibn-rushd-goethe-moschee.de\/wp-content\/uploads\/2021\/01\/KakaoTalk_20210112_162452698-1536x746.jpg 1536w, https:\/\/www.ibn-rushd-goethe-moschee.de\/wp-content\/uploads\/2021\/01\/KakaoTalk_20210112_162452698.jpg 1600w\" sizes=\"(max-width: 1024px) 100vw, 1024px\" \/><\/figure><\/li><li class=\"wp-block-jetpack-slideshow_slide swiper-slide\"><figure><img loading=\"lazy\" decoding=\"async\" width=\"1024\" height=\"497\" alt=\"\" class=\"wp-block-jetpack-slideshow_image wp-image-8734\" data-id=\"8734\" src=\"https:\/\/www.ibn-rushd-goethe-moschee.de\/wp-content\/uploads\/2021\/01\/KakaoTalk_20210112_162521996-1024x497.jpg\" srcset=\"https:\/\/www.ibn-rushd-goethe-moschee.de\/wp-content\/uploads\/2021\/01\/KakaoTalk_20210112_162521996-1024x497.jpg 1024w, https:\/\/www.ibn-rushd-goethe-moschee.de\/wp-content\/uploads\/2021\/01\/KakaoTalk_20210112_162521996-300x146.jpg 300w, https:\/\/www.ibn-rushd-goethe-moschee.de\/wp-content\/uploads\/2021\/01\/KakaoTalk_20210112_162521996-768x373.jpg 768w, https:\/\/www.ibn-rushd-goethe-moschee.de\/wp-content\/uploads\/2021\/01\/KakaoTalk_20210112_162521996-1536x746.jpg 1536w, https:\/\/www.ibn-rushd-goethe-moschee.de\/wp-content\/uploads\/2021\/01\/KakaoTalk_20210112_162521996.jpg 1600w\" sizes=\"(max-width: 1024px) 100vw, 1024px\" \/><\/figure><\/li><li class=\"wp-block-jetpack-slideshow_slide swiper-slide\"><figure><img loading=\"lazy\" decoding=\"async\" width=\"497\" height=\"1024\" alt=\"\" class=\"wp-block-jetpack-slideshow_image wp-image-8736\" data-id=\"8736\" src=\"https:\/\/www.ibn-rushd-goethe-moschee.de\/wp-content\/uploads\/2021\/01\/KakaoTalk_20210112_162417764-497x1024.jpg\" srcset=\"https:\/\/www.ibn-rushd-goethe-moschee.de\/wp-content\/uploads\/2021\/01\/KakaoTalk_20210112_162417764-497x1024.jpg 497w, https:\/\/www.ibn-rushd-goethe-moschee.de\/wp-content\/uploads\/2021\/01\/KakaoTalk_20210112_162417764-146x300.jpg 146w, https:\/\/www.ibn-rushd-goethe-moschee.de\/wp-content\/uploads\/2021\/01\/KakaoTalk_20210112_162417764-768x1581.jpg 768w, https:\/\/www.ibn-rushd-goethe-moschee.de\/wp-content\/uploads\/2021\/01\/KakaoTalk_20210112_162417764-746x1536.jpg 746w, https:\/\/www.ibn-rushd-goethe-moschee.de\/wp-content\/uploads\/2021\/01\/KakaoTalk_20210112_162417764.jpg 777w\" sizes=\"(max-width: 497px) 100vw, 497px\" \/><\/figure><\/li><li class=\"wp-block-jetpack-slideshow_slide swiper-slide\"><figure><img loading=\"lazy\" decoding=\"async\" width=\"1024\" height=\"497\" alt=\"\" class=\"wp-block-jetpack-slideshow_image wp-image-8737\" data-id=\"8737\" src=\"https:\/\/www.ibn-rushd-goethe-moschee.de\/wp-content\/uploads\/2021\/01\/KakaoTalk_20210112_162400489-1024x497.jpg\" srcset=\"https:\/\/www.ibn-rushd-goethe-moschee.de\/wp-content\/uploads\/2021\/01\/KakaoTalk_20210112_162400489-1024x497.jpg 1024w, https:\/\/www.ibn-rushd-goethe-moschee.de\/wp-content\/uploads\/2021\/01\/KakaoTalk_20210112_162400489-300x146.jpg 300w, https:\/\/www.ibn-rushd-goethe-moschee.de\/wp-content\/uploads\/2021\/01\/KakaoTalk_20210112_162400489-768x373.jpg 768w, https:\/\/www.ibn-rushd-goethe-moschee.de\/wp-content\/uploads\/2021\/01\/KakaoTalk_20210112_162400489-1536x746.jpg 1536w, https:\/\/www.ibn-rushd-goethe-moschee.de\/wp-content\/uploads\/2021\/01\/KakaoTalk_20210112_162400489.jpg 1600w\" sizes=\"(max-width: 1024px) 100vw, 1024px\" \/><\/figure><\/li><li class=\"wp-block-jetpack-slideshow_slide swiper-slide\"><figure><img loading=\"lazy\" decoding=\"async\" width=\"497\" height=\"1024\" alt=\"\" class=\"wp-block-jetpack-slideshow_image wp-image-8735\" data-id=\"8735\" src=\"https:\/\/www.ibn-rushd-goethe-moschee.de\/wp-content\/uploads\/2021\/01\/KakaoTalk_20210112_162439430-497x1024.jpg\" srcset=\"https:\/\/www.ibn-rushd-goethe-moschee.de\/wp-content\/uploads\/2021\/01\/KakaoTalk_20210112_162439430-497x1024.jpg 497w, https:\/\/www.ibn-rushd-goethe-moschee.de\/wp-content\/uploads\/2021\/01\/KakaoTalk_20210112_162439430-146x300.jpg 146w, https:\/\/www.ibn-rushd-goethe-moschee.de\/wp-content\/uploads\/2021\/01\/KakaoTalk_20210112_162439430-768x1581.jpg 768w, https:\/\/www.ibn-rushd-goethe-moschee.de\/wp-content\/uploads\/2021\/01\/KakaoTalk_20210112_162439430-746x1536.jpg 746w, https:\/\/www.ibn-rushd-goethe-moschee.de\/wp-content\/uploads\/2021\/01\/KakaoTalk_20210112_162439430.jpg 777w\" sizes=\"(max-width: 497px) 100vw, 497px\" \/><\/figure><\/li><li class=\"wp-block-jetpack-slideshow_slide swiper-slide\"><figure><img loading=\"lazy\" decoding=\"async\" width=\"497\" height=\"1024\" alt=\"\" class=\"wp-block-jetpack-slideshow_image wp-image-8738\" data-id=\"8738\" src=\"https:\/\/www.ibn-rushd-goethe-moschee.de\/wp-content\/uploads\/2021\/01\/KakaoTalk_20210112_162335980-497x1024.jpg\"\/><\/figure><\/li><\/ul><a class=\"wp-block-jetpack-slideshow_button-prev swiper-button-prev swiper-button-white\" role=\"button\"><\/a><a class=\"wp-block-jetpack-slideshow_button-next swiper-button-next swiper-button-white\" role=\"button\"><\/a><a aria-label=\"Pause Slideshow\" class=\"wp-block-jetpack-slideshow_button-pause\" role=\"button\"><\/a><div class=\"wp-block-jetpack-slideshow_pagination swiper-pagination swiper-pagination-white\"><\/div><\/div><\/div>\n","protected":false},"excerpt":{"rendered":"<p>&#8230;und die Schr\u00e4nke und W\u00e4nde sind jetzt wieder wei\u00df! Vielen Dank an die flei\u00dfigen Handwerker!<\/p>\n","protected":false},"author":4,"featured_media":0,"parent":0,"menu_order":0,"comment_status":"closed","ping_status":"closed","template":"","meta":{"_coblocks_attr":"","_coblocks_dimensions":"","_coblocks_responsive_height":"","_coblocks_accordion_ie_support":"","site-sidebar-layout":"default","site-content-layout":"default","ast-site-content-layout":"default","site-content-style":"default","site-sidebar-style":"default","ast-global-header-display":"","ast-banner-title-visibility":"","ast-main-header-display":"","ast-hfb-above-header-display":"","ast-hfb-below-header-display":"","ast-hfb-mobile-header-display":"","site-post-title":"","ast-breadcrumbs-content":"","ast-featured-img":"","footer-sml-layout":"","ast-disable-related-posts":"","theme-transparent-header-meta":"default","adv-header-id-meta":"","stick-header-meta":"","header-above-stick-meta":"","header-main-stick-meta":"","header-below-stick-meta":"","astra-migrate-meta-layouts":"default","ast-page-background-enabled":"default","ast-page-background-meta":{"desktop":{"background-color":"","background-image":"","background-repeat":"repeat","background-position":"center center","background-size":"auto","background-attachment":"scroll","background-type":"","background-media":"","overlay-type":"","overlay-color":"","overlay-opacity":"","overlay-gradient":""},"tablet":{"background-color":"","background-image":"","background-repeat":"repeat","background-position":"center center","background-size":"auto","background-attachment":"scroll","background-type":"","background-media":"","overlay-type":"","overlay-color":"","overlay-opacity":"","overlay-gradient":""},"mobile":{"background-color":"","background-image":"","background-repeat":"repeat","background-position":"center center","background-size":"auto","background-attachment":"scroll","background-type":"","background-media":"","overlay-type":"","overlay-color":"","overlay-opacity":"","overlay-gradient":""}},"ast-content-background-meta":{"desktop":{"background-color":"var(--ast-global-color-5)","background-image":"","background-repeat":"repeat","background-position":"center center","background-size":"auto","background-attachment":"scroll","background-type":"","background-media":"","overlay-type":"","overlay-color":"","overlay-opacity":"","overlay-gradient":""},"tablet":{"background-color":"var(--ast-global-color-5)","background-image":"","background-repeat":"repeat","background-position":"center center","background-size":"auto","background-attachment":"scroll","background-type":"","background-media":"","overlay-type":"","overlay-color":"","overlay-opacity":"","overlay-gradient":""},"mobile":{"background-color":"var(--ast-global-color-5)","background-image":"","background-repeat":"repeat","background-position":"center center","background-size":"auto","background-attachment":"scroll","background-type":"","background-media":"","overlay-type":"","overlay-color":"","overlay-opacity":"","overlay-gradient":""}},"ngg_post_thumbnail":0,"jetpack_post_was_ever_published":false,"_mc_calendar":[],"footnotes":""},"class_list":["post-8245","page","type-page","status-publish","hentry"],"translation":{"provider":"WPGlobus","version":"3.0.2","language":"id","enabled_languages":["de","en","ar","zh","id"],"languages":{"de":{"title":true,"content":true,"excerpt":false},"en":{"title":false,"content":false,"excerpt":false},"ar":{"title":false,"content":false,"excerpt":false},"zh":{"title":false,"content":false,"excerpt":false},"id":{"title":false,"content":false,"excerpt":false}}},"jetpack_sharing_enabled":true,"jetpack_shortlink":"https:\/\/wp.me\/P8MR6N-28Z","_links":{"self":[{"href":"https:\/\/www.ibn-rushd-goethe-moschee.de\/id\/wp-json\/wp\/v2\/pages\/8245","targetHints":{"allow":["GET"]}}],"collection":[{"href":"https:\/\/www.ibn-rushd-goethe-moschee.de\/id\/wp-json\/wp\/v2\/pages"}],"about":[{"href":"https:\/\/www.ibn-rushd-goethe-moschee.de\/id\/wp-json\/wp\/v2\/types\/page"}],"author":[{"embeddable":true,"href":"https:\/\/www.ibn-rushd-goethe-moschee.de\/id\/wp-json\/wp\/v2\/users\/4"}],"replies":[{"embeddable":true,"href":"https:\/\/www.ibn-rushd-goethe-moschee.de\/id\/wp-json\/wp\/v2\/comments?post=8245"}],"version-history":[{"count":3,"href":"https:\/\/www.ibn-rushd-goethe-moschee.de\/id\/wp-json\/wp\/v2\/pages\/8245\/revisions"}],"predecessor-version":[{"id":8746,"href":"https:\/\/www.ibn-rushd-goethe-moschee.de\/id\/wp-json\/wp\/v2\/pages\/8245\/revisions\/8746"}],"wp:attachment":[{"href":"https:\/\/www.ibn-rushd-goethe-moschee.de\/id\/wp-json\/wp\/v2\/media?parent=8245"}],"curies":[{"name":"wp","href":"https:\/\/api.w.org\/{rel}","templated":true}]}}