{"id":7514,"date":"2020-09-28T09:25:05","date_gmt":"2020-09-28T07:25:05","guid":{"rendered":"https:\/\/www.ibn-rushd-goethe-moschee.de\/?page_id=7514"},"modified":"2026-04-20T21:43:05","modified_gmt":"2026-04-20T19:43:05","slug":"austausch","status":"publish","type":"page","link":"https:\/\/www.ibn-rushd-goethe-moschee.de\/id\/a-i-d-mainpage\/austausch\/","title":{"rendered":"Kontakt- und Austausch zum Thema LGBTIQ* und Islam"},"content":{"rendered":"\n<br><\/br>\n\n\n\n<p>A.I.D. schafft eine Plattform, die Raum f\u00fcr Austausch, Diskussion und Dialog in verschiedenen Formaten und an ein breit aufgestelltes Publikum gerichtet, erm\u00f6glicht. Wir schaffen ein Netzwerk mit relevanten Akteur*innen der LGBTIQ*-Szene und erstellen Konzepte f\u00fcr Dialog- und Austauschformate, welche dem breiten Feld an Personen, Organisationen und Institutionen gerecht werden und somit neue Erkenntnisse und Wege an dem Schnittpunkt Islam und Diversit\u00e4t erm\u00f6glichen. Des Weiteren werden auch Workshops und Weiterbildungsm\u00f6glichkeiten zu unserem Programm geh\u00f6ren.<\/p>\n\n\n\n<p id=\"anchor4\">Es gibt keine Tabu-Themen! Religion und Diversit\u00e4t lassen sich gemeinsam denken und wir werden aufzeigen, dass es m\u00f6glich ist, sich fachlich-theologisch mit Fragen sexueller Vielfalt auseinanderzusetzen und wie fruchtbar dieser Dialog ist und sein kann.<\/p>\n\n\n\n<br><\/br>\n\n\n\n<p><\/p>\n","protected":false},"excerpt":{"rendered":"<p>A.I.D. schafft eine Plattform, die Raum f\u00fcr Austausch, Diskussion und Dialog in verschiedenen Formaten und an ein breit aufgestelltes Publikum gerichtet, erm\u00f6glicht. Wir schaffen ein Netzwerk mit relevanten Akteur*innen der LGBTIQ*-Szene und erstellen Konzepte f\u00fcr Dialog- und Austauschformate, welche dem breiten Feld an Personen, Organisationen und Institutionen gerecht werden und somit neue Erkenntnisse und Wege [&hellip;]<\/p>\n","protected":false},"author":4,"featured_media":0,"parent":7484,"menu_order":0,"comment_status":"closed","ping_status":"closed","template":"","meta":{"_coblocks_attr":"","_coblocks_dimensions":"","_coblocks_responsive_height":"","_coblocks_accordion_ie_support":"","site-sidebar-layout":"right-sidebar","site-content-layout":"default","ast-site-content-layout":"default","site-content-style":"default","site-sidebar-style":"default","ast-global-header-display":"","ast-banner-title-visibility":"","ast-main-header-display":"","ast-hfb-above-header-display":"","ast-hfb-below-header-display":"","ast-hfb-mobile-header-display":"","site-post-title":"","ast-breadcrumbs-content":"","ast-featured-img":"","footer-sml-layout":"","ast-disable-related-posts":"","theme-transparent-header-meta":"default","adv-header-id-meta":"","stick-header-meta":"","header-above-stick-meta":"","header-main-stick-meta":"","header-below-stick-meta":"","astra-migrate-meta-layouts":"default","ast-page-background-enabled":"default","ast-page-background-meta":{"desktop":{"background-color":"","background-image":"","background-repeat":"repeat","background-position":"center center","background-size":"auto","background-attachment":"scroll","background-type":"","background-media":"","overlay-type":"","overlay-color":"","overlay-opacity":"","overlay-gradient":""},"tablet":{"background-color":"","background-image":"","background-repeat":"repeat","background-position":"center center","background-size":"auto","background-attachment":"scroll","background-type":"","background-media":"","overlay-type":"","overlay-color":"","overlay-opacity":"","overlay-gradient":""},"mobile":{"background-color":"","background-image":"","background-repeat":"repeat","background-position":"center center","background-size":"auto","background-attachment":"scroll","background-type":"","background-media":"","overlay-type":"","overlay-color":"","overlay-opacity":"","overlay-gradient":""}},"ast-content-background-meta":{"desktop":{"background-color":"var(--ast-global-color-5)","background-image":"","background-repeat":"repeat","background-position":"center center","background-size":"auto","background-attachment":"scroll","background-type":"","background-media":"","overlay-type":"","overlay-color":"","overlay-opacity":"","overlay-gradient":""},"tablet":{"background-color":"var(--ast-global-color-5)","background-image":"","background-repeat":"repeat","background-position":"center center","background-size":"auto","background-attachment":"scroll","background-type":"","background-media":"","overlay-type":"","overlay-color":"","overlay-opacity":"","overlay-gradient":""},"mobile":{"background-color":"var(--ast-global-color-5)","background-image":"","background-repeat":"repeat","background-position":"center center","background-size":"auto","background-attachment":"scroll","background-type":"","background-media":"","overlay-type":"","overlay-color":"","overlay-opacity":"","overlay-gradient":""}},"ngg_post_thumbnail":0,"jetpack_post_was_ever_published":false,"_mc_calendar":[],"footnotes":""},"class_list":["post-7514","page","type-page","status-publish","hentry"],"translation":{"provider":"WPGlobus","version":"3.0.2","language":"id","enabled_languages":["de","en","ar","zh","id"],"languages":{"de":{"title":true,"content":true,"excerpt":false},"en":{"title":false,"content":false,"excerpt":false},"ar":{"title":false,"content":false,"excerpt":false},"zh":{"title":false,"content":false,"excerpt":false},"id":{"title":false,"content":false,"excerpt":false}}},"jetpack_sharing_enabled":true,"jetpack_shortlink":"https:\/\/wp.me\/P8MR6N-1Xc","_links":{"self":[{"href":"https:\/\/www.ibn-rushd-goethe-moschee.de\/id\/wp-json\/wp\/v2\/pages\/7514","targetHints":{"allow":["GET"]}}],"collection":[{"href":"https:\/\/www.ibn-rushd-goethe-moschee.de\/id\/wp-json\/wp\/v2\/pages"}],"about":[{"href":"https:\/\/www.ibn-rushd-goethe-moschee.de\/id\/wp-json\/wp\/v2\/types\/page"}],"author":[{"embeddable":true,"href":"https:\/\/www.ibn-rushd-goethe-moschee.de\/id\/wp-json\/wp\/v2\/users\/4"}],"replies":[{"embeddable":true,"href":"https:\/\/www.ibn-rushd-goethe-moschee.de\/id\/wp-json\/wp\/v2\/comments?post=7514"}],"version-history":[{"count":31,"href":"https:\/\/www.ibn-rushd-goethe-moschee.de\/id\/wp-json\/wp\/v2\/pages\/7514\/revisions"}],"predecessor-version":[{"id":9342,"href":"https:\/\/www.ibn-rushd-goethe-moschee.de\/id\/wp-json\/wp\/v2\/pages\/7514\/revisions\/9342"}],"up":[{"embeddable":true,"href":"https:\/\/www.ibn-rushd-goethe-moschee.de\/id\/wp-json\/wp\/v2\/pages\/7484"}],"wp:attachment":[{"href":"https:\/\/www.ibn-rushd-goethe-moschee.de\/id\/wp-json\/wp\/v2\/media?parent=7514"}],"curies":[{"name":"wp","href":"https:\/\/api.w.org\/{rel}","templated":true}]}}