{"id":4902,"date":"2019-11-19T17:28:16","date_gmt":"2019-11-19T16:28:16","guid":{"rendered":"https:\/\/www.ibn-rushd-goethe-moschee.de\/?page_id=4902"},"modified":"2026-04-20T21:43:55","modified_gmt":"2026-04-20T19:43:55","slug":"literatur","status":"publish","type":"page","link":"https:\/\/www.ibn-rushd-goethe-moschee.de\/id\/literatur\/","title":{"rendered":"Literatur"},"content":{"rendered":"\n<div style=\"height:34px\" aria-hidden=\"true\" class=\"wp-block-spacer\"><\/div>\n\n\n\n<div class=\"wp-block-columns is-layout-flex wp-container-core-columns-is-layout-28f84493 wp-block-columns-is-layout-flex\">\n<div class=\"wp-block-column is-layout-flow wp-block-column-is-layout-flow\">\n<figure class=\"wp-block-image size-large\"><img loading=\"lazy\" decoding=\"async\" width=\"711\" height=\"1024\" src=\"https:\/\/www.ibn-rushd-goethe-moschee.de\/wp-content\/uploads\/2019\/11\/IMG_1363-2-711x1024.jpg\" alt=\"\" class=\"wp-image-4914\" srcset=\"https:\/\/www.ibn-rushd-goethe-moschee.de\/wp-content\/uploads\/2019\/11\/IMG_1363-2-711x1024.jpg 711w, https:\/\/www.ibn-rushd-goethe-moschee.de\/wp-content\/uploads\/2019\/11\/IMG_1363-2-208x300.jpg 208w, https:\/\/www.ibn-rushd-goethe-moschee.de\/wp-content\/uploads\/2019\/11\/IMG_1363-2-768x1106.jpg 768w, https:\/\/www.ibn-rushd-goethe-moschee.de\/wp-content\/uploads\/2019\/11\/IMG_1363-2-1067x1536.jpg 1067w, https:\/\/www.ibn-rushd-goethe-moschee.de\/wp-content\/uploads\/2019\/11\/IMG_1363-2-1422x2048.jpg 1422w, https:\/\/www.ibn-rushd-goethe-moschee.de\/wp-content\/uploads\/2019\/11\/IMG_1363-2-scaled.jpg 1778w\" sizes=\"auto, (max-width: 711px) 100vw, 711px\" \/><\/figure>\n<\/div>\n\n\n\n<div class=\"wp-block-column is-layout-flow wp-block-column-is-layout-flow\">\n<h3 class=\"wp-block-heading\">Die Frauen von Medina<\/h3>\n\n\n\n<h4 class=\"wp-block-heading\">Imaminnen, Gelehrte und Kriegerinnen<\/h4>\n\n\n\n<p>Jesper Petersen<\/p>\n\n\n\n<p>Dieses Buch ist eine hervorragende Diskussionsgrundlage f\u00fcr einen zeitgem\u00e4\u00dfen und geschlechtergerechten Islam. Jesper Petersen liefert mit diesem Buch keine fertige Interpretation der Frauenrollen des Islams zur Zeit des Propheten, die man dann nur noch auf heute zu \u00fcbertragen br\u00e4uchte. Er gibt einen guten \u00dcberblick \u00fcber die verschiedenen Rollen, die Frauen gem\u00e4\u00df der \u00dcberlieferungen eingenommen haben und liefert eine gute historische Einordnung dieser \u00dcberlieferungen. Jesper Petersen deckt f\u00fcr uns alte Quellen auf, ohne irgendwas zu besch\u00f6nigen oder zu vertuschen. Er zeigt was war. Und er \u00fcberl\u00e4sst die Interpretation des Geschriebenen seinen Leserinnen und Lesern.<\/p>\n\n\n\n<p>Ibn Rushd &#8211; Goethe Verlag<br><strong>ISBN: 978-3-00-059255-3<\/strong><br>Taschenbuch &#8211; 60 Seiten<br><br>Bestellungen unter: <a href=\"mailto:buchservice@irg-moschee.de\">buchservice@irg-moschee.de<\/a><\/p>\n<\/div>\n<\/div>\n","protected":false},"excerpt":{"rendered":"<p>Die Frauen von Medina Imaminnen, Gelehrte und Kriegerinnen Jesper Petersen Dieses Buch ist eine hervorragende Diskussionsgrundlage f\u00fcr einen zeitgem\u00e4\u00dfen und geschlechtergerechten Islam. Jesper Petersen liefert mit diesem Buch keine fertige Interpretation der Frauenrollen des Islams zur Zeit des Propheten, die man dann nur noch auf heute zu \u00fcbertragen br\u00e4uchte. Er gibt einen guten \u00dcberblick \u00fcber [&hellip;]<\/p>\n","protected":false},"author":4,"featured_media":0,"parent":0,"menu_order":0,"comment_status":"closed","ping_status":"closed","template":"","meta":{"_coblocks_attr":"","_coblocks_dimensions":"","_coblocks_responsive_height":"","_coblocks_accordion_ie_support":"","site-sidebar-layout":"default","site-content-layout":"default","ast-site-content-layout":"default","site-content-style":"default","site-sidebar-style":"default","ast-global-header-display":"","ast-banner-title-visibility":"","ast-main-header-display":"","ast-hfb-above-header-display":"","ast-hfb-below-header-display":"","ast-hfb-mobile-header-display":"","site-post-title":"","ast-breadcrumbs-content":"","ast-featured-img":"","footer-sml-layout":"","ast-disable-related-posts":"","theme-transparent-header-meta":"default","adv-header-id-meta":"","stick-header-meta":"","header-above-stick-meta":"","header-main-stick-meta":"","header-below-stick-meta":"","astra-migrate-meta-layouts":"default","ast-page-background-enabled":"default","ast-page-background-meta":{"desktop":{"background-color":"","background-image":"","background-repeat":"repeat","background-position":"center center","background-size":"auto","background-attachment":"scroll","background-type":"","background-media":"","overlay-type":"","overlay-color":"","overlay-opacity":"","overlay-gradient":""},"tablet":{"background-color":"","background-image":"","background-repeat":"repeat","background-position":"center center","background-size":"auto","background-attachment":"scroll","background-type":"","background-media":"","overlay-type":"","overlay-color":"","overlay-opacity":"","overlay-gradient":""},"mobile":{"background-color":"","background-image":"","background-repeat":"repeat","background-position":"center center","background-size":"auto","background-attachment":"scroll","background-type":"","background-media":"","overlay-type":"","overlay-color":"","overlay-opacity":"","overlay-gradient":""}},"ast-content-background-meta":{"desktop":{"background-color":"var(--ast-global-color-5)","background-image":"","background-repeat":"repeat","background-position":"center center","background-size":"auto","background-attachment":"scroll","background-type":"","background-media":"","overlay-type":"","overlay-color":"","overlay-opacity":"","overlay-gradient":""},"tablet":{"background-color":"var(--ast-global-color-5)","background-image":"","background-repeat":"repeat","background-position":"center center","background-size":"auto","background-attachment":"scroll","background-type":"","background-media":"","overlay-type":"","overlay-color":"","overlay-opacity":"","overlay-gradient":""},"mobile":{"background-color":"var(--ast-global-color-5)","background-image":"","background-repeat":"repeat","background-position":"center center","background-size":"auto","background-attachment":"scroll","background-type":"","background-media":"","overlay-type":"","overlay-color":"","overlay-opacity":"","overlay-gradient":""}},"ngg_post_thumbnail":0,"jetpack_post_was_ever_published":false,"_mc_calendar":[],"footnotes":""},"class_list":["post-4902","page","type-page","status-publish","hentry"],"translation":{"provider":"WPGlobus","version":"3.0.2","language":"id","enabled_languages":["de","en","ar","zh","id"],"languages":{"de":{"title":true,"content":true,"excerpt":false},"en":{"title":false,"content":false,"excerpt":false},"ar":{"title":false,"content":false,"excerpt":false},"zh":{"title":false,"content":false,"excerpt":false},"id":{"title":false,"content":false,"excerpt":false}}},"jetpack_sharing_enabled":true,"jetpack_shortlink":"https:\/\/wp.me\/P8MR6N-1h4","_links":{"self":[{"href":"https:\/\/www.ibn-rushd-goethe-moschee.de\/id\/wp-json\/wp\/v2\/pages\/4902","targetHints":{"allow":["GET"]}}],"collection":[{"href":"https:\/\/www.ibn-rushd-goethe-moschee.de\/id\/wp-json\/wp\/v2\/pages"}],"about":[{"href":"https:\/\/www.ibn-rushd-goethe-moschee.de\/id\/wp-json\/wp\/v2\/types\/page"}],"author":[{"embeddable":true,"href":"https:\/\/www.ibn-rushd-goethe-moschee.de\/id\/wp-json\/wp\/v2\/users\/4"}],"replies":[{"embeddable":true,"href":"https:\/\/www.ibn-rushd-goethe-moschee.de\/id\/wp-json\/wp\/v2\/comments?post=4902"}],"version-history":[{"count":9,"href":"https:\/\/www.ibn-rushd-goethe-moschee.de\/id\/wp-json\/wp\/v2\/pages\/4902\/revisions"}],"predecessor-version":[{"id":4915,"href":"https:\/\/www.ibn-rushd-goethe-moschee.de\/id\/wp-json\/wp\/v2\/pages\/4902\/revisions\/4915"}],"wp:attachment":[{"href":"https:\/\/www.ibn-rushd-goethe-moschee.de\/id\/wp-json\/wp\/v2\/media?parent=4902"}],"curies":[{"name":"wp","href":"https:\/\/api.w.org\/{rel}","templated":true}]}}