{"id":254,"date":"2018-08-29T16:11:10","date_gmt":"2018-08-29T14:11:10","guid":{"rendered":"http:\/\/test.ibn-rushd-goethe-moschee.de\/?page_id=254"},"modified":"2023-06-22T18:18:26","modified_gmt":"2023-06-22T16:18:26","slug":"kontakt","status":"publish","type":"page","link":"https:\/\/www.ibn-rushd-goethe-moschee.de\/id\/kontakt\/","title":{"rendered":"Kontakt"},"content":{"rendered":"\n<div style=\"height:37px\" aria-hidden=\"true\" class=\"wp-block-spacer\"><\/div>\n\n\n\n<h5 class=\"wp-block-heading\"><em>Allgemeine Anfragen<\/em><br>Email: <a href=\"mailto:post@irg-moschee.de\">post@irg-moschee.de<\/a><br>Gemeindeb\u00fcro: 030\/ 47065245<\/h5>\n\n\n\n<h5 class=\"wp-block-heading\"><em>Besuchsanfragen<\/em><br><a href=\"mailto:gemeinde@irg-moschee.de\">gemeinde@irg-moschee.de<\/a><\/h5>\n\n\n\n<h5 class=\"wp-block-heading\"><em>Pressekontakt (Media Contact)<\/em><br><a href=\"mailto:post@irg-moschee.de\">post@irg-moschee.de<\/a><\/h5>\n\n\n\n<p>Aus Sicherheitsgr\u00fcnden k\u00f6nnen wir Anrufe mit unterdr\u00fcckter Nummer leider nicht annehmen.<\/p>\n\n\n\n<p>Wir sind sehr bem\u00fcht, das gro\u00dfe Interesse bestm\u00f6glich zu organisieren, m\u00f6chten aber darauf hinweisen, dass wir haupts\u00e4chlich ehrenamtlich arbeiten.<\/p>\n","protected":false},"excerpt":{"rendered":"<p>Allgemeine AnfragenEmail: post@irg-moschee.deGemeindeb\u00fcro: 030\/ 47065245 Besuchsanfragengemeinde@irg-moschee.de Pressekontakt (Media Contact)post@irg-moschee.de Aus Sicherheitsgr\u00fcnden k\u00f6nnen wir Anrufe mit unterdr\u00fcckter Nummer leider nicht annehmen. Wir sind sehr bem\u00fcht, das gro\u00dfe Interesse bestm\u00f6glich zu organisieren, m\u00f6chten aber darauf hinweisen, dass wir haupts\u00e4chlich ehrenamtlich arbeiten.<\/p>\n","protected":false},"author":1,"featured_media":0,"parent":0,"menu_order":0,"comment_status":"closed","ping_status":"closed","template":"","meta":{"_coblocks_attr":"","_coblocks_dimensions":"","_coblocks_responsive_height":"","_coblocks_accordion_ie_support":"","site-sidebar-layout":"default","site-content-layout":"default","ast-site-content-layout":"default","site-content-style":"default","site-sidebar-style":"default","ast-global-header-display":"","ast-banner-title-visibility":"","ast-main-header-display":"","ast-hfb-above-header-display":"","ast-hfb-below-header-display":"","ast-hfb-mobile-header-display":"","site-post-title":"","ast-breadcrumbs-content":"","ast-featured-img":"","footer-sml-layout":"","ast-disable-related-posts":"","theme-transparent-header-meta":"default","adv-header-id-meta":"","stick-header-meta":"","header-above-stick-meta":"","header-main-stick-meta":"","header-below-stick-meta":"","astra-migrate-meta-layouts":"default","ast-page-background-enabled":"default","ast-page-background-meta":{"desktop":{"background-color":"","background-image":"","background-repeat":"repeat","background-position":"center center","background-size":"auto","background-attachment":"scroll","background-type":"","background-media":"","overlay-type":"","overlay-color":"","overlay-opacity":"","overlay-gradient":""},"tablet":{"background-color":"","background-image":"","background-repeat":"repeat","background-position":"center center","background-size":"auto","background-attachment":"scroll","background-type":"","background-media":"","overlay-type":"","overlay-color":"","overlay-opacity":"","overlay-gradient":""},"mobile":{"background-color":"","background-image":"","background-repeat":"repeat","background-position":"center center","background-size":"auto","background-attachment":"scroll","background-type":"","background-media":"","overlay-type":"","overlay-color":"","overlay-opacity":"","overlay-gradient":""}},"ast-content-background-meta":{"desktop":{"background-color":"var(--ast-global-color-5)","background-image":"","background-repeat":"repeat","background-position":"center center","background-size":"auto","background-attachment":"scroll","background-type":"","background-media":"","overlay-type":"","overlay-color":"","overlay-opacity":"","overlay-gradient":""},"tablet":{"background-color":"var(--ast-global-color-5)","background-image":"","background-repeat":"repeat","background-position":"center center","background-size":"auto","background-attachment":"scroll","background-type":"","background-media":"","overlay-type":"","overlay-color":"","overlay-opacity":"","overlay-gradient":""},"mobile":{"background-color":"var(--ast-global-color-5)","background-image":"","background-repeat":"repeat","background-position":"center center","background-size":"auto","background-attachment":"scroll","background-type":"","background-media":"","overlay-type":"","overlay-color":"","overlay-opacity":"","overlay-gradient":""}},"ngg_post_thumbnail":0,"jetpack_post_was_ever_published":false,"_mc_calendar":[],"footnotes":""},"class_list":["post-254","page","type-page","status-publish","hentry"],"translation":{"provider":"WPGlobus","version":"3.0.2","language":"id","enabled_languages":["de","en","ar","zh","id"],"languages":{"de":{"title":true,"content":true,"excerpt":false},"en":{"title":true,"content":true,"excerpt":false},"ar":{"title":false,"content":false,"excerpt":false},"zh":{"title":true,"content":true,"excerpt":false},"id":{"title":false,"content":false,"excerpt":false}}},"jetpack_sharing_enabled":true,"jetpack_shortlink":"https:\/\/wp.me\/P8MR6N-46","_links":{"self":[{"href":"https:\/\/www.ibn-rushd-goethe-moschee.de\/id\/wp-json\/wp\/v2\/pages\/254","targetHints":{"allow":["GET"]}}],"collection":[{"href":"https:\/\/www.ibn-rushd-goethe-moschee.de\/id\/wp-json\/wp\/v2\/pages"}],"about":[{"href":"https:\/\/www.ibn-rushd-goethe-moschee.de\/id\/wp-json\/wp\/v2\/types\/page"}],"author":[{"embeddable":true,"href":"https:\/\/www.ibn-rushd-goethe-moschee.de\/id\/wp-json\/wp\/v2\/users\/1"}],"replies":[{"embeddable":true,"href":"https:\/\/www.ibn-rushd-goethe-moschee.de\/id\/wp-json\/wp\/v2\/comments?post=254"}],"version-history":[{"count":37,"href":"https:\/\/www.ibn-rushd-goethe-moschee.de\/id\/wp-json\/wp\/v2\/pages\/254\/revisions"}],"predecessor-version":[{"id":10536,"href":"https:\/\/www.ibn-rushd-goethe-moschee.de\/id\/wp-json\/wp\/v2\/pages\/254\/revisions\/10536"}],"wp:attachment":[{"href":"https:\/\/www.ibn-rushd-goethe-moschee.de\/id\/wp-json\/wp\/v2\/media?parent=254"}],"curies":[{"name":"wp","href":"https:\/\/api.w.org\/{rel}","templated":true}]}}