{"id":139,"date":"2018-08-22T22:49:36","date_gmt":"2018-08-22T20:49:36","guid":{"rendered":"http:\/\/test.ibn-rushd-goethe-moschee.de\/?page_id=139"},"modified":"2026-04-20T21:44:45","modified_gmt":"2026-04-20T19:44:45","slug":"gesellschafterinnen","status":"publish","type":"page","link":"https:\/\/www.ibn-rushd-goethe-moschee.de\/id\/die-moschee\/gesellschafterinnen\/","title":{"rendered":"Gesellschafterinnen"},"content":{"rendered":"<div class=\"tmm tmm_gesellschafter\"><div class=\"tmm_3_columns tmm_wrap tmm_theme_f\"><span class=\"tmm_two_containers_tablet\"><\/span><div class=\"tmm_container\"><div class=\"tmm_member\" style=\"border-top:#1f3984 solid 5px;\"><div class=\"tmm_photo tmm_pic_gesellschafter_0\" style=\"background: url(http:\/\/www.ibn-rushd-goethe-moschee.de\/wp-content\/uploads\/2018\/10\/Ates_nocredit.jpg); margin-left: auto; margin-right:auto; background-size:cover !important;\"><\/div><div class=\"tmm_textblock\"><div class=\"tmm_names\"><span class=\"tmm_fname\">Seyran<\/span> <span class=\"tmm_lname\"> Ate\u015f<\/span><\/div><div class=\"tmm_desc\" style=\"text-align:center\"><h4 style=\"text-align: center\">Gesellschafterin<\/h4><p style=\"text-align: center\">Seyran Ate\u015f ist Autorin und arbeitet als Rechtsanw\u00e4ltin mit eigener Kanzlei. Ihr wurden zahlreiche Auszeichnungen verliehen, darunter das Bundesverdienstkreuz 1.Klasse, das Bundesverdienstkreuz am Bande und der Verdienstorden der Stadt Berlin.<\/p><\/div><div class=\"tmm_scblock\"><\/div><\/div><\/div><div class=\"tmm_member\" style=\"border-top:#1f3984 solid 5px;\"><div class=\"tmm_photo tmm_pic_gesellschafter_1\" style=\"background: url(http:\/\/www.ibn-rushd-goethe-moschee.de\/wp-content\/uploads\/2019\/01\/Screenshot_2019-01-10-Freigegebene-Pressebilder-\u2013-Google-Drive1.png); margin-left: auto; margin-right:auto; background-size:cover !important;\"><\/div><div class=\"tmm_textblock\"><div class=\"tmm_names\"><span class=\"tmm_fname\">Sa\u00efda <\/span> <span class=\"tmm_lname\">Keller-Messahli<\/span><\/div><div class=\"tmm_desc\" style=\"text-align:center\"><h4 style=\"text-align: center\">Gesellschafterin<\/h4><p style=\"text-align: center\">Sa\u00efda Keller-Messahli ist eine tunesisch-schweizerische Romanistin und islamische Menschenrechtsaktivistin. Sie ist Gr\u00fcnderin und Pr\u00e4sidentin des Forums f\u00fcr einen fortschrittlichen Islam.<\/p><\/div><div class=\"tmm_scblock\"><\/div><\/div><\/div><div style=\"clear:both;\"><\/div><\/div><\/div><\/div>\n","protected":false},"excerpt":{"rendered":"","protected":false},"author":4,"featured_media":0,"parent":767,"menu_order":0,"comment_status":"closed","ping_status":"closed","template":"","meta":{"_coblocks_attr":"","_coblocks_dimensions":"","_coblocks_responsive_height":"","_coblocks_accordion_ie_support":"","site-sidebar-layout":"default","site-content-layout":"default","ast-site-content-layout":"default","site-content-style":"default","site-sidebar-style":"default","ast-global-header-display":"","ast-banner-title-visibility":"","ast-main-header-display":"","ast-hfb-above-header-display":"","ast-hfb-below-header-display":"","ast-hfb-mobile-header-display":"","site-post-title":"","ast-breadcrumbs-content":"","ast-featured-img":"","footer-sml-layout":"","ast-disable-related-posts":"","theme-transparent-header-meta":"default","adv-header-id-meta":"","stick-header-meta":"","header-above-stick-meta":"","header-main-stick-meta":"","header-below-stick-meta":"","astra-migrate-meta-layouts":"default","ast-page-background-enabled":"default","ast-page-background-meta":{"desktop":{"background-color":"","background-image":"","background-repeat":"repeat","background-position":"center center","background-size":"auto","background-attachment":"scroll","background-type":"","background-media":"","overlay-type":"","overlay-color":"","overlay-opacity":"","overlay-gradient":""},"tablet":{"background-color":"","background-image":"","background-repeat":"repeat","background-position":"center center","background-size":"auto","background-attachment":"scroll","background-type":"","background-media":"","overlay-type":"","overlay-color":"","overlay-opacity":"","overlay-gradient":""},"mobile":{"background-color":"","background-image":"","background-repeat":"repeat","background-position":"center center","background-size":"auto","background-attachment":"scroll","background-type":"","background-media":"","overlay-type":"","overlay-color":"","overlay-opacity":"","overlay-gradient":""}},"ast-content-background-meta":{"desktop":{"background-color":"var(--ast-global-color-5)","background-image":"","background-repeat":"repeat","background-position":"center center","background-size":"auto","background-attachment":"scroll","background-type":"","background-media":"","overlay-type":"","overlay-color":"","overlay-opacity":"","overlay-gradient":""},"tablet":{"background-color":"var(--ast-global-color-5)","background-image":"","background-repeat":"repeat","background-position":"center center","background-size":"auto","background-attachment":"scroll","background-type":"","background-media":"","overlay-type":"","overlay-color":"","overlay-opacity":"","overlay-gradient":""},"mobile":{"background-color":"var(--ast-global-color-5)","background-image":"","background-repeat":"repeat","background-position":"center center","background-size":"auto","background-attachment":"scroll","background-type":"","background-media":"","overlay-type":"","overlay-color":"","overlay-opacity":"","overlay-gradient":""}},"ngg_post_thumbnail":0,"_mc_calendar":[],"footnotes":""},"class_list":["post-139","page","type-page","status-publish","hentry"],"translation":{"provider":"WPGlobus","version":"3.0.2","language":"id","enabled_languages":["de","en","ar","zh","id"],"languages":{"de":{"title":true,"content":true,"excerpt":false},"en":{"title":true,"content":true,"excerpt":false},"ar":{"title":true,"content":true,"excerpt":false},"zh":{"title":false,"content":false,"excerpt":false},"id":{"title":false,"content":false,"excerpt":false}}},"jetpack_sharing_enabled":true,"jetpack_shortlink":"https:\/\/wp.me\/P8MR6N-2f","_links":{"self":[{"href":"https:\/\/www.ibn-rushd-goethe-moschee.de\/id\/wp-json\/wp\/v2\/pages\/139","targetHints":{"allow":["GET"]}}],"collection":[{"href":"https:\/\/www.ibn-rushd-goethe-moschee.de\/id\/wp-json\/wp\/v2\/pages"}],"about":[{"href":"https:\/\/www.ibn-rushd-goethe-moschee.de\/id\/wp-json\/wp\/v2\/types\/page"}],"author":[{"embeddable":true,"href":"https:\/\/www.ibn-rushd-goethe-moschee.de\/id\/wp-json\/wp\/v2\/users\/4"}],"replies":[{"embeddable":true,"href":"https:\/\/www.ibn-rushd-goethe-moschee.de\/id\/wp-json\/wp\/v2\/comments?post=139"}],"version-history":[{"count":94,"href":"https:\/\/www.ibn-rushd-goethe-moschee.de\/id\/wp-json\/wp\/v2\/pages\/139\/revisions"}],"predecessor-version":[{"id":4357,"href":"https:\/\/www.ibn-rushd-goethe-moschee.de\/id\/wp-json\/wp\/v2\/pages\/139\/revisions\/4357"}],"up":[{"embeddable":true,"href":"https:\/\/www.ibn-rushd-goethe-moschee.de\/id\/wp-json\/wp\/v2\/pages\/767"}],"wp:attachment":[{"href":"https:\/\/www.ibn-rushd-goethe-moschee.de\/id\/wp-json\/wp\/v2\/media?parent=139"}],"curies":[{"name":"wp","href":"https:\/\/api.w.org\/{rel}","templated":true}]}}