{"id":10169,"date":"2022-03-04T17:06:26","date_gmt":"2022-03-04T16:06:26","guid":{"rendered":"https:\/\/www.ibn-rushd-goethe-moschee.de\/?page_id=10169"},"modified":"2026-04-20T21:44:45","modified_gmt":"2026-04-20T19:44:45","slug":"wir-sind-die-veraenderung","status":"publish","type":"page","link":"https:\/\/www.ibn-rushd-goethe-moschee.de\/id\/wir-sind-die-veraenderung\/","title":{"rendered":"Wir sind die Ver\u00e4nderung"},"content":{"rendered":"\n<h6 class=\"has-text-align-center wp-block-heading\"><strong>Anl\u00e4sslich des Internationalen Frauentages:<\/strong><br><strong>Einladung zur deutschen Filmpremiere<\/strong><br><strong>in der Ibn Rushd \u2013 Goethe Moschee<\/strong><\/h6>\n\n\n\n<h1 class=\"has-text-align-center has-large-font-size wp-block-heading\" style=\"font-style:normal;font-weight:700\"><strong>\u201eWIR SIND DIE VER\u00c4NDERUNG &#8211;<\/strong><br><strong>VON DER KRAFT DER BEGEGNUNG\u201c<\/strong><\/h1>\n\n\n\n<h6 class=\"has-text-align-center wp-block-heading\"><strong>Ein Film von Benjamin Best<\/strong><br><strong>Dienstag, 8. M\u00e4rz 2022 in der Ottostra\u00dfe 16, 10555 Berlin.<\/strong><br><strong>Zeitraum: 19:00 \u2013 21:00 Uhr<\/strong><br><strong>L\u00e4nge: 45 min (mit deutschen und franz\u00f6sischen Untertiteln)<\/strong><\/h6>\n\n\n\n<p>Angesichts von Hass und Gewalt im Namen der Religionen trafen sich im Herbst 2021 achtGlaubensvertreterinnen aus Deutschland und Frankreich im S\u00fcdwesten Frankreichs. Die Imaminnen <strong>SeyranAte\u015f <\/strong>und <strong>Eva Janadin<\/strong>, die Katholikinnen <strong>Lisa K\u00f6tter <\/strong>und <strong>Paule Zellitch<\/strong>, die Vikarin und heutige Pfarrerin<strong>Lena M\u00fcller <\/strong>und die Pastorin <strong>Jane Stranz<\/strong>, sowie die Rabbinerinnen <strong>Ulrike Offenberg <\/strong>und <strong>Iris Ferreira<\/strong>. Sieentwickelten im gesch\u00fctzten Raum des Ortes der Begegnung Ch\u00e2teau d\u2019Orion ihre Vision eines friedlichenMiteinanders der Geschlechtergerechtigkeit in ihren Glaubensgemeinschaften.<\/p>\n\n\n\n<p>Alle haben innerhalb ihrer Religion und Konfession einen au\u00dfergew\u00f6hnlichen und schwierigen Wegeingeschlagen. Ihr Wunsch nach Reformen zielt nicht auf eine Abschaffung des Glaubens, sondern auf seineSt\u00e4rkung.&nbsp;<\/p>\n\n\n\n<p>Machtbesessene Strukturen und Wahrheitsanspr\u00fcche m\u00fcssen sich aufl\u00f6sen, das ist ihre Botschaft. WeiblicheStimmen m\u00fcssen lauter, neue Narrative gefunden werden. Sie k\u00e4mpfen f\u00fcr mehr Spiritualit\u00e4t, f\u00fcr einenGlauben der Vielfalt ohne Schranken. Als Einzelk\u00e4mpferinnen sind sie in ihren L\u00e4ndern hinl\u00e4nglich bekannt,seit ihrer Begegnung sind sie verbunden und gemeinsam auf dem Weg.&nbsp;<\/p>\n\n\n\n<p>Der preisgekr\u00f6nte Filmemacher <strong>Benjamin Best <\/strong>hat diese Begegnung begleitet. Voller Tatendrang,angefeindet, sogar bedroht, oft am Rande ihrer Kr\u00e4fte brechen diese inspirierenden Frauen mitalthergebrachten Rollenvorstellungen in ihren Religionen. Der Film erz\u00e4hlt von einem mutigen Aufbruch undder St\u00e4rke einer deutsch-franz\u00f6sischen Begegnung. Er ist ein leidenschaftlicher Blick nach vorne, der Poesieund Provokation vereint und leistet einen Beitrag zu einer brandaktuellen Diskussion innerhalb von Politik,Religion und Gesellschaft.&nbsp;<\/p>\n\n\n\n<p>M\u00f6glich wurden die Begegnung und der Film dank der F\u00f6rderung durch den <strong>Deutsch-Franz\u00f6sischenB\u00fcrgerfonds <\/strong>und mit Hilfe der Tr\u00e4gerschaft des <strong>Deutschen Koordinierungsrates der Gesellschaften f\u00fcrChristlich-J\u00fcdische Zusammenarbeit e.V. (DKR).<\/strong><\/p>\n\n\n\n<p>Anwesend sind neben der Gr\u00fcnderin der Ibn Rushd \u2013 Goethe Moschee, Seyran Ate\u015f, auch die RabbinerinUlrike Offenberg und die Pfarrerin Lena M\u00fcller. Im Anschluss an den Film gibt es die M\u00f6glichkeit, mit denProtagonistinnen in einen Austausch zu kommen. Gru\u00dfworte per Livestream: Pfarrerin Ilona Klemens,Generalsekret\u00e4rin des DKR\/ Benjamin Kurc, Leiter des deutsch-franz\u00f6sischen B\u00fcrgerfonds.<\/p>\n\n\n\n<p>F\u00fcr die Veranstaltung vor Ort bitten wir um Anmeldungen unter: <strong><a href=\"mailto:veranstaltungen@irg-moschee.de\">veranstaltungen@irg-moschee.de<\/a>.<\/strong><\/p>\n\n\n\n<p>F\u00fcr einen Livestream per Zoom k\u00f6nnen Sie sich hier anmelden:&nbsp;<\/p>\n\n\n\n<p><strong>Ein Film von Benjamin Best<\/strong><\/p>\n\n\n\n<p><strong>Dienstag, 8. M\u00e4rz 2022 in der Ottostra\u00dfe 16, 10555 Berlin.<\/strong><\/p>\n\n\n\n<p><strong>Zeitraum: 19:00 \u2013 21:00 Uhr<\/strong><\/p>\n\n\n\n<p><strong>L\u00e4nge: 45 min (mit deutschen und franz\u00f6sischen Untertiteln)<\/strong><\/p>\n\n\n\n<p><a href=\"https:\/\/us02web.zoom.us\/webinar\/register\/WN_K3TFFj36Q5ij3MBqGotJUQ\">https:\/\/us02web.zoom.us\/webinar\/register\/WN_K3TFFj36Q5ij3MBqGotJUQ<\/a><\/p>\n\n\n\n<p>Bei Fragen zum Projekt: mail@veraenderung-changement-change.com<\/p>\n\n\n\n<p>Weitere Informationen unter: www.veraenderung-changement-change.com<\/p>\n","protected":false},"excerpt":{"rendered":"<p>Anl\u00e4sslich des Internationalen Frauentages:Einladung zur deutschen Filmpremierein der Ibn Rushd \u2013 Goethe Moschee \u201eWIR SIND DIE VER\u00c4NDERUNG &#8211;VON DER KRAFT DER BEGEGNUNG\u201c Ein Film von Benjamin BestDienstag, 8. M\u00e4rz 2022 in der Ottostra\u00dfe 16, 10555 Berlin.Zeitraum: 19:00 \u2013 21:00 UhrL\u00e4nge: 45 min (mit deutschen und franz\u00f6sischen Untertiteln) Angesichts von Hass und Gewalt im Namen der [&hellip;]<\/p>\n","protected":false},"author":4,"featured_media":0,"parent":0,"menu_order":0,"comment_status":"closed","ping_status":"closed","template":"","meta":{"_coblocks_attr":"","_coblocks_dimensions":"","_coblocks_responsive_height":"","_coblocks_accordion_ie_support":"","site-sidebar-layout":"default","site-content-layout":"","ast-site-content-layout":"default","site-content-style":"default","site-sidebar-style":"default","ast-global-header-display":"","ast-banner-title-visibility":"","ast-main-header-display":"","ast-hfb-above-header-display":"","ast-hfb-below-header-display":"","ast-hfb-mobile-header-display":"","site-post-title":"","ast-breadcrumbs-content":"","ast-featured-img":"","footer-sml-layout":"","ast-disable-related-posts":"","theme-transparent-header-meta":"","adv-header-id-meta":"","stick-header-meta":"","header-above-stick-meta":"","header-main-stick-meta":"","header-below-stick-meta":"","astra-migrate-meta-layouts":"default","ast-page-background-enabled":"default","ast-page-background-meta":{"desktop":{"background-color":"","background-image":"","background-repeat":"repeat","background-position":"center center","background-size":"auto","background-attachment":"scroll","background-type":"","background-media":"","overlay-type":"","overlay-color":"","overlay-opacity":"","overlay-gradient":""},"tablet":{"background-color":"","background-image":"","background-repeat":"repeat","background-position":"center center","background-size":"auto","background-attachment":"scroll","background-type":"","background-media":"","overlay-type":"","overlay-color":"","overlay-opacity":"","overlay-gradient":""},"mobile":{"background-color":"","background-image":"","background-repeat":"repeat","background-position":"center center","background-size":"auto","background-attachment":"scroll","background-type":"","background-media":"","overlay-type":"","overlay-color":"","overlay-opacity":"","overlay-gradient":""}},"ast-content-background-meta":{"desktop":{"background-color":"var(--ast-global-color-5)","background-image":"","background-repeat":"repeat","background-position":"center center","background-size":"auto","background-attachment":"scroll","background-type":"","background-media":"","overlay-type":"","overlay-color":"","overlay-opacity":"","overlay-gradient":""},"tablet":{"background-color":"var(--ast-global-color-5)","background-image":"","background-repeat":"repeat","background-position":"center center","background-size":"auto","background-attachment":"scroll","background-type":"","background-media":"","overlay-type":"","overlay-color":"","overlay-opacity":"","overlay-gradient":""},"mobile":{"background-color":"var(--ast-global-color-5)","background-image":"","background-repeat":"repeat","background-position":"center center","background-size":"auto","background-attachment":"scroll","background-type":"","background-media":"","overlay-type":"","overlay-color":"","overlay-opacity":"","overlay-gradient":""}},"ngg_post_thumbnail":0,"_mc_calendar":[],"footnotes":""},"class_list":["post-10169","page","type-page","status-publish","hentry"],"translation":{"provider":"WPGlobus","version":"3.0.2","language":"id","enabled_languages":["de","en","ar","zh","id"],"languages":{"de":{"title":true,"content":true,"excerpt":false},"en":{"title":false,"content":false,"excerpt":false},"ar":{"title":false,"content":false,"excerpt":false},"zh":{"title":false,"content":false,"excerpt":false},"id":{"title":false,"content":false,"excerpt":false}}},"jetpack_sharing_enabled":true,"jetpack_shortlink":"https:\/\/wp.me\/P8MR6N-2E1","_links":{"self":[{"href":"https:\/\/www.ibn-rushd-goethe-moschee.de\/id\/wp-json\/wp\/v2\/pages\/10169","targetHints":{"allow":["GET"]}}],"collection":[{"href":"https:\/\/www.ibn-rushd-goethe-moschee.de\/id\/wp-json\/wp\/v2\/pages"}],"about":[{"href":"https:\/\/www.ibn-rushd-goethe-moschee.de\/id\/wp-json\/wp\/v2\/types\/page"}],"author":[{"embeddable":true,"href":"https:\/\/www.ibn-rushd-goethe-moschee.de\/id\/wp-json\/wp\/v2\/users\/4"}],"replies":[{"embeddable":true,"href":"https:\/\/www.ibn-rushd-goethe-moschee.de\/id\/wp-json\/wp\/v2\/comments?post=10169"}],"version-history":[{"count":1,"href":"https:\/\/www.ibn-rushd-goethe-moschee.de\/id\/wp-json\/wp\/v2\/pages\/10169\/revisions"}],"predecessor-version":[{"id":10170,"href":"https:\/\/www.ibn-rushd-goethe-moschee.de\/id\/wp-json\/wp\/v2\/pages\/10169\/revisions\/10170"}],"wp:attachment":[{"href":"https:\/\/www.ibn-rushd-goethe-moschee.de\/id\/wp-json\/wp\/v2\/media?parent=10169"}],"curies":[{"name":"wp","href":"https:\/\/api.w.org\/{rel}","templated":true}]}}