{"id":7459,"date":"2020-09-24T11:05:26","date_gmt":"2020-09-24T09:05:26","guid":{"rendered":"https:\/\/www.ibn-rushd-goethe-moschee.de\/?page_id=7459"},"modified":"2026-04-20T21:43:05","modified_gmt":"2026-04-20T19:43:05","slug":"stammtisch","status":"publish","type":"page","link":"https:\/\/www.ibn-rushd-goethe-moschee.de\/en\/a-i-d-mainpage\/stammtisch\/","title":{"rendered":"Selamlik"},"content":{"rendered":"\n<div class=\"wp-block-image is-style-default\"><figure class=\"aligncenter size-large is-resized\"><img loading=\"lazy\" decoding=\"async\" src=\"https:\/\/www.ibn-rushd-goethe-moschee.de\/wp-content\/uploads\/2021\/06\/Aquamarin-BBQ-Treffen-Social-Media-Grafik-1.png\" alt=\"\" class=\"wp-image-9825\" width=\"400\" height=\"400\" srcset=\"https:\/\/www.ibn-rushd-goethe-moschee.de\/wp-content\/uploads\/2021\/06\/Aquamarin-BBQ-Treffen-Social-Media-Grafik-1.png 800w, https:\/\/www.ibn-rushd-goethe-moschee.de\/wp-content\/uploads\/2021\/06\/Aquamarin-BBQ-Treffen-Social-Media-Grafik-1-300x300.png 300w, https:\/\/www.ibn-rushd-goethe-moschee.de\/wp-content\/uploads\/2021\/06\/Aquamarin-BBQ-Treffen-Social-Media-Grafik-1-150x150.png 150w, https:\/\/www.ibn-rushd-goethe-moschee.de\/wp-content\/uploads\/2021\/06\/Aquamarin-BBQ-Treffen-Social-Media-Grafik-1-768x768.png 768w\" sizes=\"auto, (max-width: 400px) 100vw, 400px\" \/><\/figure><\/div>\n\n\n\n<p><strong>Warum Selamlik?<\/strong> Der Selaml\u0131k (osmanisch \u0633\u0644\u0627\u0645\u0644\u0643 ) war im Osmanischen Reich der Gesellschaftsraum der M\u00e4nner, der auch Fremden zug\u00e4nglich sein sollte. Weiterhin beschreibt der Begriff einen \u00f6ffentlichen Empfang der W\u00fcrdentr\u00e4ger seitens des Sultans.<\/p>\n\n\n\n<p><strong>Ihr habt Interesse? <a href=\"mailto:tugay.s@irg-moschee.de\">Meldet euch gerne per Mail daf\u00fcr an.<\/a><\/strong><\/p>\n","protected":false},"excerpt":{"rendered":"<p>Warum Selamlik? Der Selaml\u0131k (osmanisch \u0633\u0644\u0627\u0645\u0644\u0643 ) war im Osmanischen Reich der Gesellschaftsraum der M\u00e4nner, der auch Fremden zug\u00e4nglich sein sollte. Weiterhin beschreibt der Begriff einen \u00f6ffentlichen Empfang der W\u00fcrdentr\u00e4ger seitens des Sultans. Ihr habt Interesse? Meldet euch gerne per Mail daf\u00fcr an.<\/p>\n","protected":false},"author":4,"featured_media":0,"parent":7484,"menu_order":0,"comment_status":"closed","ping_status":"closed","template":"","meta":{"_coblocks_attr":"","_coblocks_dimensions":"","_coblocks_responsive_height":"","_coblocks_accordion_ie_support":"","site-sidebar-layout":"default","site-content-layout":"default","ast-site-content-layout":"default","site-content-style":"default","site-sidebar-style":"default","ast-global-header-display":"","ast-banner-title-visibility":"","ast-main-header-display":"","ast-hfb-above-header-display":"","ast-hfb-below-header-display":"","ast-hfb-mobile-header-display":"","site-post-title":"","ast-breadcrumbs-content":"","ast-featured-img":"","footer-sml-layout":"","ast-disable-related-posts":"","theme-transparent-header-meta":"default","adv-header-id-meta":"","stick-header-meta":"","header-above-stick-meta":"","header-main-stick-meta":"","header-below-stick-meta":"","astra-migrate-meta-layouts":"default","ast-page-background-enabled":"default","ast-page-background-meta":{"desktop":{"background-color":"","background-image":"","background-repeat":"repeat","background-position":"center center","background-size":"auto","background-attachment":"scroll","background-type":"","background-media":"","overlay-type":"","overlay-color":"","overlay-opacity":"","overlay-gradient":""},"tablet":{"background-color":"","background-image":"","background-repeat":"repeat","background-position":"center center","background-size":"auto","background-attachment":"scroll","background-type":"","background-media":"","overlay-type":"","overlay-color":"","overlay-opacity":"","overlay-gradient":""},"mobile":{"background-color":"","background-image":"","background-repeat":"repeat","background-position":"center center","background-size":"auto","background-attachment":"scroll","background-type":"","background-media":"","overlay-type":"","overlay-color":"","overlay-opacity":"","overlay-gradient":""}},"ast-content-background-meta":{"desktop":{"background-color":"var(--ast-global-color-5)","background-image":"","background-repeat":"repeat","background-position":"center center","background-size":"auto","background-attachment":"scroll","background-type":"","background-media":"","overlay-type":"","overlay-color":"","overlay-opacity":"","overlay-gradient":""},"tablet":{"background-color":"var(--ast-global-color-5)","background-image":"","background-repeat":"repeat","background-position":"center center","background-size":"auto","background-attachment":"scroll","background-type":"","background-media":"","overlay-type":"","overlay-color":"","overlay-opacity":"","overlay-gradient":""},"mobile":{"background-color":"var(--ast-global-color-5)","background-image":"","background-repeat":"repeat","background-position":"center center","background-size":"auto","background-attachment":"scroll","background-type":"","background-media":"","overlay-type":"","overlay-color":"","overlay-opacity":"","overlay-gradient":""}},"ngg_post_thumbnail":0,"_mc_calendar":[],"footnotes":""},"class_list":["post-7459","page","type-page","status-publish","hentry"],"translation":{"provider":"WPGlobus","version":"3.0.2","language":"en","enabled_languages":["de","en","ar","zh","id"],"languages":{"de":{"title":true,"content":true,"excerpt":false},"en":{"title":false,"content":false,"excerpt":false},"ar":{"title":false,"content":false,"excerpt":false},"zh":{"title":false,"content":false,"excerpt":false},"id":{"title":false,"content":false,"excerpt":false}}},"jetpack_sharing_enabled":true,"jetpack_shortlink":"https:\/\/wp.me\/P8MR6N-1Wj","_links":{"self":[{"href":"https:\/\/www.ibn-rushd-goethe-moschee.de\/en\/wp-json\/wp\/v2\/pages\/7459","targetHints":{"allow":["GET"]}}],"collection":[{"href":"https:\/\/www.ibn-rushd-goethe-moschee.de\/en\/wp-json\/wp\/v2\/pages"}],"about":[{"href":"https:\/\/www.ibn-rushd-goethe-moschee.de\/en\/wp-json\/wp\/v2\/types\/page"}],"author":[{"embeddable":true,"href":"https:\/\/www.ibn-rushd-goethe-moschee.de\/en\/wp-json\/wp\/v2\/users\/4"}],"replies":[{"embeddable":true,"href":"https:\/\/www.ibn-rushd-goethe-moschee.de\/en\/wp-json\/wp\/v2\/comments?post=7459"}],"version-history":[{"count":6,"href":"https:\/\/www.ibn-rushd-goethe-moschee.de\/en\/wp-json\/wp\/v2\/pages\/7459\/revisions"}],"predecessor-version":[{"id":9827,"href":"https:\/\/www.ibn-rushd-goethe-moschee.de\/en\/wp-json\/wp\/v2\/pages\/7459\/revisions\/9827"}],"up":[{"embeddable":true,"href":"https:\/\/www.ibn-rushd-goethe-moschee.de\/en\/wp-json\/wp\/v2\/pages\/7484"}],"wp:attachment":[{"href":"https:\/\/www.ibn-rushd-goethe-moschee.de\/en\/wp-json\/wp\/v2\/media?parent=7459"}],"curies":[{"name":"wp","href":"https:\/\/api.w.org\/{rel}","templated":true}]}}