{"id":1936,"date":"2018-11-07T13:33:23","date_gmt":"2018-11-07T12:33:23","guid":{"rendered":"http:\/\/test.ibn-rushd-goethe-moschee.de\/?page_id=1936"},"modified":"2026-04-20T21:44:20","modified_gmt":"2026-04-20T19:44:20","slug":"5-nachlass-erbschaften-und-vermaechtnis","status":"publish","type":"page","link":"https:\/\/www.ibn-rushd-goethe-moschee.de\/en\/spenden\/5-nachlass-erbschaften-und-vermaechtnis\/","title":{"rendered":"Nachlass, Erbschaften und Verm\u00e4chtnis"},"content":{"rendered":"<p><span style=\"font-family: Overpass;\">Die Gestaltung des eigenen Testamentes ist eine sehr pers\u00f6nliche Angelegenheit. M\u00f6chten Sie neben der Absicherung Ihrer Angeh\u00f6rigen die erste liberale Moschee Deutschlands unterst\u00fctzen?<\/span><\/p>\n<p><span style=\"font-family: Overpass;\">Es gibt vielf\u00e4ltige M\u00f6glichkeiten eine gemeinn\u00fctzige Organisation zu bedenken, sei es als Erbin, \u00fcber ein Verm\u00e4chtnis oder die Einrichtung einer eigenen Stiftung, und damit \u00fcber den Tod hinaus, die eigenen Werte weiterzugeben.<\/span><\/p>\n<p><span style=\"font-family: Overpass;\">M\u00f6chten Sie die Ibn Rushd-Goethe Moschee in Ihrem Testament bedenken? <\/span><\/p>\n<p><span style=\"font-family: Overpass;\">Sprechen Sie uns an und wir beraten Sie vertraulich und pers\u00f6nlich, ohne dass Sie damit bereits eine verbindliche Verpflichtung eingehen. <\/span><\/p>\n<p>&nbsp;<\/p>\n","protected":false},"excerpt":{"rendered":"<p>Die Gestaltung des eigenen Testamentes ist eine sehr pers\u00f6nliche Angelegenheit. M\u00f6chten Sie neben der Absicherung Ihrer Angeh\u00f6rigen die erste liberale Moschee Deutschlands unterst\u00fctzen? Es gibt vielf\u00e4ltige M\u00f6glichkeiten eine gemeinn\u00fctzige Organisation zu bedenken, sei es als Erbin, \u00fcber ein Verm\u00e4chtnis oder die Einrichtung einer eigenen Stiftung, und damit \u00fcber den Tod hinaus, die eigenen Werte weiterzugeben. [&hellip;]<\/p>\n","protected":false},"author":4,"featured_media":0,"parent":255,"menu_order":0,"comment_status":"closed","ping_status":"closed","template":"","meta":{"_coblocks_attr":"","_coblocks_dimensions":"","_coblocks_responsive_height":"","_coblocks_accordion_ie_support":"","site-sidebar-layout":"right-sidebar","site-content-layout":"default","ast-site-content-layout":"default","site-content-style":"default","site-sidebar-style":"default","ast-global-header-display":"","ast-banner-title-visibility":"","ast-main-header-display":"","ast-hfb-above-header-display":"","ast-hfb-below-header-display":"","ast-hfb-mobile-header-display":"","site-post-title":"","ast-breadcrumbs-content":"","ast-featured-img":"","footer-sml-layout":"","ast-disable-related-posts":"","theme-transparent-header-meta":"default","adv-header-id-meta":"","stick-header-meta":"","header-above-stick-meta":"","header-main-stick-meta":"","header-below-stick-meta":"","astra-migrate-meta-layouts":"default","ast-page-background-enabled":"default","ast-page-background-meta":{"desktop":{"background-color":"","background-image":"","background-repeat":"repeat","background-position":"center center","background-size":"auto","background-attachment":"scroll","background-type":"","background-media":"","overlay-type":"","overlay-color":"","overlay-opacity":"","overlay-gradient":""},"tablet":{"background-color":"","background-image":"","background-repeat":"repeat","background-position":"center center","background-size":"auto","background-attachment":"scroll","background-type":"","background-media":"","overlay-type":"","overlay-color":"","overlay-opacity":"","overlay-gradient":""},"mobile":{"background-color":"","background-image":"","background-repeat":"repeat","background-position":"center center","background-size":"auto","background-attachment":"scroll","background-type":"","background-media":"","overlay-type":"","overlay-color":"","overlay-opacity":"","overlay-gradient":""}},"ast-content-background-meta":{"desktop":{"background-color":"var(--ast-global-color-5)","background-image":"","background-repeat":"repeat","background-position":"center center","background-size":"auto","background-attachment":"scroll","background-type":"","background-media":"","overlay-type":"","overlay-color":"","overlay-opacity":"","overlay-gradient":""},"tablet":{"background-color":"var(--ast-global-color-5)","background-image":"","background-repeat":"repeat","background-position":"center center","background-size":"auto","background-attachment":"scroll","background-type":"","background-media":"","overlay-type":"","overlay-color":"","overlay-opacity":"","overlay-gradient":""},"mobile":{"background-color":"var(--ast-global-color-5)","background-image":"","background-repeat":"repeat","background-position":"center center","background-size":"auto","background-attachment":"scroll","background-type":"","background-media":"","overlay-type":"","overlay-color":"","overlay-opacity":"","overlay-gradient":""}},"ngg_post_thumbnail":0,"_mc_calendar":[],"footnotes":""},"class_list":["post-1936","page","type-page","status-publish","hentry"],"translation":{"provider":"WPGlobus","version":"3.0.2","language":"en","enabled_languages":["de","en","ar","zh","id"],"languages":{"de":{"title":true,"content":true,"excerpt":false},"en":{"title":false,"content":false,"excerpt":false},"ar":{"title":false,"content":false,"excerpt":false},"zh":{"title":false,"content":false,"excerpt":false},"id":{"title":false,"content":false,"excerpt":false}}},"jetpack_sharing_enabled":true,"jetpack_shortlink":"https:\/\/wp.me\/P8MR6N-ve","_links":{"self":[{"href":"https:\/\/www.ibn-rushd-goethe-moschee.de\/en\/wp-json\/wp\/v2\/pages\/1936","targetHints":{"allow":["GET"]}}],"collection":[{"href":"https:\/\/www.ibn-rushd-goethe-moschee.de\/en\/wp-json\/wp\/v2\/pages"}],"about":[{"href":"https:\/\/www.ibn-rushd-goethe-moschee.de\/en\/wp-json\/wp\/v2\/types\/page"}],"author":[{"embeddable":true,"href":"https:\/\/www.ibn-rushd-goethe-moschee.de\/en\/wp-json\/wp\/v2\/users\/4"}],"replies":[{"embeddable":true,"href":"https:\/\/www.ibn-rushd-goethe-moschee.de\/en\/wp-json\/wp\/v2\/comments?post=1936"}],"version-history":[{"count":4,"href":"https:\/\/www.ibn-rushd-goethe-moschee.de\/en\/wp-json\/wp\/v2\/pages\/1936\/revisions"}],"predecessor-version":[{"id":2251,"href":"https:\/\/www.ibn-rushd-goethe-moschee.de\/en\/wp-json\/wp\/v2\/pages\/1936\/revisions\/2251"}],"up":[{"embeddable":true,"href":"https:\/\/www.ibn-rushd-goethe-moschee.de\/en\/wp-json\/wp\/v2\/pages\/255"}],"wp:attachment":[{"href":"https:\/\/www.ibn-rushd-goethe-moschee.de\/en\/wp-json\/wp\/v2\/media?parent=1936"}],"curies":[{"name":"wp","href":"https:\/\/api.w.org\/{rel}","templated":true}]}}