{"id":10212,"date":"2022-04-12T10:45:06","date_gmt":"2022-04-12T08:45:06","guid":{"rendered":"https:\/\/www.ibn-rushd-goethe-moschee.de\/?page_id=10212"},"modified":"2022-04-20T23:32:12","modified_gmt":"2022-04-20T21:32:12","slug":"cloud-compass-crowdfunding","status":"publish","type":"page","link":"https:\/\/www.ibn-rushd-goethe-moschee.de\/en\/cloud-compass-crowdfunding\/","title":{"rendered":"Cloud Compass &#8211; Crowdfunding"},"content":{"rendered":"\n<div class=\"wp-block-columns is-layout-flex wp-container-core-columns-is-layout-28f84493 wp-block-columns-is-layout-flex\">\n<div class=\"wp-block-column is-layout-flow wp-block-column-is-layout-flow\">\n<figure class=\"wp-block-image size-large\"><img loading=\"lazy\" decoding=\"async\" width=\"1024\" height=\"1024\" src=\"https:\/\/www.ibn-rushd-goethe-moschee.de\/wp-content\/uploads\/2022\/04\/Seite-1-klein-1024x1024.jpg\" alt=\"\" class=\"wp-image-10214\" srcset=\"https:\/\/www.ibn-rushd-goethe-moschee.de\/wp-content\/uploads\/2022\/04\/Seite-1-klein.jpg 1024w, https:\/\/www.ibn-rushd-goethe-moschee.de\/wp-content\/uploads\/2022\/04\/Seite-1-klein-300x300.jpg 300w, https:\/\/www.ibn-rushd-goethe-moschee.de\/wp-content\/uploads\/2022\/04\/Seite-1-klein-150x150.jpg 150w, https:\/\/www.ibn-rushd-goethe-moschee.de\/wp-content\/uploads\/2022\/04\/Seite-1-klein-768x768.jpg 768w\" sizes=\"auto, (max-width: 1024px) 100vw, 1024px\" \/><\/figure>\n\n\n\n<figure class=\"wp-block-image size-large\"><img loading=\"lazy\" decoding=\"async\" width=\"1024\" height=\"1024\" src=\"https:\/\/www.ibn-rushd-goethe-moschee.de\/wp-content\/uploads\/2022\/04\/Version-2-Seite-2-klein-1024x1024.jpg\" alt=\"\" class=\"wp-image-10215\" srcset=\"https:\/\/www.ibn-rushd-goethe-moschee.de\/wp-content\/uploads\/2022\/04\/Version-2-Seite-2-klein.jpg 1024w, https:\/\/www.ibn-rushd-goethe-moschee.de\/wp-content\/uploads\/2022\/04\/Version-2-Seite-2-klein-300x300.jpg 300w, https:\/\/www.ibn-rushd-goethe-moschee.de\/wp-content\/uploads\/2022\/04\/Version-2-Seite-2-klein-150x150.jpg 150w, https:\/\/www.ibn-rushd-goethe-moschee.de\/wp-content\/uploads\/2022\/04\/Version-2-Seite-2-klein-768x768.jpg 768w\" sizes=\"auto, (max-width: 1024px) 100vw, 1024px\" \/><\/figure>\n\n\n\n<figure class=\"wp-block-image size-large is-resized\"><img loading=\"lazy\" decoding=\"async\" src=\"https:\/\/www.ibn-rushd-goethe-moschee.de\/wp-content\/uploads\/2022\/04\/Version-2-Seite-3-klein-1024x1024.jpg\" alt=\"\" class=\"wp-image-10216\" width=\"463\" height=\"463\" srcset=\"https:\/\/www.ibn-rushd-goethe-moschee.de\/wp-content\/uploads\/2022\/04\/Version-2-Seite-3-klein.jpg 1024w, https:\/\/www.ibn-rushd-goethe-moschee.de\/wp-content\/uploads\/2022\/04\/Version-2-Seite-3-klein-300x300.jpg 300w, https:\/\/www.ibn-rushd-goethe-moschee.de\/wp-content\/uploads\/2022\/04\/Version-2-Seite-3-klein-150x150.jpg 150w, https:\/\/www.ibn-rushd-goethe-moschee.de\/wp-content\/uploads\/2022\/04\/Version-2-Seite-3-klein-768x768.jpg 768w\" sizes=\"auto, (max-width: 463px) 100vw, 463px\" \/><\/figure>\n\n\n\n<figure class=\"wp-block-image size-large is-resized\"><img loading=\"lazy\" decoding=\"async\" src=\"https:\/\/www.ibn-rushd-goethe-moschee.de\/wp-content\/uploads\/2022\/04\/Version-2-Seite-4-klein-1024x1024.jpg\" alt=\"\" class=\"wp-image-10217\" width=\"463\" height=\"463\" srcset=\"https:\/\/www.ibn-rushd-goethe-moschee.de\/wp-content\/uploads\/2022\/04\/Version-2-Seite-4-klein.jpg 1024w, https:\/\/www.ibn-rushd-goethe-moschee.de\/wp-content\/uploads\/2022\/04\/Version-2-Seite-4-klein-300x300.jpg 300w, https:\/\/www.ibn-rushd-goethe-moschee.de\/wp-content\/uploads\/2022\/04\/Version-2-Seite-4-klein-150x150.jpg 150w, https:\/\/www.ibn-rushd-goethe-moschee.de\/wp-content\/uploads\/2022\/04\/Version-2-Seite-4-klein-768x768.jpg 768w\" sizes=\"auto, (max-width: 463px) 100vw, 463px\" \/><\/figure>\n\n\n\n<figure class=\"wp-block-image size-large\"><img loading=\"lazy\" decoding=\"async\" width=\"1024\" height=\"1024\" src=\"https:\/\/www.ibn-rushd-goethe-moschee.de\/wp-content\/uploads\/2022\/04\/Version-2-Seite-5-klein-1024x1024.jpg\" alt=\"\" class=\"wp-image-10218\" srcset=\"https:\/\/www.ibn-rushd-goethe-moschee.de\/wp-content\/uploads\/2022\/04\/Version-2-Seite-5-klein.jpg 1024w, https:\/\/www.ibn-rushd-goethe-moschee.de\/wp-content\/uploads\/2022\/04\/Version-2-Seite-5-klein-300x300.jpg 300w, https:\/\/www.ibn-rushd-goethe-moschee.de\/wp-content\/uploads\/2022\/04\/Version-2-Seite-5-klein-150x150.jpg 150w, https:\/\/www.ibn-rushd-goethe-moschee.de\/wp-content\/uploads\/2022\/04\/Version-2-Seite-5-klein-768x768.jpg 768w\" sizes=\"auto, (max-width: 1024px) 100vw, 1024px\" \/><\/figure>\n<\/div>\n\n\n\n<div class=\"wp-block-column is-layout-flow wp-block-column-is-layout-flow\">\n<p>Die Ibn Rushd \u2013 Goethe Moschee ist nicht nur ein spiritueller Ort des Gebets und des Schutzes marginalisierter Gruppen, die aus einem konservativ gelebten Islam ausgeschlossen sind, sondern auch einer der Begegnung und der gemeinsamen Auseinandersetzungen \u00fcber gesellschaftliche Fragen. Ein wichtiges Anliegen der Gemeinde ist es deswegen, den Raum regelm\u00e4\u00dfig f\u00fcr K\u00fcnstler*innen zu \u00f6ffnen und in wechselnden Ausstellungen unterschiedlichen Perspektiven einen Raum zu geben.<\/p>\n\n\n\n<p>Die K\u00fcnstlerin Leila \u201eEdda\u201c Raabe wird einen Teil ihrer Werke im Juni 2022 im Moscheeraum ausstellen. Religi\u00f6se Kultur und Interreligiosit\u00e4t spielen in ihrem Werk eine entscheidende Rolle. Marokko ist ein Land mit zwei Religionen, Christentum und Islam. Auch in Deutschland existieren diese beiden Religionen nebeneinander. Dem kann und will sich die K\u00fcnstlerin nicht entziehen und arbeitet so diese verschiedenen Kontraste auf.<\/p>\n\n\n\n<p>Zus\u00e4tzlich zu ihren Werken wird sie eine Installation aus Naturwolle an die Deckenkonstruktion des Moscheeraums anbringen. Die Installation wird an Schn\u00fcren befestigt und soll die Farbe des Gebetsteppichs aufnehmen. Die Installation spricht von der Vereinigung von himmlischen und weltlichen Ebenen, von Spiritualit\u00e4t und Realit\u00e4t; die religi\u00f6se Atmosph\u00e4re des Moscheeraums er\u00f6ffnet diese Lesart. Das naturgegebene Material ist f\u00fcr alle Kulturen gleicherma\u00dfen und kontrovers lesbar. Dennoch ruft es, neben Assoziationen von Himmel und Erde, Erinnerungen an ein wichtiges Symbol wach:<br><\/p>\n\n\n\n<p>Das Schaf hat in den drei abrahamitischen Religionen eine wichtige Bedeutung &#8211; sie alle kennen die Geschichte Abrahams und Isaaks. Muslim*innen gedenken ihr zum j\u00e4hrlichen Opferfest. Die Erinnerung an diesen geteilten Grundbaustein will Edda mit ihrer Installation wachr\u00fctteln.<\/p>\n\n\n\n<p>So wie die Ibn-Rushd-Goethe-Moschee ein Raum des Dialoges ist, ist die Installation eine Einladung, Br\u00fccken zu schlagen.<\/p>\n\n\n\n<p>Informationen zur K\u00fcnstlerin unter: <a href=\"https:\/\/www.edda-berlin.com\/\">https:\/\/www.edda-berlin.com\/<\/a>. <\/p>\n\n\n\n<div id=\"donationform-default\"><script src=\"https:\/\/www.helpmundo.de\/helptools\/donations\/14856\/7304\/init.js?type=dom&amp;newLocal=de&amp;fixProject=1&amp;rtm=0\" type=\"text\/javascript\"><\/script><\/div>\n<\/div>\n<\/div>\n","protected":false},"excerpt":{"rendered":"<p>Die Ibn Rushd \u2013 Goethe Moschee ist nicht nur ein spiritueller Ort des Gebets und des Schutzes marginalisierter Gruppen, die aus einem konservativ gelebten Islam ausgeschlossen sind, sondern auch einer der Begegnung und der gemeinsamen Auseinandersetzungen \u00fcber gesellschaftliche Fragen. Ein wichtiges Anliegen der Gemeinde ist es deswegen, den Raum regelm\u00e4\u00dfig f\u00fcr K\u00fcnstler*innen zu \u00f6ffnen und [&hellip;]<\/p>\n","protected":false},"author":1,"featured_media":0,"parent":0,"menu_order":0,"comment_status":"closed","ping_status":"closed","template":"","meta":{"_coblocks_attr":"","_coblocks_dimensions":"","_coblocks_responsive_height":"","_coblocks_accordion_ie_support":"","site-sidebar-layout":"default","site-content-layout":"","ast-site-content-layout":"default","site-content-style":"default","site-sidebar-style":"default","ast-global-header-display":"","ast-banner-title-visibility":"","ast-main-header-display":"","ast-hfb-above-header-display":"","ast-hfb-below-header-display":"","ast-hfb-mobile-header-display":"","site-post-title":"","ast-breadcrumbs-content":"","ast-featured-img":"","footer-sml-layout":"","ast-disable-related-posts":"","theme-transparent-header-meta":"","adv-header-id-meta":"","stick-header-meta":"","header-above-stick-meta":"","header-main-stick-meta":"","header-below-stick-meta":"","astra-migrate-meta-layouts":"default","ast-page-background-enabled":"default","ast-page-background-meta":{"desktop":{"background-color":"","background-image":"","background-repeat":"repeat","background-position":"center center","background-size":"auto","background-attachment":"scroll","background-type":"","background-media":"","overlay-type":"","overlay-color":"","overlay-opacity":"","overlay-gradient":""},"tablet":{"background-color":"","background-image":"","background-repeat":"repeat","background-position":"center center","background-size":"auto","background-attachment":"scroll","background-type":"","background-media":"","overlay-type":"","overlay-color":"","overlay-opacity":"","overlay-gradient":""},"mobile":{"background-color":"","background-image":"","background-repeat":"repeat","background-position":"center center","background-size":"auto","background-attachment":"scroll","background-type":"","background-media":"","overlay-type":"","overlay-color":"","overlay-opacity":"","overlay-gradient":""}},"ast-content-background-meta":{"desktop":{"background-color":"var(--ast-global-color-5)","background-image":"","background-repeat":"repeat","background-position":"center center","background-size":"auto","background-attachment":"scroll","background-type":"","background-media":"","overlay-type":"","overlay-color":"","overlay-opacity":"","overlay-gradient":""},"tablet":{"background-color":"var(--ast-global-color-5)","background-image":"","background-repeat":"repeat","background-position":"center center","background-size":"auto","background-attachment":"scroll","background-type":"","background-media":"","overlay-type":"","overlay-color":"","overlay-opacity":"","overlay-gradient":""},"mobile":{"background-color":"var(--ast-global-color-5)","background-image":"","background-repeat":"repeat","background-position":"center center","background-size":"auto","background-attachment":"scroll","background-type":"","background-media":"","overlay-type":"","overlay-color":"","overlay-opacity":"","overlay-gradient":""}},"ngg_post_thumbnail":0,"jetpack_post_was_ever_published":false,"_mc_calendar":[],"footnotes":""},"class_list":["post-10212","page","type-page","status-publish","hentry"],"translation":{"provider":"WPGlobus","version":"3.0.2","language":"en","enabled_languages":["de","en","ar","zh","id"],"languages":{"de":{"title":true,"content":true,"excerpt":false},"en":{"title":false,"content":false,"excerpt":false},"ar":{"title":false,"content":false,"excerpt":false},"zh":{"title":false,"content":false,"excerpt":false},"id":{"title":false,"content":false,"excerpt":false}}},"jetpack_sharing_enabled":true,"jetpack_shortlink":"https:\/\/wp.me\/P8MR6N-2EI","_links":{"self":[{"href":"https:\/\/www.ibn-rushd-goethe-moschee.de\/en\/wp-json\/wp\/v2\/pages\/10212","targetHints":{"allow":["GET"]}}],"collection":[{"href":"https:\/\/www.ibn-rushd-goethe-moschee.de\/en\/wp-json\/wp\/v2\/pages"}],"about":[{"href":"https:\/\/www.ibn-rushd-goethe-moschee.de\/en\/wp-json\/wp\/v2\/types\/page"}],"author":[{"embeddable":true,"href":"https:\/\/www.ibn-rushd-goethe-moschee.de\/en\/wp-json\/wp\/v2\/users\/1"}],"replies":[{"embeddable":true,"href":"https:\/\/www.ibn-rushd-goethe-moschee.de\/en\/wp-json\/wp\/v2\/comments?post=10212"}],"version-history":[{"count":7,"href":"https:\/\/www.ibn-rushd-goethe-moschee.de\/en\/wp-json\/wp\/v2\/pages\/10212\/revisions"}],"predecessor-version":[{"id":10258,"href":"https:\/\/www.ibn-rushd-goethe-moschee.de\/en\/wp-json\/wp\/v2\/pages\/10212\/revisions\/10258"}],"wp:attachment":[{"href":"https:\/\/www.ibn-rushd-goethe-moschee.de\/en\/wp-json\/wp\/v2\/media?parent=10212"}],"curies":[{"name":"wp","href":"https:\/\/api.w.org\/{rel}","templated":true}]}}