{"id":9813,"date":"2021-06-14T16:25:50","date_gmt":"2021-06-14T14:25:50","guid":{"rendered":"https:\/\/www.ibn-rushd-goethe-moschee.de\/?page_id=9813"},"modified":"2021-06-14T16:31:43","modified_gmt":"2021-06-14T14:31:43","slug":"workshop-persepolis","status":"publish","type":"page","link":"https:\/\/www.ibn-rushd-goethe-moschee.de\/ar\/workshop-persepolis\/","title":{"rendered":"Workshop: Persepolis"},"content":{"rendered":"\n<div class=\"wp-block-image is-style-default\"><figure class=\"alignright size-large is-resized\"><img loading=\"lazy\" decoding=\"async\" src=\"https:\/\/www.ibn-rushd-goethe-moschee.de\/wp-content\/uploads\/2021\/06\/satrapi_persepolis_cover-721x1024.jpg\" alt=\"\" class=\"wp-image-9814\" width=\"191\" height=\"295\"\/><\/figure><\/div>\n\n\n\n<p>Wie ergeht es den Menschen in einem Land, wenn nach einem politischen Umbruch pl\u00f6tzlich Freiheitsrechte eingeschr\u00e4nkt werden? Wie wachsen junge Menschen in diesen L\u00e4ndern auf? Wie ergeht es ihnen auf der Flucht vor repressiven politischen Systemen, welche Schwierigkeiten k\u00f6nnen bei der Integration im neuen Land auftreten? Unser Workshop \u201ePersepolis f\u00fcr den Unterricht\u201c versetzt Sch\u00fclerinnen und Sch\u00fcler in die Lage, sich zu solchen Fragen kritisch zu positionieren. Anhand des Graphic Novel \u201ePersepolis\u201c von Marjane Satrapi werden Handlungsm\u00f6glichkeiten in einem nicht-demokratischen System diskutiert. Es sollen wertgebundene politische Urteile erlernt und erprobt werden. Diese erm\u00f6glichen neue Perspektiven auf unser demokratisches System: Was an ihm sch\u00e4tzens- und sch\u00fctzenswert ist, aber in der Selbstverst\u00e4ndlichkeit oft verschwindet.<\/p>\n\n\n\n<h3 class=\"wp-block-heading\">\u00dcber Marjane Satrapis \u201ePersepolis\u201c<\/h3>\n\n\n\n<p>Die iranisch-franz\u00f6sische Comic-Zeichnerin Marjane Satrapi, geboren 1969, erlebte die Islamische Revolution in Iran als kleines M\u00e4dchen. Ihre Eltern schickten sie als Jugendliche nach Wien, um dem iranisch-irakischen Krieg zu entkommen. Ihre Studienzeit verbrachte sie wieder im Iran, bis sie sp\u00e4ter endg\u00fcltig nach Paris emigrierte. Die Erfahrungen mit dem Regime der iranischen Mullahs hat sie in dem vierb\u00e4ndigen Graphic Novel \u201ePersepolis\u201c verarbeitet. Im Jahr 2007 erschien der gleichnamige Film, bei dem sie Drehbuch und Regie \u00fcbernahm. Sowohl das Graphic Novel als auch der Film erhielten zahlreiche Auszeichnungen.<\/p>\n\n\n\n<h3 class=\"wp-block-heading\">Methoden<\/h3>\n\n\n\n<p>Der Workshop orientiert sich an der Leitfrage: \u201eAnpassung oder Widerstand? Individuelle und kollektive Handlungsspielr\u00e4ume in nicht-demokratischen Staaten\u201c. Der Vergleich zwischen Demokratie und Diktatur erfolgt unter Ber\u00fccksichtigung der drei Dimensionen des Politischen: Polity, Policy und Politics. Wir orientieren uns dabei stets an den didaktischen Leitgedanken, wie sie im Beutelsbacher Konsens formuliert wurden: \u00dcberw\u00e4ltigungsverbot, Kontroversit\u00e4t, Sch\u00fclerorientierung. Das Klassenzimmer ist kein neutraler Raum, denn es ist der demokratischen Grundordnung verpflichtet. Das hei\u00dft aber auch, dass jede\/r sich angstfrei positionieren darf und soll. Unsere Methoden werden die Sch\u00fclerinnen und Sch\u00fclern dabei unterst\u00fctzen.<\/p>\n\n\n\n<h3 class=\"wp-block-heading\">Zielgruppe<\/h3>\n\n\n\n<p>Der Workshop l\u00e4sst sich f\u00fcr verschiedene Unterrichtsf\u00e4cher und Klassenstufen adaptieren. In Ankn\u00fcpfung an den Rahmenlehrplan sind folgende Themenfelder im Politikunterricht denkbar:<\/p>\n\n\n\n<ul class=\"is-style-checkbox wp-block-list\"><li>Themenfeld 3.3 \u201eMigration und Bev\u00f6lkerung\u201c f\u00fcr Klasse 7\/8<\/li><li>Themenfeld 3.5 \u201eDemokratie in Deutschland\u201c f\u00fcr Klasse 9\/10<\/li><li>Themenfeld 3.6 \u201eKonflikte und Konfliktl\u00f6sungen\u201c f\u00fcr Klasse 9\/10<\/li><li>Themenfeld 3.3. \u201eDemokratiebildung\u201c in der f\u00e4cher\u00fcbergreifenden Kompetenzentwicklung in Politik und Geschichte<\/li><\/ul>\n\n\n\n<p><strong>Der Workshop dauert 90 Minuten. Teil der Vorbereitung ist die Betrachtung des Films \u201ePersepolis\u201c (2007) im Klassenverbund (weitere 90 Minuten).&nbsp;<\/strong><\/p>\n\n\n\n<hr class=\"wp-block-separator\"\/>\n\n\n\n<h4 class=\"wp-block-heading\">Sie haben Interesse? Wir freuen uns \u00fcber Ihre Nachricht:<\/h4>\n\n\n<div class=\"wp-block-jetpack-contact-form is-layout-flex wp-container-jetpack-contact-form-is-layout-2b4208ba wp-block-jetpack-contact-form-is-layout-flex\"><a href=\"https:\/\/www.ibn-rushd-goethe-moschee.de\/ar\/workshop-persepolis\/\" target=\"_blank\" rel=\"noopener noreferrer\">\u0642\u0645 \u0628\u0625\u0631\u0633\u0627\u0644 \u0646\u0645\u0648\u0630\u062c.<\/a><\/div>\n\n\n<p class=\"has-text-align-center has-medium-font-size\">Oder schreiben Sie eine Mail an: <a href=\"mailto:workshops@irg-moschee.de\">workshops@irg-moschee.de<\/a>.<\/p>\n","protected":false},"excerpt":{"rendered":"<p>Wie ergeht es den Menschen in einem Land, wenn nach einem politischen Umbruch pl\u00f6tzlich Freiheitsrechte eingeschr\u00e4nkt werden? Wie wachsen junge Menschen in diesen L\u00e4ndern auf? Wie ergeht es ihnen auf der Flucht vor repressiven politischen Systemen, welche Schwierigkeiten k\u00f6nnen bei der Integration im neuen Land auftreten? Unser Workshop \u201ePersepolis f\u00fcr den Unterricht\u201c versetzt Sch\u00fclerinnen und [&hellip;]<\/p>\n","protected":false},"author":1,"featured_media":0,"parent":0,"menu_order":0,"comment_status":"closed","ping_status":"closed","template":"","meta":{"_coblocks_attr":"","_coblocks_dimensions":"","_coblocks_responsive_height":"","_coblocks_accordion_ie_support":"","site-sidebar-layout":"default","site-content-layout":"default","ast-site-content-layout":"default","site-content-style":"default","site-sidebar-style":"default","ast-global-header-display":"","ast-banner-title-visibility":"","ast-main-header-display":"","ast-hfb-above-header-display":"","ast-hfb-below-header-display":"","ast-hfb-mobile-header-display":"","site-post-title":"","ast-breadcrumbs-content":"","ast-featured-img":"","footer-sml-layout":"","ast-disable-related-posts":"","theme-transparent-header-meta":"default","adv-header-id-meta":"","stick-header-meta":"","header-above-stick-meta":"","header-main-stick-meta":"","header-below-stick-meta":"","astra-migrate-meta-layouts":"default","ast-page-background-enabled":"default","ast-page-background-meta":{"desktop":{"background-color":"","background-image":"","background-repeat":"repeat","background-position":"center center","background-size":"auto","background-attachment":"scroll","background-type":"","background-media":"","overlay-type":"","overlay-color":"","overlay-opacity":"","overlay-gradient":""},"tablet":{"background-color":"","background-image":"","background-repeat":"repeat","background-position":"center center","background-size":"auto","background-attachment":"scroll","background-type":"","background-media":"","overlay-type":"","overlay-color":"","overlay-opacity":"","overlay-gradient":""},"mobile":{"background-color":"","background-image":"","background-repeat":"repeat","background-position":"center center","background-size":"auto","background-attachment":"scroll","background-type":"","background-media":"","overlay-type":"","overlay-color":"","overlay-opacity":"","overlay-gradient":""}},"ast-content-background-meta":{"desktop":{"background-color":"var(--ast-global-color-5)","background-image":"","background-repeat":"repeat","background-position":"center center","background-size":"auto","background-attachment":"scroll","background-type":"","background-media":"","overlay-type":"","overlay-color":"","overlay-opacity":"","overlay-gradient":""},"tablet":{"background-color":"var(--ast-global-color-5)","background-image":"","background-repeat":"repeat","background-position":"center center","background-size":"auto","background-attachment":"scroll","background-type":"","background-media":"","overlay-type":"","overlay-color":"","overlay-opacity":"","overlay-gradient":""},"mobile":{"background-color":"var(--ast-global-color-5)","background-image":"","background-repeat":"repeat","background-position":"center center","background-size":"auto","background-attachment":"scroll","background-type":"","background-media":"","overlay-type":"","overlay-color":"","overlay-opacity":"","overlay-gradient":""}},"ngg_post_thumbnail":0,"jetpack_post_was_ever_published":false,"_mc_calendar":[],"footnotes":""},"class_list":["post-9813","page","type-page","status-publish","hentry"],"translation":{"provider":"WPGlobus","version":"3.0.2","language":"ar","enabled_languages":["de","en","ar","zh","id"],"languages":{"de":{"title":true,"content":true,"excerpt":false},"en":{"title":false,"content":false,"excerpt":false},"ar":{"title":false,"content":false,"excerpt":false},"zh":{"title":false,"content":false,"excerpt":false},"id":{"title":false,"content":false,"excerpt":false}}},"jetpack_sharing_enabled":true,"jetpack_shortlink":"https:\/\/wp.me\/P8MR6N-2yh","_links":{"self":[{"href":"https:\/\/www.ibn-rushd-goethe-moschee.de\/ar\/wp-json\/wp\/v2\/pages\/9813","targetHints":{"allow":["GET"]}}],"collection":[{"href":"https:\/\/www.ibn-rushd-goethe-moschee.de\/ar\/wp-json\/wp\/v2\/pages"}],"about":[{"href":"https:\/\/www.ibn-rushd-goethe-moschee.de\/ar\/wp-json\/wp\/v2\/types\/page"}],"author":[{"embeddable":true,"href":"https:\/\/www.ibn-rushd-goethe-moschee.de\/ar\/wp-json\/wp\/v2\/users\/1"}],"replies":[{"embeddable":true,"href":"https:\/\/www.ibn-rushd-goethe-moschee.de\/ar\/wp-json\/wp\/v2\/comments?post=9813"}],"version-history":[{"count":4,"href":"https:\/\/www.ibn-rushd-goethe-moschee.de\/ar\/wp-json\/wp\/v2\/pages\/9813\/revisions"}],"predecessor-version":[{"id":9821,"href":"https:\/\/www.ibn-rushd-goethe-moschee.de\/ar\/wp-json\/wp\/v2\/pages\/9813\/revisions\/9821"}],"wp:attachment":[{"href":"https:\/\/www.ibn-rushd-goethe-moschee.de\/ar\/wp-json\/wp\/v2\/media?parent=9813"}],"curies":[{"name":"wp","href":"https:\/\/api.w.org\/{rel}","templated":true}]}}