{"id":8919,"date":"2021-01-14T12:03:11","date_gmt":"2021-01-14T11:03:11","guid":{"rendered":"https:\/\/www.ibn-rushd-goethe-moschee.de\/?page_id=8919"},"modified":"2021-03-11T00:16:09","modified_gmt":"2021-03-10T23:16:09","slug":"der-neue-teppich","status":"publish","type":"page","link":"https:\/\/www.ibn-rushd-goethe-moschee.de\/ar\/der-neue-teppich\/","title":{"rendered":"Der neue Teppich!"},"content":{"rendered":"\n<p>Nach dem uns der unten Im Video gespendete Teppich als \u00dcbergang gedient hat, haben wir nun endlich auch den geplanten gro\u00dfen wei\u00dfen Teppich erhalten und freuen uns sehr, dass wir diesen nun f\u00fcr die  Gebete nutzen k\u00f6nnen. <\/p>\n\n\n\n<figure class=\"wp-block-image size-large\"><img loading=\"lazy\" decoding=\"async\" width=\"1024\" height=\"768\" src=\"https:\/\/www.ibn-rushd-goethe-moschee.de\/wp-content\/uploads\/2021\/03\/WhatsApp-Image-2021-03-10-at-11.48.26-1-1024x768.jpeg\" alt=\"\" class=\"wp-image-9263\" srcset=\"https:\/\/www.ibn-rushd-goethe-moschee.de\/wp-content\/uploads\/2021\/03\/WhatsApp-Image-2021-03-10-at-11.48.26-1-1024x768.jpeg 1024w, https:\/\/www.ibn-rushd-goethe-moschee.de\/wp-content\/uploads\/2021\/03\/WhatsApp-Image-2021-03-10-at-11.48.26-1-300x225.jpeg 300w, https:\/\/www.ibn-rushd-goethe-moschee.de\/wp-content\/uploads\/2021\/03\/WhatsApp-Image-2021-03-10-at-11.48.26-1-768x576.jpeg 768w, https:\/\/www.ibn-rushd-goethe-moschee.de\/wp-content\/uploads\/2021\/03\/WhatsApp-Image-2021-03-10-at-11.48.26-1-1536x1152.jpeg 1536w, https:\/\/www.ibn-rushd-goethe-moschee.de\/wp-content\/uploads\/2021\/03\/WhatsApp-Image-2021-03-10-at-11.48.26-1.jpeg 1600w\" sizes=\"auto, (max-width: 1024px) 100vw, 1024px\" \/><\/figure>\n\n\n\n<p><\/p>\n\n\n\n<p>Vielen Dank an Alle, die uns bei diesem Unterfangen unterst\u00fctzt haben.<\/p>\n\n\n\n<hr class=\"wp-block-separator is-style-wide\"\/>\n\n\n\n<p><strong>Der \u00dcbergangsteppich<\/strong><\/p>\n\n\n\n<figure class=\"wp-block-video\"><video height=\"480\" style=\"aspect-ratio: 848 \/ 480;\" width=\"848\" controls src=\"https:\/\/www.ibn-rushd-goethe-moschee.de\/wp-content\/uploads\/2021\/01\/Teppich.mp4\"><\/video><figcaption>Vielen Dank f\u00fcr diese Spende!<\/figcaption><\/figure>\n\n\n\n<div class=\"wp-block-coblocks-gallery-carousel\"><div class=\"is-cropped coblocks-gallery has-no-alignment has-caption-style-dark has-horizontal-gutter\"><div class=\"has-carousel has-carousel-lrg\" style=\"height:400px\" data-flickity=\"{&quot;autoPlay&quot;:false,&quot;draggable&quot;:true,&quot;pageDots&quot;:false,&quot;prevNextButtons&quot;:true,&quot;wrapAround&quot;:true,&quot;cellAlign&quot;:&quot;center&quot;,&quot;pauseAutoPlayOnHover&quot;:false,&quot;freeScroll&quot;:false,&quot;arrowShape&quot;:{&quot;x0&quot;:10,&quot;x1&quot;:60,&quot;y1&quot;:50,&quot;x2&quot;:65,&quot;y2&quot;:45,&quot;x3&quot;:20},&quot;thumbnails&quot;:false,&quot;responsiveHeight&quot;:false}\"><div class=\"coblocks-gallery--item\"><figure class=\"coblocks-gallery--figure has-margin-left-5 has-margin-left-mobile-5 has-margin-right-5 has-margin-right-mobile-5\"><img loading=\"lazy\" decoding=\"async\" width=\"1024\" height=\"768\" src=\"https:\/\/www.ibn-rushd-goethe-moschee.de\/wp-content\/uploads\/2021\/03\/WhatsApp-Image-2021-03-10-at-11.48.25-1024x768.jpeg\" alt=\"\" data-id=\"9265\" data-link=\"https:\/\/www.ibn-rushd-goethe-moschee.de\/der-neue-teppich\/whatsapp-image-2021-03-10-at-11-48-25\/\" class=\"wp-image-9265\" srcset=\"https:\/\/www.ibn-rushd-goethe-moschee.de\/wp-content\/uploads\/2021\/03\/WhatsApp-Image-2021-03-10-at-11.48.25-1024x768.jpeg 1024w, https:\/\/www.ibn-rushd-goethe-moschee.de\/wp-content\/uploads\/2021\/03\/WhatsApp-Image-2021-03-10-at-11.48.25-300x225.jpeg 300w, https:\/\/www.ibn-rushd-goethe-moschee.de\/wp-content\/uploads\/2021\/03\/WhatsApp-Image-2021-03-10-at-11.48.25-768x576.jpeg 768w, https:\/\/www.ibn-rushd-goethe-moschee.de\/wp-content\/uploads\/2021\/03\/WhatsApp-Image-2021-03-10-at-11.48.25-1536x1152.jpeg 1536w, https:\/\/www.ibn-rushd-goethe-moschee.de\/wp-content\/uploads\/2021\/03\/WhatsApp-Image-2021-03-10-at-11.48.25.jpeg 1600w\" sizes=\"auto, (max-width: 1024px) 100vw, 1024px\" \/><\/figure><\/div><div class=\"coblocks-gallery--item\"><figure class=\"coblocks-gallery--figure has-margin-left-5 has-margin-left-mobile-5 has-margin-right-5 has-margin-right-mobile-5\"><img loading=\"lazy\" decoding=\"async\" width=\"1024\" height=\"768\" src=\"https:\/\/www.ibn-rushd-goethe-moschee.de\/wp-content\/uploads\/2021\/03\/WhatsApp-Image-2021-03-10-at-11.48.26-1-1-1024x768.jpeg\" alt=\"\" data-id=\"9266\" data-link=\"https:\/\/www.ibn-rushd-goethe-moschee.de\/der-neue-teppich\/whatsapp-image-2021-03-10-at-11-48-26-1-1\/\" class=\"wp-image-9266\" srcset=\"https:\/\/www.ibn-rushd-goethe-moschee.de\/wp-content\/uploads\/2021\/03\/WhatsApp-Image-2021-03-10-at-11.48.26-1-1-1024x768.jpeg 1024w, https:\/\/www.ibn-rushd-goethe-moschee.de\/wp-content\/uploads\/2021\/03\/WhatsApp-Image-2021-03-10-at-11.48.26-1-1-300x225.jpeg 300w, https:\/\/www.ibn-rushd-goethe-moschee.de\/wp-content\/uploads\/2021\/03\/WhatsApp-Image-2021-03-10-at-11.48.26-1-1-768x576.jpeg 768w, https:\/\/www.ibn-rushd-goethe-moschee.de\/wp-content\/uploads\/2021\/03\/WhatsApp-Image-2021-03-10-at-11.48.26-1-1-1536x1152.jpeg 1536w, https:\/\/www.ibn-rushd-goethe-moschee.de\/wp-content\/uploads\/2021\/03\/WhatsApp-Image-2021-03-10-at-11.48.26-1-1.jpeg 1600w\" sizes=\"auto, (max-width: 1024px) 100vw, 1024px\" \/><\/figure><\/div><div class=\"coblocks-gallery--item\"><figure class=\"coblocks-gallery--figure has-margin-left-5 has-margin-left-mobile-5 has-margin-right-5 has-margin-right-mobile-5\"><img loading=\"lazy\" decoding=\"async\" width=\"1024\" height=\"768\" src=\"https:\/\/www.ibn-rushd-goethe-moschee.de\/wp-content\/uploads\/2021\/03\/WhatsApp-Image-2021-03-10-at-11.48.26-1024x768.jpeg\" alt=\"\" data-id=\"9267\" data-link=\"https:\/\/www.ibn-rushd-goethe-moschee.de\/der-neue-teppich\/whatsapp-image-2021-03-10-at-11-48-26\/\" class=\"wp-image-9267\" srcset=\"https:\/\/www.ibn-rushd-goethe-moschee.de\/wp-content\/uploads\/2021\/03\/WhatsApp-Image-2021-03-10-at-11.48.26-1024x768.jpeg 1024w, https:\/\/www.ibn-rushd-goethe-moschee.de\/wp-content\/uploads\/2021\/03\/WhatsApp-Image-2021-03-10-at-11.48.26-300x225.jpeg 300w, https:\/\/www.ibn-rushd-goethe-moschee.de\/wp-content\/uploads\/2021\/03\/WhatsApp-Image-2021-03-10-at-11.48.26-768x576.jpeg 768w, https:\/\/www.ibn-rushd-goethe-moschee.de\/wp-content\/uploads\/2021\/03\/WhatsApp-Image-2021-03-10-at-11.48.26-1536x1152.jpeg 1536w, https:\/\/www.ibn-rushd-goethe-moschee.de\/wp-content\/uploads\/2021\/03\/WhatsApp-Image-2021-03-10-at-11.48.26.jpeg 1600w\" sizes=\"auto, (max-width: 1024px) 100vw, 1024px\" \/><\/figure><\/div><div class=\"coblocks-gallery--item\"><figure class=\"coblocks-gallery--figure has-margin-left-5 has-margin-left-mobile-5 has-margin-right-5 has-margin-right-mobile-5\"><img loading=\"lazy\" decoding=\"async\" width=\"1024\" height=\"768\" src=\"https:\/\/www.ibn-rushd-goethe-moschee.de\/wp-content\/uploads\/2021\/03\/WhatsApp-Image-2021-03-10-at-11.48.28-1-1024x768.jpeg\" alt=\"\" data-id=\"9268\" data-link=\"https:\/\/www.ibn-rushd-goethe-moschee.de\/der-neue-teppich\/whatsapp-image-2021-03-10-at-11-48-28-1\/\" class=\"wp-image-9268\" srcset=\"https:\/\/www.ibn-rushd-goethe-moschee.de\/wp-content\/uploads\/2021\/03\/WhatsApp-Image-2021-03-10-at-11.48.28-1-1024x768.jpeg 1024w, https:\/\/www.ibn-rushd-goethe-moschee.de\/wp-content\/uploads\/2021\/03\/WhatsApp-Image-2021-03-10-at-11.48.28-1-300x225.jpeg 300w, https:\/\/www.ibn-rushd-goethe-moschee.de\/wp-content\/uploads\/2021\/03\/WhatsApp-Image-2021-03-10-at-11.48.28-1-768x576.jpeg 768w, https:\/\/www.ibn-rushd-goethe-moschee.de\/wp-content\/uploads\/2021\/03\/WhatsApp-Image-2021-03-10-at-11.48.28-1-1536x1152.jpeg 1536w, https:\/\/www.ibn-rushd-goethe-moschee.de\/wp-content\/uploads\/2021\/03\/WhatsApp-Image-2021-03-10-at-11.48.28-1.jpeg 1600w\" sizes=\"auto, (max-width: 1024px) 100vw, 1024px\" \/><\/figure><\/div><div class=\"coblocks-gallery--item\"><figure class=\"coblocks-gallery--figure has-margin-left-5 has-margin-left-mobile-5 has-margin-right-5 has-margin-right-mobile-5\"><img loading=\"lazy\" decoding=\"async\" width=\"1024\" height=\"768\" src=\"https:\/\/www.ibn-rushd-goethe-moschee.de\/wp-content\/uploads\/2021\/03\/WhatsApp-Image-2021-03-10-at-11.48.28-3-1024x768.jpeg\" alt=\"\" data-id=\"9269\" data-link=\"https:\/\/www.ibn-rushd-goethe-moschee.de\/der-neue-teppich\/whatsapp-image-2021-03-10-at-11-48-28-3\/\" class=\"wp-image-9269\" srcset=\"https:\/\/www.ibn-rushd-goethe-moschee.de\/wp-content\/uploads\/2021\/03\/WhatsApp-Image-2021-03-10-at-11.48.28-3-1024x768.jpeg 1024w, https:\/\/www.ibn-rushd-goethe-moschee.de\/wp-content\/uploads\/2021\/03\/WhatsApp-Image-2021-03-10-at-11.48.28-3-300x225.jpeg 300w, https:\/\/www.ibn-rushd-goethe-moschee.de\/wp-content\/uploads\/2021\/03\/WhatsApp-Image-2021-03-10-at-11.48.28-3-768x576.jpeg 768w, https:\/\/www.ibn-rushd-goethe-moschee.de\/wp-content\/uploads\/2021\/03\/WhatsApp-Image-2021-03-10-at-11.48.28-3-1536x1152.jpeg 1536w, https:\/\/www.ibn-rushd-goethe-moschee.de\/wp-content\/uploads\/2021\/03\/WhatsApp-Image-2021-03-10-at-11.48.28-3.jpeg 1600w\" sizes=\"auto, (max-width: 1024px) 100vw, 1024px\" \/><\/figure><\/div><div class=\"coblocks-gallery--item\"><figure class=\"coblocks-gallery--figure has-margin-left-5 has-margin-left-mobile-5 has-margin-right-5 has-margin-right-mobile-5\"><img loading=\"lazy\" decoding=\"async\" width=\"768\" height=\"1024\" src=\"https:\/\/www.ibn-rushd-goethe-moschee.de\/wp-content\/uploads\/2021\/03\/WhatsApp-Image-2021-03-10-at-11.48.28-4-768x1024.jpeg\" alt=\"\" data-id=\"9271\" data-link=\"https:\/\/www.ibn-rushd-goethe-moschee.de\/der-neue-teppich\/whatsapp-image-2021-03-10-at-11-48-28-4\/\" class=\"wp-image-9271\" srcset=\"https:\/\/www.ibn-rushd-goethe-moschee.de\/wp-content\/uploads\/2021\/03\/WhatsApp-Image-2021-03-10-at-11.48.28-4-768x1024.jpeg 768w, https:\/\/www.ibn-rushd-goethe-moschee.de\/wp-content\/uploads\/2021\/03\/WhatsApp-Image-2021-03-10-at-11.48.28-4-225x300.jpeg 225w, https:\/\/www.ibn-rushd-goethe-moschee.de\/wp-content\/uploads\/2021\/03\/WhatsApp-Image-2021-03-10-at-11.48.28-4-1152x1536.jpeg 1152w, https:\/\/www.ibn-rushd-goethe-moschee.de\/wp-content\/uploads\/2021\/03\/WhatsApp-Image-2021-03-10-at-11.48.28-4.jpeg 1200w\" sizes=\"auto, (max-width: 768px) 100vw, 768px\" \/><\/figure><\/div><\/div><\/div><\/div>\n\n\n\n<p><\/p>\n","protected":false},"excerpt":{"rendered":"<p>Nach dem uns der unten Im Video gespendete Teppich als \u00dcbergang gedient hat, haben wir nun endlich auch den geplanten gro\u00dfen wei\u00dfen Teppich erhalten und freuen uns sehr, dass wir diesen nun f\u00fcr die Gebete nutzen k\u00f6nnen. Vielen Dank an Alle, die uns bei diesem Unterfangen unterst\u00fctzt haben. Der \u00dcbergangsteppich<\/p>\n","protected":false},"author":1,"featured_media":0,"parent":0,"menu_order":0,"comment_status":"closed","ping_status":"closed","template":"","meta":{"_coblocks_attr":"","_coblocks_dimensions":"","_coblocks_responsive_height":"","_coblocks_accordion_ie_support":"","site-sidebar-layout":"default","site-content-layout":"default","ast-site-content-layout":"default","site-content-style":"default","site-sidebar-style":"default","ast-global-header-display":"","ast-banner-title-visibility":"","ast-main-header-display":"","ast-hfb-above-header-display":"","ast-hfb-below-header-display":"","ast-hfb-mobile-header-display":"","site-post-title":"","ast-breadcrumbs-content":"","ast-featured-img":"","footer-sml-layout":"","ast-disable-related-posts":"","theme-transparent-header-meta":"default","adv-header-id-meta":"","stick-header-meta":"","header-above-stick-meta":"","header-main-stick-meta":"","header-below-stick-meta":"","astra-migrate-meta-layouts":"default","ast-page-background-enabled":"default","ast-page-background-meta":{"desktop":{"background-color":"","background-image":"","background-repeat":"repeat","background-position":"center center","background-size":"auto","background-attachment":"scroll","background-type":"","background-media":"","overlay-type":"","overlay-color":"","overlay-opacity":"","overlay-gradient":""},"tablet":{"background-color":"","background-image":"","background-repeat":"repeat","background-position":"center center","background-size":"auto","background-attachment":"scroll","background-type":"","background-media":"","overlay-type":"","overlay-color":"","overlay-opacity":"","overlay-gradient":""},"mobile":{"background-color":"","background-image":"","background-repeat":"repeat","background-position":"center center","background-size":"auto","background-attachment":"scroll","background-type":"","background-media":"","overlay-type":"","overlay-color":"","overlay-opacity":"","overlay-gradient":""}},"ast-content-background-meta":{"desktop":{"background-color":"var(--ast-global-color-5)","background-image":"","background-repeat":"repeat","background-position":"center center","background-size":"auto","background-attachment":"scroll","background-type":"","background-media":"","overlay-type":"","overlay-color":"","overlay-opacity":"","overlay-gradient":""},"tablet":{"background-color":"var(--ast-global-color-5)","background-image":"","background-repeat":"repeat","background-position":"center center","background-size":"auto","background-attachment":"scroll","background-type":"","background-media":"","overlay-type":"","overlay-color":"","overlay-opacity":"","overlay-gradient":""},"mobile":{"background-color":"var(--ast-global-color-5)","background-image":"","background-repeat":"repeat","background-position":"center center","background-size":"auto","background-attachment":"scroll","background-type":"","background-media":"","overlay-type":"","overlay-color":"","overlay-opacity":"","overlay-gradient":""}},"ngg_post_thumbnail":0,"jetpack_post_was_ever_published":false,"_mc_calendar":[],"footnotes":""},"class_list":["post-8919","page","type-page","status-publish","hentry"],"translation":{"provider":"WPGlobus","version":"3.0.2","language":"ar","enabled_languages":["de","en","ar","zh","id"],"languages":{"de":{"title":true,"content":true,"excerpt":false},"en":{"title":false,"content":false,"excerpt":false},"ar":{"title":false,"content":false,"excerpt":false},"zh":{"title":false,"content":false,"excerpt":false},"id":{"title":false,"content":false,"excerpt":false}}},"jetpack_sharing_enabled":true,"jetpack_shortlink":"https:\/\/wp.me\/P8MR6N-2jR","_links":{"self":[{"href":"https:\/\/www.ibn-rushd-goethe-moschee.de\/ar\/wp-json\/wp\/v2\/pages\/8919","targetHints":{"allow":["GET"]}}],"collection":[{"href":"https:\/\/www.ibn-rushd-goethe-moschee.de\/ar\/wp-json\/wp\/v2\/pages"}],"about":[{"href":"https:\/\/www.ibn-rushd-goethe-moschee.de\/ar\/wp-json\/wp\/v2\/types\/page"}],"author":[{"embeddable":true,"href":"https:\/\/www.ibn-rushd-goethe-moschee.de\/ar\/wp-json\/wp\/v2\/users\/1"}],"replies":[{"embeddable":true,"href":"https:\/\/www.ibn-rushd-goethe-moschee.de\/ar\/wp-json\/wp\/v2\/comments?post=8919"}],"version-history":[{"count":5,"href":"https:\/\/www.ibn-rushd-goethe-moschee.de\/ar\/wp-json\/wp\/v2\/pages\/8919\/revisions"}],"predecessor-version":[{"id":9273,"href":"https:\/\/www.ibn-rushd-goethe-moschee.de\/ar\/wp-json\/wp\/v2\/pages\/8919\/revisions\/9273"}],"wp:attachment":[{"href":"https:\/\/www.ibn-rushd-goethe-moschee.de\/ar\/wp-json\/wp\/v2\/media?parent=8919"}],"curies":[{"name":"wp","href":"https:\/\/api.w.org\/{rel}","templated":true}]}}