{"id":7518,"date":"2020-09-28T09:29:51","date_gmt":"2020-09-28T07:29:51","guid":{"rendered":"https:\/\/www.ibn-rushd-goethe-moschee.de\/?page_id=7518"},"modified":"2021-01-18T01:29:01","modified_gmt":"2021-01-18T00:29:01","slug":"fachkompetenz","status":"publish","type":"page","link":"https:\/\/www.ibn-rushd-goethe-moschee.de\/ar\/a-i-d-mainpage\/fachkompetenz\/","title":{"rendered":"Sammlung von Wissen und Fachkompetenz"},"content":{"rendered":"\n<br><\/br>\n\n\n\n<p>Es ist dringend erforderlich, Wissen f\u00fcr ein breites Publikum zug\u00e4nglich zu machen. Zum Thema Islam und sexueller Vielfalt bzw. Diversit\u00e4t ist sowohl innerhalb der muslimischen Community als auch in der Wissenschaft und bei Beratungs- oder Hilfsorganisationen kaum Wissen vorhanden; vor allem nicht im deutschen Sprachraum. Diesen wei\u00dfen Fleck wollen wir beheben.<\/p>\n\n\n\n<p>Internationale Brosch\u00fcren und Publikationen zum Thema werden wir f\u00fcr den deutschen Raum erschlie\u00dfen und \u00fcbersetzen. Im Austausch mit interdisziplin\u00e4ren und internationalen Forscher*innen und Wissenschaftler*innen entsteht eine Sammlung an Wissen, Ergebnissen und Fachkompetenz, die sich dann wiederum transferieren l\u00e4sst und sie allen zug\u00e4nglich macht.<\/p>\n\n\n\n<p>Das Sammeln, die Erstellung und das Teilen von Wissen: Wir werden einen neuen Diskurs schaffen und den bisherigen pr\u00e4gen. Wir wollen die Gesellschaft bewegen!<\/p>\n\n\n\n<hr class=\"wp-block-separator\"\/>\n\n\n\n<br><\/br>\n","protected":false},"excerpt":{"rendered":"<p>Es ist dringend erforderlich, Wissen f\u00fcr ein breites Publikum zug\u00e4nglich zu machen. Zum Thema Islam und sexueller Vielfalt bzw. Diversit\u00e4t ist sowohl innerhalb der muslimischen Community als auch in der Wissenschaft und bei Beratungs- oder Hilfsorganisationen kaum Wissen vorhanden; vor allem nicht im deutschen Sprachraum. Diesen wei\u00dfen Fleck wollen wir beheben. Internationale Brosch\u00fcren und Publikationen [&hellip;]<\/p>\n","protected":false},"author":1,"featured_media":0,"parent":7484,"menu_order":0,"comment_status":"closed","ping_status":"closed","template":"","meta":{"_coblocks_attr":"","_coblocks_dimensions":"","_coblocks_responsive_height":"","_coblocks_accordion_ie_support":"","site-sidebar-layout":"right-sidebar","site-content-layout":"default","ast-site-content-layout":"default","site-content-style":"default","site-sidebar-style":"default","ast-global-header-display":"","ast-banner-title-visibility":"","ast-main-header-display":"","ast-hfb-above-header-display":"","ast-hfb-below-header-display":"","ast-hfb-mobile-header-display":"","site-post-title":"","ast-breadcrumbs-content":"","ast-featured-img":"","footer-sml-layout":"","ast-disable-related-posts":"","theme-transparent-header-meta":"default","adv-header-id-meta":"","stick-header-meta":"","header-above-stick-meta":"","header-main-stick-meta":"","header-below-stick-meta":"","astra-migrate-meta-layouts":"default","ast-page-background-enabled":"default","ast-page-background-meta":{"desktop":{"background-color":"","background-image":"","background-repeat":"repeat","background-position":"center center","background-size":"auto","background-attachment":"scroll","background-type":"","background-media":"","overlay-type":"","overlay-color":"","overlay-opacity":"","overlay-gradient":""},"tablet":{"background-color":"","background-image":"","background-repeat":"repeat","background-position":"center center","background-size":"auto","background-attachment":"scroll","background-type":"","background-media":"","overlay-type":"","overlay-color":"","overlay-opacity":"","overlay-gradient":""},"mobile":{"background-color":"","background-image":"","background-repeat":"repeat","background-position":"center center","background-size":"auto","background-attachment":"scroll","background-type":"","background-media":"","overlay-type":"","overlay-color":"","overlay-opacity":"","overlay-gradient":""}},"ast-content-background-meta":{"desktop":{"background-color":"var(--ast-global-color-5)","background-image":"","background-repeat":"repeat","background-position":"center center","background-size":"auto","background-attachment":"scroll","background-type":"","background-media":"","overlay-type":"","overlay-color":"","overlay-opacity":"","overlay-gradient":""},"tablet":{"background-color":"var(--ast-global-color-5)","background-image":"","background-repeat":"repeat","background-position":"center center","background-size":"auto","background-attachment":"scroll","background-type":"","background-media":"","overlay-type":"","overlay-color":"","overlay-opacity":"","overlay-gradient":""},"mobile":{"background-color":"var(--ast-global-color-5)","background-image":"","background-repeat":"repeat","background-position":"center center","background-size":"auto","background-attachment":"scroll","background-type":"","background-media":"","overlay-type":"","overlay-color":"","overlay-opacity":"","overlay-gradient":""}},"ngg_post_thumbnail":0,"jetpack_post_was_ever_published":false,"_mc_calendar":[],"footnotes":""},"class_list":["post-7518","page","type-page","status-publish","hentry"],"translation":{"provider":"WPGlobus","version":"3.0.2","language":"ar","enabled_languages":["de","en","ar","zh","id"],"languages":{"de":{"title":true,"content":true,"excerpt":false},"en":{"title":false,"content":false,"excerpt":false},"ar":{"title":false,"content":false,"excerpt":false},"zh":{"title":false,"content":false,"excerpt":false},"id":{"title":false,"content":false,"excerpt":false}}},"jetpack_sharing_enabled":true,"jetpack_shortlink":"https:\/\/wp.me\/P8MR6N-1Xg","_links":{"self":[{"href":"https:\/\/www.ibn-rushd-goethe-moschee.de\/ar\/wp-json\/wp\/v2\/pages\/7518","targetHints":{"allow":["GET"]}}],"collection":[{"href":"https:\/\/www.ibn-rushd-goethe-moschee.de\/ar\/wp-json\/wp\/v2\/pages"}],"about":[{"href":"https:\/\/www.ibn-rushd-goethe-moschee.de\/ar\/wp-json\/wp\/v2\/types\/page"}],"author":[{"embeddable":true,"href":"https:\/\/www.ibn-rushd-goethe-moschee.de\/ar\/wp-json\/wp\/v2\/users\/1"}],"replies":[{"embeddable":true,"href":"https:\/\/www.ibn-rushd-goethe-moschee.de\/ar\/wp-json\/wp\/v2\/comments?post=7518"}],"version-history":[{"count":2,"href":"https:\/\/www.ibn-rushd-goethe-moschee.de\/ar\/wp-json\/wp\/v2\/pages\/7518\/revisions"}],"predecessor-version":[{"id":8969,"href":"https:\/\/www.ibn-rushd-goethe-moschee.de\/ar\/wp-json\/wp\/v2\/pages\/7518\/revisions\/8969"}],"up":[{"embeddable":true,"href":"https:\/\/www.ibn-rushd-goethe-moschee.de\/ar\/wp-json\/wp\/v2\/pages\/7484"}],"wp:attachment":[{"href":"https:\/\/www.ibn-rushd-goethe-moschee.de\/ar\/wp-json\/wp\/v2\/media?parent=7518"}],"curies":[{"name":"wp","href":"https:\/\/api.w.org\/{rel}","templated":true}]}}