{"id":7507,"date":"2020-09-28T09:20:46","date_gmt":"2020-09-28T07:20:46","guid":{"rendered":"https:\/\/www.ibn-rushd-goethe-moschee.de\/?page_id=7507"},"modified":"2026-04-20T21:45:16","modified_gmt":"2026-04-20T19:45:16","slug":"seelsorge","status":"publish","type":"page","link":"https:\/\/www.ibn-rushd-goethe-moschee.de\/ar\/was-wir-machen\/seelsorge\/","title":{"rendered":"Seelsorge"},"content":{"rendered":"\n<p>Seelsorge f\u00fcr eine inklusive muslimische Gesellschaft<\/p>\n\n\n\n<p>In unserer progressiven und offenen Haltung ist es uns ein zentrales Anliegen, allen Menschen einen sicheren Raum zu bieten, in dem sie frei \u00fcber pers\u00f6nliche Anliegen, \u00c4ngste und Sorgen sprechen k\u00f6nnen.<\/p>\n\n\n\n<p>Gerade f\u00fcr <strong>LGBTIQ+-Muslim:innen<\/strong> bedeutet das Leben oft einen Spagat zwischen traditionellen religi\u00f6sen Erwartungen und ihrer eigenen Identit\u00e4t und Sexualit\u00e4t. Sie sehen sich h\u00e4ufig mit Diskriminierung und Lebenskrisen konfrontiert, was sie besonders anf\u00e4llig f\u00fcr psychische Belastungen macht. Ein solcher R\u00fcckhalt ist in vielen traditionellen muslimischen Einrichtungen kaum zu finden.<\/p>\n\n\n\n<p>Aus diesem Grund bietet die Ibn-Rushd-Goethe-Moschee einen besonderen Schutz und Beratungsm\u00f6glichkeiten an. Mit dem Start des Projekts <strong>\u201eMuslimische Seelsorge mit Fokus auf LGBTIQ+\u201c<\/strong> im November 2021 m\u00f6chten wir dieser Zielgruppe eine besondere Unterst\u00fctzung bieten.<\/p>\n\n\n\n<p>Durch eine fundierte Schulung, die psychologische und islamwissenschaftliche Expertise vereint, m\u00f6chten wir einen sensiblen und empathischen Umgang mit den Ratsuchenden sicherstellen.<\/p>\n\n\n\n<p class=\"is-style-info\">F\u00fcr weitere Fragen oder bei Interesse an den Schulungen k\u00f6nnen Sie sich gerne an <strong><a href=\"mailto:mok@irg-moschee.de\">mok@irg-moschee.de<\/a><\/strong> wenden.<\/p>\n\n\n\n<p><\/p>\n\n\n\n<p><\/p>\n","protected":false},"excerpt":{"rendered":"<p>Seelsorge f\u00fcr eine inklusive muslimische Gesellschaft In unserer progressiven und offenen Haltung ist es uns ein zentrales Anliegen, allen Menschen einen sicheren Raum zu bieten, in dem sie frei \u00fcber pers\u00f6nliche Anliegen, \u00c4ngste und Sorgen sprechen k\u00f6nnen. Gerade f\u00fcr LGBTIQ+-Muslim:innen bedeutet das Leben oft einen Spagat zwischen traditionellen religi\u00f6sen Erwartungen und ihrer eigenen Identit\u00e4t und [&hellip;]<\/p>\n","protected":false},"author":3,"featured_media":0,"parent":6004,"menu_order":0,"comment_status":"closed","ping_status":"closed","template":"","meta":{"_coblocks_attr":"","_coblocks_dimensions":"","_coblocks_responsive_height":"","_coblocks_accordion_ie_support":"","site-sidebar-layout":"right-sidebar","site-content-layout":"default","ast-site-content-layout":"default","site-content-style":"default","site-sidebar-style":"default","ast-global-header-display":"","ast-banner-title-visibility":"","ast-main-header-display":"","ast-hfb-above-header-display":"","ast-hfb-below-header-display":"","ast-hfb-mobile-header-display":"","site-post-title":"","ast-breadcrumbs-content":"","ast-featured-img":"","footer-sml-layout":"","ast-disable-related-posts":"","theme-transparent-header-meta":"default","adv-header-id-meta":"","stick-header-meta":"","header-above-stick-meta":"","header-main-stick-meta":"","header-below-stick-meta":"","astra-migrate-meta-layouts":"set","ast-page-background-enabled":"default","ast-page-background-meta":{"desktop":{"background-color":"","background-image":"","background-repeat":"repeat","background-position":"center center","background-size":"auto","background-attachment":"scroll","background-type":"","background-media":"","overlay-type":"","overlay-color":"","overlay-opacity":"","overlay-gradient":""},"tablet":{"background-color":"","background-image":"","background-repeat":"repeat","background-position":"center center","background-size":"auto","background-attachment":"scroll","background-type":"","background-media":"","overlay-type":"","overlay-color":"","overlay-opacity":"","overlay-gradient":""},"mobile":{"background-color":"","background-image":"","background-repeat":"repeat","background-position":"center center","background-size":"auto","background-attachment":"scroll","background-type":"","background-media":"","overlay-type":"","overlay-color":"","overlay-opacity":"","overlay-gradient":""}},"ast-content-background-meta":{"desktop":{"background-color":"var(--ast-global-color-5)","background-image":"","background-repeat":"repeat","background-position":"center center","background-size":"auto","background-attachment":"scroll","background-type":"","background-media":"","overlay-type":"","overlay-color":"","overlay-opacity":"","overlay-gradient":""},"tablet":{"background-color":"var(--ast-global-color-5)","background-image":"","background-repeat":"repeat","background-position":"center center","background-size":"auto","background-attachment":"scroll","background-type":"","background-media":"","overlay-type":"","overlay-color":"","overlay-opacity":"","overlay-gradient":""},"mobile":{"background-color":"var(--ast-global-color-5)","background-image":"","background-repeat":"repeat","background-position":"center center","background-size":"auto","background-attachment":"scroll","background-type":"","background-media":"","overlay-type":"","overlay-color":"","overlay-opacity":"","overlay-gradient":""}},"ngg_post_thumbnail":0,"jetpack_post_was_ever_published":false,"_mc_calendar":[],"footnotes":""},"class_list":["post-7507","page","type-page","status-publish","hentry"],"translation":{"provider":"WPGlobus","version":"3.0.2","language":"ar","enabled_languages":["de","en","ar","zh","id"],"languages":{"de":{"title":true,"content":true,"excerpt":false},"en":{"title":false,"content":false,"excerpt":false},"ar":{"title":false,"content":false,"excerpt":false},"zh":{"title":false,"content":false,"excerpt":false},"id":{"title":false,"content":false,"excerpt":false}}},"jetpack_sharing_enabled":true,"jetpack_shortlink":"https:\/\/wp.me\/P8MR6N-1X5","_links":{"self":[{"href":"https:\/\/www.ibn-rushd-goethe-moschee.de\/ar\/wp-json\/wp\/v2\/pages\/7507","targetHints":{"allow":["GET"]}}],"collection":[{"href":"https:\/\/www.ibn-rushd-goethe-moschee.de\/ar\/wp-json\/wp\/v2\/pages"}],"about":[{"href":"https:\/\/www.ibn-rushd-goethe-moschee.de\/ar\/wp-json\/wp\/v2\/types\/page"}],"author":[{"embeddable":true,"href":"https:\/\/www.ibn-rushd-goethe-moschee.de\/ar\/wp-json\/wp\/v2\/users\/3"}],"replies":[{"embeddable":true,"href":"https:\/\/www.ibn-rushd-goethe-moschee.de\/ar\/wp-json\/wp\/v2\/comments?post=7507"}],"version-history":[{"count":10,"href":"https:\/\/www.ibn-rushd-goethe-moschee.de\/ar\/wp-json\/wp\/v2\/pages\/7507\/revisions"}],"predecessor-version":[{"id":11745,"href":"https:\/\/www.ibn-rushd-goethe-moschee.de\/ar\/wp-json\/wp\/v2\/pages\/7507\/revisions\/11745"}],"up":[{"embeddable":true,"href":"https:\/\/www.ibn-rushd-goethe-moschee.de\/ar\/wp-json\/wp\/v2\/pages\/6004"}],"wp:attachment":[{"href":"https:\/\/www.ibn-rushd-goethe-moschee.de\/ar\/wp-json\/wp\/v2\/media?parent=7507"}],"curies":[{"name":"wp","href":"https:\/\/api.w.org\/{rel}","templated":true}]}}