{"id":7503,"date":"2020-09-28T09:14:50","date_gmt":"2020-09-28T07:14:50","guid":{"rendered":"https:\/\/www.ibn-rushd-goethe-moschee.de\/?page_id=7503"},"modified":"2021-06-17T16:07:41","modified_gmt":"2021-06-17T14:07:41","slug":"schutzraum","status":"publish","type":"page","link":"https:\/\/www.ibn-rushd-goethe-moschee.de\/ar\/a-i-d-mainpage\/schutzraum\/","title":{"rendered":"Spiritueller Schutzraum \u2014 Die Ibn Rushd \u2013 Goethe Moschee"},"content":{"rendered":"\n<br><\/br>\n\n\n\n<p>LGBTIQ*-Muslim*innen treffen bei Personen mit muslimischem Hintergrund h\u00e4ufig auf eine feindliche Haltung voller Unverst\u00e4ndnis, sodass sie immer h\u00e4ufiger mit entflammenden Konflikten konfrontiert werden.<\/p>\n\n\n\n<p>In der Ibn Rushd \u2013 Goethe Moschee bieten wir queeren Muslim*inne einen spirituellen Schutzraum an, in dem sie sich als gleichwertigen Teil ihrer Glaubensgemeinschaft f\u00fchlen k\u00f6nnen und in dem keine Diskrepanz zwischen sexueller Identit\u00e4t und Religiosit\u00e4t herrscht. Ein Raum, in dem jede*r ihren\/seinen Glauben aus\u00fcben kann, ohne mit Unmut konfrontiert zu werden. Ein Raum, der niemanden zwingt, eine Entscheidung zwischen Sexualit\u00e4t und Glauben treffen zu m\u00fcssen, unbeschwert und frei. Dar\u00fcber hinaus ist der Raum offen f\u00fcr LGBTIQ*-Muslim*innen, die sich von ihrer Religion verabschiedet haben und die nun, mit einem entstandenen Gef\u00fchl innerer Zerrissenheit, dar\u00fcber reden m\u00f6chten.<\/p>\n\n\n\n<p id=\"anchor2\">Auch realisiert die Moschee Leistungen wie Eheschlie\u00dfungen, Scheidungen oder Trauerfeierlichkeiten f\u00fcr queere Muslim*innen. Jene Ereignisse, welche einen Menschen in den wichtigsten Momenten seines\/ihres Lebens begleiten, k\u00f6nnen in der Ibn Rushd \u2013 Goethe Moschee unter liebevoller Ber\u00fccksichtigung der individuellen Ganzheit eines\/r Jeden gefeiert werden.<\/p>\n\n\n\n<hr class=\"wp-block-separator\"\/>\n\n\n\n<br><\/br>\n","protected":false},"excerpt":{"rendered":"<p>LGBTIQ*-Muslim*innen treffen bei Personen mit muslimischem Hintergrund h\u00e4ufig auf eine feindliche Haltung voller Unverst\u00e4ndnis, sodass sie immer h\u00e4ufiger mit entflammenden Konflikten konfrontiert werden. In der Ibn Rushd \u2013 Goethe Moschee bieten wir queeren Muslim*inne einen spirituellen Schutzraum an, in dem sie sich als gleichwertigen Teil ihrer Glaubensgemeinschaft f\u00fchlen k\u00f6nnen und in dem keine Diskrepanz zwischen [&hellip;]<\/p>\n","protected":false},"author":1,"featured_media":0,"parent":7484,"menu_order":0,"comment_status":"closed","ping_status":"closed","template":"","meta":{"_coblocks_attr":"","_coblocks_dimensions":"","_coblocks_responsive_height":"","_coblocks_accordion_ie_support":"","site-sidebar-layout":"right-sidebar","site-content-layout":"default","ast-site-content-layout":"default","site-content-style":"default","site-sidebar-style":"default","ast-global-header-display":"","ast-banner-title-visibility":"","ast-main-header-display":"","ast-hfb-above-header-display":"","ast-hfb-below-header-display":"","ast-hfb-mobile-header-display":"","site-post-title":"","ast-breadcrumbs-content":"","ast-featured-img":"","footer-sml-layout":"","ast-disable-related-posts":"","theme-transparent-header-meta":"default","adv-header-id-meta":"","stick-header-meta":"","header-above-stick-meta":"","header-main-stick-meta":"","header-below-stick-meta":"","astra-migrate-meta-layouts":"default","ast-page-background-enabled":"default","ast-page-background-meta":{"desktop":{"background-color":"","background-image":"","background-repeat":"repeat","background-position":"center center","background-size":"auto","background-attachment":"scroll","background-type":"","background-media":"","overlay-type":"","overlay-color":"","overlay-opacity":"","overlay-gradient":""},"tablet":{"background-color":"","background-image":"","background-repeat":"repeat","background-position":"center center","background-size":"auto","background-attachment":"scroll","background-type":"","background-media":"","overlay-type":"","overlay-color":"","overlay-opacity":"","overlay-gradient":""},"mobile":{"background-color":"","background-image":"","background-repeat":"repeat","background-position":"center center","background-size":"auto","background-attachment":"scroll","background-type":"","background-media":"","overlay-type":"","overlay-color":"","overlay-opacity":"","overlay-gradient":""}},"ast-content-background-meta":{"desktop":{"background-color":"var(--ast-global-color-5)","background-image":"","background-repeat":"repeat","background-position":"center center","background-size":"auto","background-attachment":"scroll","background-type":"","background-media":"","overlay-type":"","overlay-color":"","overlay-opacity":"","overlay-gradient":""},"tablet":{"background-color":"var(--ast-global-color-5)","background-image":"","background-repeat":"repeat","background-position":"center center","background-size":"auto","background-attachment":"scroll","background-type":"","background-media":"","overlay-type":"","overlay-color":"","overlay-opacity":"","overlay-gradient":""},"mobile":{"background-color":"var(--ast-global-color-5)","background-image":"","background-repeat":"repeat","background-position":"center center","background-size":"auto","background-attachment":"scroll","background-type":"","background-media":"","overlay-type":"","overlay-color":"","overlay-opacity":"","overlay-gradient":""}},"ngg_post_thumbnail":0,"jetpack_post_was_ever_published":false,"_mc_calendar":[],"footnotes":""},"class_list":["post-7503","page","type-page","status-publish","hentry"],"translation":{"provider":"WPGlobus","version":"3.0.2","language":"ar","enabled_languages":["de","en","ar","zh","id"],"languages":{"de":{"title":true,"content":true,"excerpt":false},"en":{"title":false,"content":false,"excerpt":false},"ar":{"title":false,"content":false,"excerpt":false},"zh":{"title":false,"content":false,"excerpt":false},"id":{"title":false,"content":false,"excerpt":false}}},"jetpack_sharing_enabled":true,"jetpack_shortlink":"https:\/\/wp.me\/P8MR6N-1X1","_links":{"self":[{"href":"https:\/\/www.ibn-rushd-goethe-moschee.de\/ar\/wp-json\/wp\/v2\/pages\/7503","targetHints":{"allow":["GET"]}}],"collection":[{"href":"https:\/\/www.ibn-rushd-goethe-moschee.de\/ar\/wp-json\/wp\/v2\/pages"}],"about":[{"href":"https:\/\/www.ibn-rushd-goethe-moschee.de\/ar\/wp-json\/wp\/v2\/types\/page"}],"author":[{"embeddable":true,"href":"https:\/\/www.ibn-rushd-goethe-moschee.de\/ar\/wp-json\/wp\/v2\/users\/1"}],"replies":[{"embeddable":true,"href":"https:\/\/www.ibn-rushd-goethe-moschee.de\/ar\/wp-json\/wp\/v2\/comments?post=7503"}],"version-history":[{"count":9,"href":"https:\/\/www.ibn-rushd-goethe-moschee.de\/ar\/wp-json\/wp\/v2\/pages\/7503\/revisions"}],"predecessor-version":[{"id":9843,"href":"https:\/\/www.ibn-rushd-goethe-moschee.de\/ar\/wp-json\/wp\/v2\/pages\/7503\/revisions\/9843"}],"up":[{"embeddable":true,"href":"https:\/\/www.ibn-rushd-goethe-moschee.de\/ar\/wp-json\/wp\/v2\/pages\/7484"}],"wp:attachment":[{"href":"https:\/\/www.ibn-rushd-goethe-moschee.de\/ar\/wp-json\/wp\/v2\/media?parent=7503"}],"curies":[{"name":"wp","href":"https:\/\/api.w.org\/{rel}","templated":true}]}}