{"id":7411,"date":"2020-09-24T09:24:44","date_gmt":"2020-09-24T07:24:44","guid":{"rendered":"https:\/\/www.ibn-rushd-goethe-moschee.de\/?page_id=7411"},"modified":"2021-06-14T16:32:12","modified_gmt":"2021-06-14T14:32:12","slug":"workshop-islam-und-vielfalt-2","status":"publish","type":"page","link":"https:\/\/www.ibn-rushd-goethe-moschee.de\/ar\/workshop-islam-und-vielfalt-2\/","title":{"rendered":"Workshop: Islam und Vielfalt"},"content":{"rendered":"\n<div class=\"wp-block-image is-style-default\"><figure class=\"alignright size-large is-resized\"><img loading=\"lazy\" decoding=\"async\" src=\"https:\/\/www.ibn-rushd-goethe-moschee.de\/wp-content\/uploads\/2020\/09\/Teppich-edited-1.jpg\" alt=\"\" class=\"wp-image-7478\" width=\"350\" height=\"465\" srcset=\"https:\/\/www.ibn-rushd-goethe-moschee.de\/wp-content\/uploads\/2020\/09\/Teppich-edited-1.jpg 466w, https:\/\/www.ibn-rushd-goethe-moschee.de\/wp-content\/uploads\/2020\/09\/Teppich-edited-1-225x300.jpg 225w\" sizes=\"auto, (max-width: 350px) 100vw, 350px\" \/><\/figure><\/div>\n\n\n\n<p>Homosexualit\u00e4t und Islam \u2013 f\u00fcr viele geht das nicht zusammen. Das gilt sowohl f\u00fcr Menschen, die von au\u00dfen auf ihn schauen, als auch f\u00fcr Menschen, die ihn von innen kennen, ihn selbst leben. Aber auch unter Muslimen wird Homosexualit\u00e4t und andere, vielf\u00e4ltige Formen der sexuellen Identit\u00e4t gelebt. Unser Workshop \u201eIslam und Vielfalft\u201c geht auf g\u00e4ngige Vorurteile, Klischees und Herausforderungen ein, die sich aus dieser Verbindung ergeben. In Ankn\u00fcpfung an die Frage, was unsere eigene Identit\u00e4t ausmacht, sollen die Sch\u00fclerinnen und Sch\u00fcler dazu angeleitet werden, andere Identit\u00e4ten akzeptieren zu lernen \u2013 auch wenn sie mit eigenen Vorstellungen nicht \u00fcbereinstimmen. Daf\u00fcr sprechen wir nicht nur \u00fcber die Geschichte der Homosexualit\u00e4t im Islam und ihre Bedeutung f\u00fcr die Religion insgesamt, sondern auch \u00fcber die Dynamiken vorurteilsbehafteten Denkens. Wir kombinieren spielerische Elemente mit offenen Gespr\u00e4chen. Auf die Weise erm\u00f6glichen wir einen angstfreien Raum f\u00fcr ehrlichen Austausch, indem sich kontr\u00e4re Meinungen gegen\u00fcberstehen d\u00fcrfen. Ziel des Workshops ist es, neben der Akzeptanz f\u00fcr Unterschiede auch das Bewusstsein f\u00fcr Gemeinsamkeiten zu f\u00f6rdern, die eine Br\u00fccke zu gegenseitigem Verst\u00e4ndnis bieten k\u00f6nnen.<\/p>\n\n\n\n<h3 class=\"wp-block-heading\">Methoden<\/h3>\n\n\n\n<p>Unsere Methoden beziehen sich auf den aktuellen Stand der didaktischen Forschung. Gleichzeitig beziehen wir Neue Medien mit ein und schaffen mit verschiedenen Formaten Abwechslung w\u00e4hrend des Workshops. Der Einstieg bildet ein Kahoot-Quiz, mit dem die Sch\u00fclerinnen und Sch\u00fcler auf spielerische Weise ihr Wissen zum Thema testen k\u00f6nnen. In der Analysephase greifen wir auf die Methode des Identit\u00e4tsmolek\u00fcls zur\u00fcck, mit dem wir uns der Frage n\u00e4hern: Was macht uns als Person \u00fcberhaupt aus? Wie sehen das andere? Im Klassenplenum werden diese Fragen immer wieder gemeinsam diskutiert. In der abschlie\u00dfenden Reflexionsphase soll jeder Sch\u00fcler und jede Sch\u00fclerin eine Regel formulieren, die auf Karten gesammelt werden. Hier stehen die Fragen im Mittelpunkt: Welche Regeln sollen gelten in Bezug auf Religion und Homosexualit\u00e4t, wie m\u00f6chten wir auf der Grundlage ein Miteinander gestalten? In der Nachbereitung werden wir aus den verschiedenen Regeln eine Graphik erstellen, die in der Klasse aufgeh\u00e4ngt werden kann.<\/p>\n\n\n\n<p><strong>Der Workshop eignet sich f\u00fcr alle Klassenstufen von der 8. bis zur 12. Klasse und wird von uns inhaltlich auf das jeweilige Alter der Sch\u00fclerinnen und Sch\u00fcler angepasst. Angesetzt ist eine Dauer von 90 Minuten (2 Schulstunden mit Pause).<\/strong><\/p>\n\n\n\n<hr class=\"wp-block-separator\"\/>\n\n\n\n<h4 class=\"wp-block-heading\">Sie haben Interesse? Wir freuen uns \u00fcber Ihre Nachricht:<\/h4>\n\n\n<div class=\"wp-block-jetpack-contact-form is-layout-flex wp-container-jetpack-contact-form-is-layout-2b4208ba wp-block-jetpack-contact-form-is-layout-flex\"><a href=\"https:\/\/www.ibn-rushd-goethe-moschee.de\/ar\/workshop-islam-und-vielfalt-2\/\" target=\"_blank\" rel=\"noopener noreferrer\">\u0642\u0645 \u0628\u0625\u0631\u0633\u0627\u0644 \u0646\u0645\u0648\u0630\u062c.<\/a><\/div>\n\n\n<p class=\"has-text-align-center has-medium-font-size\">Oder schreiben Sie eine Mail an: <a href=\"mailto:workshops@irg-moschee.de\">workshops@irg-moschee.de<\/a>.<\/p>\n","protected":false},"excerpt":{"rendered":"<p>Homosexualit\u00e4t und Islam \u2013 f\u00fcr viele geht das nicht zusammen. Das gilt sowohl f\u00fcr Menschen, die von au\u00dfen auf ihn schauen, als auch f\u00fcr Menschen, die ihn von innen kennen, ihn selbst leben. Aber auch unter Muslimen wird Homosexualit\u00e4t und andere, vielf\u00e4ltige Formen der sexuellen Identit\u00e4t gelebt. Unser Workshop \u201eIslam und Vielfalft\u201c geht auf g\u00e4ngige [&hellip;]<\/p>\n","protected":false},"author":1,"featured_media":0,"parent":0,"menu_order":0,"comment_status":"closed","ping_status":"closed","template":"","meta":{"_coblocks_attr":"","_coblocks_dimensions":"","_coblocks_responsive_height":"","_coblocks_accordion_ie_support":"","site-sidebar-layout":"default","site-content-layout":"default","ast-site-content-layout":"default","site-content-style":"default","site-sidebar-style":"default","ast-global-header-display":"","ast-banner-title-visibility":"","ast-main-header-display":"","ast-hfb-above-header-display":"","ast-hfb-below-header-display":"","ast-hfb-mobile-header-display":"","site-post-title":"","ast-breadcrumbs-content":"","ast-featured-img":"","footer-sml-layout":"","ast-disable-related-posts":"","theme-transparent-header-meta":"default","adv-header-id-meta":"","stick-header-meta":"","header-above-stick-meta":"","header-main-stick-meta":"","header-below-stick-meta":"","astra-migrate-meta-layouts":"default","ast-page-background-enabled":"default","ast-page-background-meta":{"desktop":{"background-color":"","background-image":"","background-repeat":"repeat","background-position":"center center","background-size":"auto","background-attachment":"scroll","background-type":"","background-media":"","overlay-type":"","overlay-color":"","overlay-opacity":"","overlay-gradient":""},"tablet":{"background-color":"","background-image":"","background-repeat":"repeat","background-position":"center center","background-size":"auto","background-attachment":"scroll","background-type":"","background-media":"","overlay-type":"","overlay-color":"","overlay-opacity":"","overlay-gradient":""},"mobile":{"background-color":"","background-image":"","background-repeat":"repeat","background-position":"center center","background-size":"auto","background-attachment":"scroll","background-type":"","background-media":"","overlay-type":"","overlay-color":"","overlay-opacity":"","overlay-gradient":""}},"ast-content-background-meta":{"desktop":{"background-color":"var(--ast-global-color-5)","background-image":"","background-repeat":"repeat","background-position":"center center","background-size":"auto","background-attachment":"scroll","background-type":"","background-media":"","overlay-type":"","overlay-color":"","overlay-opacity":"","overlay-gradient":""},"tablet":{"background-color":"var(--ast-global-color-5)","background-image":"","background-repeat":"repeat","background-position":"center center","background-size":"auto","background-attachment":"scroll","background-type":"","background-media":"","overlay-type":"","overlay-color":"","overlay-opacity":"","overlay-gradient":""},"mobile":{"background-color":"var(--ast-global-color-5)","background-image":"","background-repeat":"repeat","background-position":"center center","background-size":"auto","background-attachment":"scroll","background-type":"","background-media":"","overlay-type":"","overlay-color":"","overlay-opacity":"","overlay-gradient":""}},"ngg_post_thumbnail":0,"jetpack_post_was_ever_published":false,"_mc_calendar":[],"footnotes":""},"class_list":["post-7411","page","type-page","status-publish","hentry"],"translation":{"provider":"WPGlobus","version":"3.0.2","language":"ar","enabled_languages":["de","en","ar","zh","id"],"languages":{"de":{"title":true,"content":true,"excerpt":false},"en":{"title":false,"content":false,"excerpt":false},"ar":{"title":false,"content":false,"excerpt":false},"zh":{"title":false,"content":false,"excerpt":false},"id":{"title":false,"content":false,"excerpt":false}}},"jetpack_sharing_enabled":true,"jetpack_shortlink":"https:\/\/wp.me\/P8MR6N-1Vx","_links":{"self":[{"href":"https:\/\/www.ibn-rushd-goethe-moschee.de\/ar\/wp-json\/wp\/v2\/pages\/7411","targetHints":{"allow":["GET"]}}],"collection":[{"href":"https:\/\/www.ibn-rushd-goethe-moschee.de\/ar\/wp-json\/wp\/v2\/pages"}],"about":[{"href":"https:\/\/www.ibn-rushd-goethe-moschee.de\/ar\/wp-json\/wp\/v2\/types\/page"}],"author":[{"embeddable":true,"href":"https:\/\/www.ibn-rushd-goethe-moschee.de\/ar\/wp-json\/wp\/v2\/users\/1"}],"replies":[{"embeddable":true,"href":"https:\/\/www.ibn-rushd-goethe-moschee.de\/ar\/wp-json\/wp\/v2\/comments?post=7411"}],"version-history":[{"count":31,"href":"https:\/\/www.ibn-rushd-goethe-moschee.de\/ar\/wp-json\/wp\/v2\/pages\/7411\/revisions"}],"predecessor-version":[{"id":9822,"href":"https:\/\/www.ibn-rushd-goethe-moschee.de\/ar\/wp-json\/wp\/v2\/pages\/7411\/revisions\/9822"}],"wp:attachment":[{"href":"https:\/\/www.ibn-rushd-goethe-moschee.de\/ar\/wp-json\/wp\/v2\/media?parent=7411"}],"curies":[{"name":"wp","href":"https:\/\/api.w.org\/{rel}","templated":true}]}}