{"id":7067,"date":"2020-09-12T17:50:37","date_gmt":"2020-09-12T15:50:37","guid":{"rendered":"https:\/\/www.ibn-rushd-goethe-moschee.de\/?page_id=7067"},"modified":"2021-06-19T11:18:20","modified_gmt":"2021-06-19T09:18:20","slug":"die-neuen-raeumlichkeiten","status":"publish","type":"page","link":"https:\/\/www.ibn-rushd-goethe-moschee.de\/ar\/die-neuen-raeumlichkeiten\/","title":{"rendered":"Die neuen R\u00e4umlichkeiten"},"content":{"rendered":"\n<p><\/br><\/p>\n\n\n\n<div class=\"wp-block-group alignfull is-layout-flow wp-block-group-is-layout-flow\"><div class=\"wp-block-group__inner-container\"><\/div><\/div>\n\n\n\n<p class=\"has-text-align-center has-medium-font-size\"> <br>Hier finden Sie eine \u00dcbersicht \u00fcber die Projekte und ihren Fortschritt, <br>aber sehen Sie einfach selbst!<\/p>\n\n\n\n<hr class=\"wp-block-separator\"\/>\n\n\n\n<p class=\"has-custom-lineheight has-custom-letterspacing\" style=\"font-size:30px;line-height:1.69;letter-spacing:1.4px\">Hier finden sie die aktuellen Renovierungsarbeiten:<\/p>\n\n\n\n<div class=\"wp-block-media-text alignwide is-stacked-on-mobile\" style=\"grid-template-columns:48% auto\"><figure class=\"wp-block-media-text__media\"><img loading=\"lazy\" decoding=\"async\" width=\"865\" height=\"708\" src=\"https:\/\/www.ibn-rushd-goethe-moschee.de\/wp-content\/uploads\/2021\/03\/Gardinen.jpg\" alt=\"\" class=\"wp-image-9292 size-full\" srcset=\"https:\/\/www.ibn-rushd-goethe-moschee.de\/wp-content\/uploads\/2021\/03\/Gardinen.jpg 865w, https:\/\/www.ibn-rushd-goethe-moschee.de\/wp-content\/uploads\/2021\/03\/Gardinen-300x246.jpg 300w, https:\/\/www.ibn-rushd-goethe-moschee.de\/wp-content\/uploads\/2021\/03\/Gardinen-768x629.jpg 768w\" sizes=\"auto, (max-width: 865px) 100vw, 865px\" \/><\/figure><div class=\"wp-block-media-text__content\">\n<p class=\"has-text-align-center\" style=\"font-size:30px\">Wir w\u00fcnschen uns Gardinen!<\/p>\n\n\n\n<p>   Um den Wohlf\u00fchlfaktor noch zu steigern werden wir an <br>   unseren wundersch\u00f6n gro\u00dfen Fenstern Gardinen anbringen.<\/p>\n\n\n\n<p><\/p>\n\n\n\n<p class=\"has-text-align-center\">Bitte unterst\u00fctzen sie unsere Arbeit. <a href=\"https:\/\/www.ibn-rushd-goethe-moschee.de\/spenden\/\">Spenden Sie<\/a>.<\/p>\n<\/div><\/div>\n\n\n\n<div class=\"wp-block-group\"><div class=\"wp-block-group__inner-container is-layout-flow wp-block-group-is-layout-flow\">\n<hr class=\"wp-block-separator\"\/>\n<\/div><\/div>\n\n\n\n<p style=\"font-size:42px\">Hier finden sie die abgeschlossenen Projekte.<br>Vielen Dank f\u00fcr Ihre Unterst\u00fctzung!<\/p>\n\n\n\n<hr class=\"wp-block-separator is-style-wide\"\/>\n\n\n\n<div class=\"wp-block-media-text alignwide is-stacked-on-mobile\" style=\"grid-template-columns:48% auto\"><figure class=\"wp-block-media-text__media\"><img loading=\"lazy\" decoding=\"async\" width=\"1024\" height=\"768\" src=\"https:\/\/www.ibn-rushd-goethe-moschee.de\/wp-content\/uploads\/2021\/03\/WhatsApp-Image-2021-03-10-at-11.48.26-1-1-1024x768.jpeg\" alt=\"\" class=\"wp-image-9266 size-full\" srcset=\"https:\/\/www.ibn-rushd-goethe-moschee.de\/wp-content\/uploads\/2021\/03\/WhatsApp-Image-2021-03-10-at-11.48.26-1-1-1024x768.jpeg 1024w, https:\/\/www.ibn-rushd-goethe-moschee.de\/wp-content\/uploads\/2021\/03\/WhatsApp-Image-2021-03-10-at-11.48.26-1-1-300x225.jpeg 300w, https:\/\/www.ibn-rushd-goethe-moschee.de\/wp-content\/uploads\/2021\/03\/WhatsApp-Image-2021-03-10-at-11.48.26-1-1-768x576.jpeg 768w, https:\/\/www.ibn-rushd-goethe-moschee.de\/wp-content\/uploads\/2021\/03\/WhatsApp-Image-2021-03-10-at-11.48.26-1-1-1536x1152.jpeg 1536w, https:\/\/www.ibn-rushd-goethe-moschee.de\/wp-content\/uploads\/2021\/03\/WhatsApp-Image-2021-03-10-at-11.48.26-1-1.jpeg 1600w\" sizes=\"auto, (max-width: 1024px) 100vw, 1024px\" \/><\/figure><div class=\"wp-block-media-text__content\">\n<p class=\"has-text-align-center\" style=\"font-size:30px\">Wir haben einen Teppichboden!<\/p>\n\n\n\n<p>   Um einen genauso sch\u00f6nen Gebetsbereich zu schaffen, wie in unseren alten<br>   R\u00e4umlichkeiten, haben wir einen wei\u00dfen Teppichboden verlegt.<\/p>\n\n\n\n<p><\/p>\n<\/div><\/div>\n\n\n\n<div class=\"wp-block-media-text alignwide is-stacked-on-mobile\" style=\"grid-template-columns:43% auto\"><figure class=\"wp-block-media-text__media\"><img loading=\"lazy\" decoding=\"async\" width=\"1024\" height=\"575\" src=\"https:\/\/www.ibn-rushd-goethe-moschee.de\/wp-content\/uploads\/2021\/01\/Teppich-1024x575.jpg\" alt=\"\" class=\"wp-image-8916 size-full\" srcset=\"https:\/\/www.ibn-rushd-goethe-moschee.de\/wp-content\/uploads\/2021\/01\/Teppich-1024x575.jpg 1024w, https:\/\/www.ibn-rushd-goethe-moschee.de\/wp-content\/uploads\/2021\/01\/Teppich-300x168.jpg 300w, https:\/\/www.ibn-rushd-goethe-moschee.de\/wp-content\/uploads\/2021\/01\/Teppich-768x431.jpg 768w, https:\/\/www.ibn-rushd-goethe-moschee.de\/wp-content\/uploads\/2021\/01\/Teppich.jpg 1080w\" sizes=\"auto, (max-width: 1024px) 100vw, 1024px\" \/><\/figure><div class=\"wp-block-media-text__content\">\n<p class=\"has-text-align-center\" style=\"font-size:30px\">Wir haben einen Teppich!<\/p>\n\n\n\n<p>  Um einen genauso sch\u00f6nen Gebetsbereich zu schaffen, wie in unseren alten<br>  R\u00e4umlichkeiten, haben wir vorerst einen Teppich verlegt. Ein wei\u00dfer Teppich soll<br>  folgen. Trotzdem danken wir hier f\u00fcr diese tolle Spende!<\/p>\n\n\n\n<p class=\"has-text-align-center\"><a href=\"https:\/\/www.ibn-rushd-goethe-moschee.de\/der-neue-teppich\/\">Der Teppich ist da &#8211; ein Video!<\/a><\/p>\n\n\n\n<p class=\"has-text-align-center\"><\/p>\n<\/div><\/div>\n\n\n\n<div class=\"wp-block-media-text alignwide is-stacked-on-mobile\" style=\"grid-template-columns:48% auto\"><figure class=\"wp-block-media-text__media\"><img loading=\"lazy\" decoding=\"async\" width=\"777\" height=\"876\" src=\"https:\/\/www.ibn-rushd-goethe-moschee.de\/wp-content\/uploads\/2021\/01\/malenfesntertop.jpg\" alt=\"\" class=\"wp-image-8744 size-full\" srcset=\"https:\/\/www.ibn-rushd-goethe-moschee.de\/wp-content\/uploads\/2021\/01\/malenfesntertop.jpg 777w, https:\/\/www.ibn-rushd-goethe-moschee.de\/wp-content\/uploads\/2021\/01\/malenfesntertop-266x300.jpg 266w, https:\/\/www.ibn-rushd-goethe-moschee.de\/wp-content\/uploads\/2021\/01\/malenfesntertop-768x866.jpg 768w\" sizes=\"auto, (max-width: 777px) 100vw, 777px\" \/><\/figure><div class=\"wp-block-media-text__content\">\n<p class=\"has-text-align-center has-large-font-size\">Die Malerarbeiten sind Fertig! <\/p>\n\n\n\n<p class=\"has-text-align-left\">  Sowohl die Schr\u00e4nke als auch W\u00e4nde am Fenster wurden wei\u00df gestrichen, <br>  Unsere Moschee erstrahlt nun in neuem wei\u00df.<\/p>\n\n\n\n<p class=\"has-text-align-center\"><a href=\"https:\/\/www.ibn-rushd-goethe-moschee.de\/wir-streichen\/\">Bilder finden Sie hier!<\/a><\/p>\n\n\n\n<p class=\"has-text-align-center\"><\/p>\n<\/div><\/div>\n\n\n\n<div class=\"wp-block-media-text alignwide is-stacked-on-mobile\"><figure class=\"wp-block-media-text__media\"><img loading=\"lazy\" decoding=\"async\" width=\"960\" height=\"466\" src=\"https:\/\/www.ibn-rushd-goethe-moschee.de\/wp-content\/uploads\/2020\/10\/KakaoTalk_20201021_092543557.jpg\" alt=\"\" class=\"wp-image-7907 size-full\" srcset=\"https:\/\/www.ibn-rushd-goethe-moschee.de\/wp-content\/uploads\/2020\/10\/KakaoTalk_20201021_092543557.jpg 960w, https:\/\/www.ibn-rushd-goethe-moschee.de\/wp-content\/uploads\/2020\/10\/KakaoTalk_20201021_092543557-300x146.jpg 300w, https:\/\/www.ibn-rushd-goethe-moschee.de\/wp-content\/uploads\/2020\/10\/KakaoTalk_20201021_092543557-768x373.jpg 768w\" sizes=\"auto, (max-width: 960px) 100vw, 960px\" \/><\/figure><div class=\"wp-block-media-text__content\">\n<p class=\"has-text-align-center has-large-font-size\"> Der Auszug<\/p>\n\n\n\n<p>  Am 20.10.2020 war es dann geschehen, der Umzug wurde gemeistert!<br>  Vielen Dank an alle Helfer! <\/p>\n\n\n\n<p>  <a href=\"https:\/\/www.ibn-rushd-goethe-moschee.de\/der-umzug\/\">Eine Bildergalerie zum Auszug finden sie hier.<\/a><\/p>\n<\/div><\/div>\n\n\n","protected":false},"excerpt":{"rendered":"<p>Hier finden Sie eine \u00dcbersicht \u00fcber die Projekte und ihren Fortschritt, aber sehen Sie einfach selbst! Hier finden sie die aktuellen Renovierungsarbeiten: Wir w\u00fcnschen uns Gardinen! Um den Wohlf\u00fchlfaktor noch zu steigern werden wir an unseren wundersch\u00f6n gro\u00dfen Fenstern Gardinen anbringen. Bitte unterst\u00fctzen sie unsere Arbeit. Spenden Sie. Hier finden sie die abgeschlossenen Projekte.Vielen Dank [&hellip;]<\/p>\n","protected":false},"author":1,"featured_media":0,"parent":0,"menu_order":0,"comment_status":"closed","ping_status":"closed","template":"","meta":{"_coblocks_attr":"","_coblocks_dimensions":"","_coblocks_responsive_height":"","_coblocks_accordion_ie_support":"","site-sidebar-layout":"default","site-content-layout":"default","ast-site-content-layout":"default","site-content-style":"default","site-sidebar-style":"default","ast-global-header-display":"","ast-banner-title-visibility":"","ast-main-header-display":"","ast-hfb-above-header-display":"","ast-hfb-below-header-display":"","ast-hfb-mobile-header-display":"","site-post-title":"","ast-breadcrumbs-content":"","ast-featured-img":"","footer-sml-layout":"","ast-disable-related-posts":"","theme-transparent-header-meta":"default","adv-header-id-meta":"","stick-header-meta":"","header-above-stick-meta":"","header-main-stick-meta":"","header-below-stick-meta":"","astra-migrate-meta-layouts":"default","ast-page-background-enabled":"default","ast-page-background-meta":{"desktop":{"background-color":"","background-image":"","background-repeat":"repeat","background-position":"center center","background-size":"auto","background-attachment":"scroll","background-type":"","background-media":"","overlay-type":"","overlay-color":"","overlay-opacity":"","overlay-gradient":""},"tablet":{"background-color":"","background-image":"","background-repeat":"repeat","background-position":"center center","background-size":"auto","background-attachment":"scroll","background-type":"","background-media":"","overlay-type":"","overlay-color":"","overlay-opacity":"","overlay-gradient":""},"mobile":{"background-color":"","background-image":"","background-repeat":"repeat","background-position":"center center","background-size":"auto","background-attachment":"scroll","background-type":"","background-media":"","overlay-type":"","overlay-color":"","overlay-opacity":"","overlay-gradient":""}},"ast-content-background-meta":{"desktop":{"background-color":"var(--ast-global-color-5)","background-image":"","background-repeat":"repeat","background-position":"center center","background-size":"auto","background-attachment":"scroll","background-type":"","background-media":"","overlay-type":"","overlay-color":"","overlay-opacity":"","overlay-gradient":""},"tablet":{"background-color":"var(--ast-global-color-5)","background-image":"","background-repeat":"repeat","background-position":"center center","background-size":"auto","background-attachment":"scroll","background-type":"","background-media":"","overlay-type":"","overlay-color":"","overlay-opacity":"","overlay-gradient":""},"mobile":{"background-color":"var(--ast-global-color-5)","background-image":"","background-repeat":"repeat","background-position":"center center","background-size":"auto","background-attachment":"scroll","background-type":"","background-media":"","overlay-type":"","overlay-color":"","overlay-opacity":"","overlay-gradient":""}},"ngg_post_thumbnail":0,"jetpack_post_was_ever_published":false,"_mc_calendar":[],"footnotes":""},"class_list":["post-7067","page","type-page","status-publish","hentry"],"translation":{"provider":"WPGlobus","version":"3.0.2","language":"ar","enabled_languages":["de","en","ar","zh","id"],"languages":{"de":{"title":true,"content":true,"excerpt":false},"en":{"title":false,"content":false,"excerpt":false},"ar":{"title":false,"content":false,"excerpt":false},"zh":{"title":false,"content":false,"excerpt":false},"id":{"title":false,"content":false,"excerpt":false}}},"jetpack_sharing_enabled":true,"jetpack_shortlink":"https:\/\/wp.me\/P8MR6N-1PZ","_links":{"self":[{"href":"https:\/\/www.ibn-rushd-goethe-moschee.de\/ar\/wp-json\/wp\/v2\/pages\/7067","targetHints":{"allow":["GET"]}}],"collection":[{"href":"https:\/\/www.ibn-rushd-goethe-moschee.de\/ar\/wp-json\/wp\/v2\/pages"}],"about":[{"href":"https:\/\/www.ibn-rushd-goethe-moschee.de\/ar\/wp-json\/wp\/v2\/types\/page"}],"author":[{"embeddable":true,"href":"https:\/\/www.ibn-rushd-goethe-moschee.de\/ar\/wp-json\/wp\/v2\/users\/1"}],"replies":[{"embeddable":true,"href":"https:\/\/www.ibn-rushd-goethe-moschee.de\/ar\/wp-json\/wp\/v2\/comments?post=7067"}],"version-history":[{"count":57,"href":"https:\/\/www.ibn-rushd-goethe-moschee.de\/ar\/wp-json\/wp\/v2\/pages\/7067\/revisions"}],"predecessor-version":[{"id":9852,"href":"https:\/\/www.ibn-rushd-goethe-moschee.de\/ar\/wp-json\/wp\/v2\/pages\/7067\/revisions\/9852"}],"wp:attachment":[{"href":"https:\/\/www.ibn-rushd-goethe-moschee.de\/ar\/wp-json\/wp\/v2\/media?parent=7067"}],"curies":[{"name":"wp","href":"https:\/\/api.w.org\/{rel}","templated":true}]}}