{"id":5930,"date":"2020-05-06T14:32:48","date_gmt":"2020-05-06T12:32:48","guid":{"rendered":"https:\/\/www.ibn-rushd-goethe-moschee.de\/?page_id=5930"},"modified":"2026-04-20T21:45:16","modified_gmt":"2026-04-20T19:45:16","slug":"a-i-d","status":"publish","type":"page","link":"https:\/\/www.ibn-rushd-goethe-moschee.de\/ar\/a-i-d\/","title":{"rendered":"\u00dcber die Anlaufstelle"},"content":{"rendered":"\n<p>Muslimisch und queer? Ja, nat\u00fcrlich! Die Anlaufstelle f\u00fcr Islam &amp; Diversity (AID) ist ein Leuchtturmprojekt f\u00fcr sexuelle Vielfalt im Islam. Wir bieten Unterst\u00fctzung f\u00fcr queere Muslim*innen an, die wegen ihrer sexuellen Identit\u00e4t vor Herausforderungen gestellt sind \u2013 sei es durch eigene Zweifel, sei es durch erfahrene oder bef\u00fcrchtete Ablehnung im pers\u00f6nlichen Umfeld. Wir sind mit pers\u00f6nlicher Seelsorge und einem spirituellen Schutzraum f\u00fcr euch da. Mit unserer Aufkl\u00e4rungsarbeit m\u00f6chten wir au\u00dferdem f\u00fcr mehr Akzeptanz in den muslimischen Gemeinschaften, aber auch in der Mehrheitsgesellschaft k\u00e4mpfen, damit sich niemand entscheiden muss. Muslimisch und queer, das geht zusammen \u2013 angstfrei und selbstbestimmt. Wir beweisen es euch.&nbsp;<\/p>\n\n\n\n<p class=\"has-text-align-center\" style=\"font-size:30px\"><strong>Unser Angebot<\/strong><\/p>\n\n\n\n<div class=\"wp-block-coblocks-services\"><div class=\"has-columns has-2-columns has-responsive-columns has-medium-gutter\">\n<div class=\"wp-block-coblocks-service\"><figure class=\"wp-block-coblocks-service__figure\"><a href=\"https:\/\/www.ibn-rushd-goethe-moschee.de\/a-i-d-mainpage\/schutzraum\/\"><img decoding=\"async\" src=\"https:\/\/www.ibn-rushd-goethe-moschee.de\/wp-content\/uploads\/2021\/06\/Schutzraum-5.png\" alt=\"\"\/><\/a><\/figure><div class=\"wp-block-coblocks-service__content\">\n<h3 class=\"has-text-align-none wp-block-heading\"><\/h3>\n\n\n\n<p class=\"has-text-align-none\"><\/p>\n<\/div><\/div>\n\n\n\n<div class=\"wp-block-coblocks-service\"><figure class=\"wp-block-coblocks-service__figure\"><a href=\"https:\/\/www.ibn-rushd-goethe-moschee.de\/a-i-d-mainpage\/seelsorgeaid\/\"><img decoding=\"async\" src=\"https:\/\/www.ibn-rushd-goethe-moschee.de\/wp-content\/uploads\/2021\/06\/Muslimische-Seelsorge-2-3.png\" alt=\"\"\/><\/a><\/figure><div class=\"wp-block-coblocks-service__content\">\n<h3 class=\"has-text-align-none wp-block-heading\"><\/h3>\n\n\n\n<p class=\"has-text-align-none\"><\/p>\n<\/div><\/div>\n<\/div><\/div>\n\n\n\n<div class=\"wp-block-coblocks-services\"><div class=\"has-columns has-2-columns has-responsive-columns has-medium-gutter\">\n<div class=\"wp-block-coblocks-service\"><figure class=\"wp-block-coblocks-service__figure\"><a href=\"https:\/\/www.ibn-rushd-goethe-moschee.de\/a-i-d-mainpage\/austausch\/\"><img decoding=\"async\" src=\"https:\/\/www.ibn-rushd-goethe-moschee.de\/wp-content\/uploads\/2021\/06\/Kontakt-und-Austausch-1.png\" alt=\"\"\/><\/a><\/figure><div class=\"wp-block-coblocks-service__content\">\n<h3 class=\"has-text-align-none wp-block-heading\"><\/h3>\n\n\n\n<p class=\"has-text-align-none\"><\/p>\n<\/div><\/div>\n\n\n\n<div class=\"wp-block-coblocks-service\"><figure class=\"wp-block-coblocks-service__figure\"><a href=\"https:\/\/www.ibn-rushd-goethe-moschee.de\/a-i-d-mainpage\/fachkompetenz\/\"><img decoding=\"async\" src=\"https:\/\/www.ibn-rushd-goethe-moschee.de\/wp-content\/uploads\/2021\/06\/Wissen-und-Fachkompetenz-1.png\" alt=\"\"\/><\/a><\/figure><div class=\"wp-block-coblocks-service__content\">\n<h3 class=\"has-text-align-none wp-block-heading\"><\/h3>\n\n\n\n<p class=\"has-text-align-none\"><\/p>\n<\/div><\/div>\n<\/div><\/div>\n\n\n\n<div style=\"height:55px\" aria-hidden=\"true\" class=\"wp-block-spacer\"><\/div>\n\n\n\n<h4 class=\"has-text-align-center wp-block-heading\"><strong>Warum Islam und Diversity? <\/strong><\/h4>\n\n\n\n<p>F\u00fcr die Mehrheit der Muslim*innen stellt Homosexualit\u00e4t ein absolutes Tabu-Thema dar. Nach ihrer Auffassung lassen sich Homosexualit\u00e4t und Religion nicht miteinander vereinbaren. Gleichzeitig werden inzwischen zahlreiche gleichgeschlechtliche Ehen geschlossen, auch in Deutschland hat es zuletzt wichtige gesetzliche Reformen gegeben. Es mag heutzutage undenkbar erscheinen, individuelle Lebensweisen und Sexualit\u00e4ten anderer Mitb\u00fcrger*innen in einem demokratisch gepr\u00e4gten Land zu verurteilen, in dem jeder selbstbestimmt und frei leben k\u00f6nnen soll. Doch entgegen dieser Annahme sto\u00dfen vor allem muslimische Frauen und M\u00e4nner unter ihren muslimischen Glaubensschwestern und Glaubensbr\u00fcdern nicht nur auf Ablehnung und harte Kritik, sondern auch auf Diskriminierung &#8211; mitunter gewaltsame, wie wir leider immer wieder erleben m\u00fcssen. Nicht selten werden sie in ihrem sozialen Umfeld dazu gezwungen, ihre sexuelle Identit\u00e4t zu verheimlichen und zu unterdr\u00fccken. Deswegen m\u00f6chten wir mit unserer Anlaufstelle Islam und Diversity f\u00fcr Aufkl\u00e4rung und Unterst\u00fctzung sorgen &#8211; innerhalb der muslimischen Gemeinschaften, aber auch au\u00dferhalb. Mit unseren vier S\u00e4ulen sind wir f\u00fcr Betroffene da. <\/p>\n\n\n\n<p class=\"has-text-align-center\"><strong>Folgt uns f\u00fcr mehr:<\/strong><\/p>\n\n\n\n<div class=\"wp-block-jetpack-contact-info\">\n\n\n\n<\/div>\n\n\n<div class=\"wp-block-coblocks-social wp-block-coblocks-social-profiles is-style-circular alignfull has-text-align-center has-colors has-button-size-med\"><ul><li><a href=\"https:\/\/www.facebook.com\/islam.diversity\" title=\"Facebook\" class=\"wp-block-button__link wp-block-coblocks-social__button wp-block-coblocks-social__button--facebook has-padding\" style=\"padding:30px;border-radius:40px\"><span class=\"wp-block-coblocks-social__icon\" style=\"height:48px;width:48px\"><\/span><span class=\"wp-block-coblocks-social__text\">Facebook<\/span><\/a><\/li><li><a href=\"https:\/\/twitter.com\/_IslamDiversity\" title=\"Twitter\" class=\"wp-block-button__link wp-block-coblocks-social__button wp-block-coblocks-social__button--twitter has-padding\" style=\"padding:30px;border-radius:40px\"><span class=\"wp-block-coblocks-social__icon\" style=\"height:48px;width:48px\"><\/span><span class=\"wp-block-coblocks-social__text\">Twitter<\/span><\/a><\/li><li><a href=\"https:\/\/www.instagram.com\/anlaufstelle_islamdiversity\/\" title=\"Instagram\" class=\"wp-block-button__link wp-block-coblocks-social__button wp-block-coblocks-social__button--instagram has-padding\" style=\"padding:30px;border-radius:40px\"><span class=\"wp-block-coblocks-social__icon\" style=\"height:48px;width:48px\"><\/span><span class=\"wp-block-coblocks-social__text\">Instagram<\/span><\/a><\/li><\/ul><\/div>\n\n\n<div style=\"height:50px\" aria-hidden=\"true\" class=\"wp-block-spacer\"><\/div>\n\n\n\n<hr class=\"wp-block-separator has-css-opacity\"\/>\n\n\n\n<p class=\"has-normal-font-size\">Ein Projekt der Ibn Rushd &#8211; Goethe Moschee. Gef\u00f6rdert vom Bundesministerium f\u00fcr Familie, Senioren, Frauen und Jugend im Rahmen des Bundesprogramms &#8220;Demokratie leben!&#8221;.<\/p>\n\n\n\n<figure class=\"wp-block-image aligncenter size-large is-resized\"><a href=\"https:\/\/www.demokratie-leben.de\/\"><img loading=\"lazy\" decoding=\"async\" src=\"https:\/\/www.ibn-rushd-goethe-moschee.de\/wp-content\/uploads\/2020\/09\/AID-und-foerdererlogos.png\" alt=\"\" class=\"wp-image-7481\" width=\"552\" height=\"92\"\/><\/a><\/figure>\n","protected":false},"excerpt":{"rendered":"<p>Muslimisch und queer? Ja, nat\u00fcrlich! Die Anlaufstelle f\u00fcr Islam &amp; Diversity (AID) ist ein Leuchtturmprojekt f\u00fcr sexuelle Vielfalt im Islam. Wir bieten Unterst\u00fctzung f\u00fcr queere Muslim*innen an, die wegen ihrer sexuellen Identit\u00e4t vor Herausforderungen gestellt sind \u2013 sei es durch eigene Zweifel, sei es durch erfahrene oder bef\u00fcrchtete Ablehnung im pers\u00f6nlichen Umfeld. Wir sind mit [&hellip;]<\/p>\n","protected":false},"author":4,"featured_media":0,"parent":0,"menu_order":0,"comment_status":"closed","ping_status":"closed","template":"","meta":{"_coblocks_attr":"","_coblocks_dimensions":"","_coblocks_responsive_height":"","_coblocks_accordion_ie_support":"","site-sidebar-layout":"right-sidebar","site-content-layout":"default","ast-site-content-layout":"default","site-content-style":"default","site-sidebar-style":"default","ast-global-header-display":"","ast-banner-title-visibility":"","ast-main-header-display":"","ast-hfb-above-header-display":"","ast-hfb-below-header-display":"","ast-hfb-mobile-header-display":"","site-post-title":"","ast-breadcrumbs-content":"","ast-featured-img":"","footer-sml-layout":"","ast-disable-related-posts":"","theme-transparent-header-meta":"default","adv-header-id-meta":"","stick-header-meta":"","header-above-stick-meta":"","header-main-stick-meta":"","header-below-stick-meta":"","astra-migrate-meta-layouts":"default","ast-page-background-enabled":"default","ast-page-background-meta":{"desktop":{"background-color":"","background-image":"","background-repeat":"repeat","background-position":"center center","background-size":"auto","background-attachment":"scroll","background-type":"","background-media":"","overlay-type":"","overlay-color":"","overlay-opacity":"","overlay-gradient":""},"tablet":{"background-color":"","background-image":"","background-repeat":"repeat","background-position":"center center","background-size":"auto","background-attachment":"scroll","background-type":"","background-media":"","overlay-type":"","overlay-color":"","overlay-opacity":"","overlay-gradient":""},"mobile":{"background-color":"","background-image":"","background-repeat":"repeat","background-position":"center center","background-size":"auto","background-attachment":"scroll","background-type":"","background-media":"","overlay-type":"","overlay-color":"","overlay-opacity":"","overlay-gradient":""}},"ast-content-background-meta":{"desktop":{"background-color":"var(--ast-global-color-5)","background-image":"","background-repeat":"repeat","background-position":"center center","background-size":"auto","background-attachment":"scroll","background-type":"","background-media":"","overlay-type":"","overlay-color":"","overlay-opacity":"","overlay-gradient":""},"tablet":{"background-color":"var(--ast-global-color-5)","background-image":"","background-repeat":"repeat","background-position":"center center","background-size":"auto","background-attachment":"scroll","background-type":"","background-media":"","overlay-type":"","overlay-color":"","overlay-opacity":"","overlay-gradient":""},"mobile":{"background-color":"var(--ast-global-color-5)","background-image":"","background-repeat":"repeat","background-position":"center center","background-size":"auto","background-attachment":"scroll","background-type":"","background-media":"","overlay-type":"","overlay-color":"","overlay-opacity":"","overlay-gradient":""}},"ngg_post_thumbnail":0,"_mc_calendar":[],"footnotes":""},"class_list":["post-5930","page","type-page","status-publish","hentry"],"translation":{"provider":"WPGlobus","version":"3.0.2","language":"ar","enabled_languages":["de","en","ar","zh","id"],"languages":{"de":{"title":true,"content":true,"excerpt":false},"en":{"title":true,"content":true,"excerpt":false},"ar":{"title":false,"content":false,"excerpt":false},"zh":{"title":false,"content":true,"excerpt":false},"id":{"title":true,"content":true,"excerpt":false}}},"jetpack_sharing_enabled":true,"jetpack_shortlink":"https:\/\/wp.me\/P8MR6N-1xE","_links":{"self":[{"href":"https:\/\/www.ibn-rushd-goethe-moschee.de\/ar\/wp-json\/wp\/v2\/pages\/5930","targetHints":{"allow":["GET"]}}],"collection":[{"href":"https:\/\/www.ibn-rushd-goethe-moschee.de\/ar\/wp-json\/wp\/v2\/pages"}],"about":[{"href":"https:\/\/www.ibn-rushd-goethe-moschee.de\/ar\/wp-json\/wp\/v2\/types\/page"}],"author":[{"embeddable":true,"href":"https:\/\/www.ibn-rushd-goethe-moschee.de\/ar\/wp-json\/wp\/v2\/users\/4"}],"replies":[{"embeddable":true,"href":"https:\/\/www.ibn-rushd-goethe-moschee.de\/ar\/wp-json\/wp\/v2\/comments?post=5930"}],"version-history":[{"count":47,"href":"https:\/\/www.ibn-rushd-goethe-moschee.de\/ar\/wp-json\/wp\/v2\/pages\/5930\/revisions"}],"predecessor-version":[{"id":10455,"href":"https:\/\/www.ibn-rushd-goethe-moschee.de\/ar\/wp-json\/wp\/v2\/pages\/5930\/revisions\/10455"}],"wp:attachment":[{"href":"https:\/\/www.ibn-rushd-goethe-moschee.de\/ar\/wp-json\/wp\/v2\/media?parent=5930"}],"curies":[{"name":"wp","href":"https:\/\/api.w.org\/{rel}","templated":true}]}}