{"id":3806,"date":"2019-03-11T11:46:58","date_gmt":"2019-03-11T10:46:58","guid":{"rendered":"http:\/\/www.ibn-rushd-goethe-moschee.de\/?page_id=3806"},"modified":"2020-09-03T15:50:04","modified_gmt":"2020-09-03T13:50:04","slug":"institut-fuer-einen-progressiven-islam","status":"publish","type":"page","link":"https:\/\/www.ibn-rushd-goethe-moschee.de\/ar\/die-moschee\/institut-fuer-einen-progressiven-islam\/","title":{"rendered":"Institut f\u00fcr einen progressiven Islam"},"content":{"rendered":"\n<p>Wir arbeiten derzeit an der Einrichtung eines Instituts f\u00fcr einen  progressiven Islam. Dieses Institut soll zwei wichtige akademische  Bereiche miteinander verbinden und damit eine wissenschaftliche L\u00fccke  schlie\u00dfen. Zum einen soll im Kompetenzzentrum Forschung rund um das  Thema liberaler Islam und progressive Koranauslegung betrieben werden.  Es geht darum, die wissenschaftliche Debatte im Islam ohne Denkverbote  voranzubringen und Studien zu Themen in Auftrag zu geben, die bisher nur  konservativ betrachtet wurden. Dazu z\u00e4hlen unter anderem die Themen  interreligi\u00f6se Ehen und Partnerschaften, Homosexualit\u00e4t und die Rolle  der Frau. Der zweite Bereich wird sich der Lehre widmen, um die  gewonnenen Erkenntnisse in Fortbildungsveranstaltungen weiterzugeben.  Hierbei sind im Sinne der Bef\u00e4higung zur Radikalisierungspr\u00e4vention vor allem erst einmal P\u00e4dagogen, Sozialarbeiter, Politiker und  Mitarbeiter der \u00f6ffentlichen Verwaltung im Fokus. In einem weiteren  Schritt sollen auch Islamwissenschafter und \u2013theologen ausgebildet  werden, um progressive Gemeinden weltweit zu unterst\u00fctzen.<\/p>\n\n\n\n<p>F\u00fcr weitere Fragen zu diesem Projekt wenden Sie sich bitte an: <a href=\"mailto:post@ibn-rushd-goethe-moschee.de\">post@ibn-rushd-goethe-moschee.de<\/a><\/p>\n","protected":false},"excerpt":{"rendered":"<p>Wir arbeiten derzeit an der Einrichtung eines Instituts f\u00fcr einen progressiven Islam. Dieses Institut soll zwei wichtige akademische Bereiche miteinander verbinden und damit eine wissenschaftliche L\u00fccke schlie\u00dfen. Zum einen soll im Kompetenzzentrum Forschung rund um das Thema liberaler Islam und progressive Koranauslegung betrieben werden. Es geht darum, die wissenschaftliche Debatte im Islam ohne Denkverbote voranzubringen [&hellip;]<\/p>\n","protected":false},"author":1,"featured_media":0,"parent":767,"menu_order":0,"comment_status":"closed","ping_status":"closed","template":"","meta":{"_coblocks_attr":"","_coblocks_dimensions":"","_coblocks_responsive_height":"","_coblocks_accordion_ie_support":"","site-sidebar-layout":"default","site-content-layout":"default","ast-site-content-layout":"default","site-content-style":"default","site-sidebar-style":"default","ast-global-header-display":"","ast-banner-title-visibility":"","ast-main-header-display":"","ast-hfb-above-header-display":"","ast-hfb-below-header-display":"","ast-hfb-mobile-header-display":"","site-post-title":"","ast-breadcrumbs-content":"","ast-featured-img":"","footer-sml-layout":"","ast-disable-related-posts":"","theme-transparent-header-meta":"default","adv-header-id-meta":"","stick-header-meta":"","header-above-stick-meta":"","header-main-stick-meta":"","header-below-stick-meta":"","astra-migrate-meta-layouts":"default","ast-page-background-enabled":"default","ast-page-background-meta":{"desktop":{"background-color":"","background-image":"","background-repeat":"repeat","background-position":"center center","background-size":"auto","background-attachment":"scroll","background-type":"","background-media":"","overlay-type":"","overlay-color":"","overlay-opacity":"","overlay-gradient":""},"tablet":{"background-color":"","background-image":"","background-repeat":"repeat","background-position":"center center","background-size":"auto","background-attachment":"scroll","background-type":"","background-media":"","overlay-type":"","overlay-color":"","overlay-opacity":"","overlay-gradient":""},"mobile":{"background-color":"","background-image":"","background-repeat":"repeat","background-position":"center center","background-size":"auto","background-attachment":"scroll","background-type":"","background-media":"","overlay-type":"","overlay-color":"","overlay-opacity":"","overlay-gradient":""}},"ast-content-background-meta":{"desktop":{"background-color":"var(--ast-global-color-5)","background-image":"","background-repeat":"repeat","background-position":"center center","background-size":"auto","background-attachment":"scroll","background-type":"","background-media":"","overlay-type":"","overlay-color":"","overlay-opacity":"","overlay-gradient":""},"tablet":{"background-color":"var(--ast-global-color-5)","background-image":"","background-repeat":"repeat","background-position":"center center","background-size":"auto","background-attachment":"scroll","background-type":"","background-media":"","overlay-type":"","overlay-color":"","overlay-opacity":"","overlay-gradient":""},"mobile":{"background-color":"var(--ast-global-color-5)","background-image":"","background-repeat":"repeat","background-position":"center center","background-size":"auto","background-attachment":"scroll","background-type":"","background-media":"","overlay-type":"","overlay-color":"","overlay-opacity":"","overlay-gradient":""}},"ngg_post_thumbnail":0,"jetpack_post_was_ever_published":false,"_mc_calendar":[],"footnotes":""},"class_list":["post-3806","page","type-page","status-publish","hentry"],"translation":{"provider":"WPGlobus","version":"3.0.2","language":"ar","enabled_languages":["de","en","ar","zh","id"],"languages":{"de":{"title":true,"content":true,"excerpt":false},"en":{"title":true,"content":true,"excerpt":false},"ar":{"title":false,"content":false,"excerpt":false},"zh":{"title":true,"content":true,"excerpt":false},"id":{"title":true,"content":true,"excerpt":false}}},"jetpack_sharing_enabled":true,"jetpack_shortlink":"https:\/\/wp.me\/P8MR6N-Zo","_links":{"self":[{"href":"https:\/\/www.ibn-rushd-goethe-moschee.de\/ar\/wp-json\/wp\/v2\/pages\/3806","targetHints":{"allow":["GET"]}}],"collection":[{"href":"https:\/\/www.ibn-rushd-goethe-moschee.de\/ar\/wp-json\/wp\/v2\/pages"}],"about":[{"href":"https:\/\/www.ibn-rushd-goethe-moschee.de\/ar\/wp-json\/wp\/v2\/types\/page"}],"author":[{"embeddable":true,"href":"https:\/\/www.ibn-rushd-goethe-moschee.de\/ar\/wp-json\/wp\/v2\/users\/1"}],"replies":[{"embeddable":true,"href":"https:\/\/www.ibn-rushd-goethe-moschee.de\/ar\/wp-json\/wp\/v2\/comments?post=3806"}],"version-history":[{"count":8,"href":"https:\/\/www.ibn-rushd-goethe-moschee.de\/ar\/wp-json\/wp\/v2\/pages\/3806\/revisions"}],"predecessor-version":[{"id":6840,"href":"https:\/\/www.ibn-rushd-goethe-moschee.de\/ar\/wp-json\/wp\/v2\/pages\/3806\/revisions\/6840"}],"up":[{"embeddable":true,"href":"https:\/\/www.ibn-rushd-goethe-moschee.de\/ar\/wp-json\/wp\/v2\/pages\/767"}],"wp:attachment":[{"href":"https:\/\/www.ibn-rushd-goethe-moschee.de\/ar\/wp-json\/wp\/v2\/media?parent=3806"}],"curies":[{"name":"wp","href":"https:\/\/api.w.org\/{rel}","templated":true}]}}