{"id":216,"date":"2018-08-29T15:57:02","date_gmt":"2018-08-29T13:57:02","guid":{"rendered":"http:\/\/test.ibn-rushd-goethe-moschee.de\/?page_id=216"},"modified":"2021-02-08T12:29:12","modified_gmt":"2021-02-08T11:29:12","slug":"positionspapiere","status":"publish","type":"page","link":"https:\/\/www.ibn-rushd-goethe-moschee.de\/ar\/texte\/positionspapiere\/","title":{"rendered":"\u0623\u0631\u0627\u0621 \u0648\u0645\u0648\u0627\u0642\u0641 (\u0623\u0648\u0631\u0627\u0642 \u0628\u062d\u062b\u064a\u0629)."},"content":{"rendered":"<div class=\"grid-plus-container grid-69db148e4c127 positionspapiere1 \"\n     id=\"69db148e4c127\"\n     data-grid-name=\"Positionspapiere\"\n     data-animation=\"fadeInUp\">\n    <div class=\"grid-stack-container grid-plus-inner\"\n         data-ajax-url=\"https:\/\/www.ibn-rushd-goethe-moschee.de\/wp-admin\/admin-ajax.php\"\n         data-grid-id=\"5c3726d16b6b3\"\n         data-current-category=\"\"\n         data-section-id=\"69db148e4c127\"\n         data-gutter=\"10\"\n         data-columns=\"3\"\n         data-height-ratio=\"1\"\n         data-width-ratio=\"1\"\n         data-desktop-columns=\"3\"\n         data-tablet-columns=\"2\"\n         data-mobile-columns=\"1\"\n         data-layout-type=\"grid\"\n         data-fix-item-height=\"true\"\n         data-nonce=\"5dc58d5bfb\"\n    >\n        \n        <div class=\"grid-stack grid-stack-3\" data-layout=\"grid\"\n             style=\"height: 4390px\">\n        <\/div>\n        <div class=\"grid-items\">\n                            <div class=\"item\" data-gs-x=\"0\"\n                     data-gs-y=\"0\"\n                     data-gs-width=\"1\"\n                     data-gs-height=\"44\"\n                     data-skin=\"thumbnail-icon-title-excerpt\"\n\n                     data-desktop-gs-x=\"0\"\n                     data-desktop-gs-y=\"0\"\n                     data-desktop-gs-width=\"1\"\n                     data-desktop-gs-height=\"44\"\n                     data-desktop-skin=\"thumbnail-icon-title-excerpt\"\n\n                     data-image-width=\"600\"\n                     data-image-height=\"600\"\n                >\n                    <div class=\"grid-post-item thumbnail-title\" data-post-info-class=\"post-info\">\n    <div class=\"thumbnail-image\" data-img=\"https:\/\/www.ibn-rushd-goethe-moschee.de\/wp-content\/uploads\/2019\/01\/600px-Religious_symbols.svg_.png\">\n                    <img decoding=\"async\" src=\"https:\/\/www.ibn-rushd-goethe-moschee.de\/wp-content\/uploads\/2019\/01\/600px-Religious_symbols.svg_.png\" alt=\"Interreligi\u00f6ser Dialog\" >\n                <div class=\"hover-outer transition-30\">\n                            <a href=\"https:\/\/www.ibn-rushd-goethe-moschee.de\/ar\/positionspapiere1\/interreligioeser-dialog\/\" title=\"Interreligi\u00f6ser Dialog\"><\/a>\n                        <div class=\"hover-inner transition-50\">\n                <div class=\"icon-groups\">\n                                            <a href=\"https:\/\/www.ibn-rushd-goethe-moschee.de\/ar\/positionspapiere1\/interreligioeser-dialog\/\" class=\"view-detail\" ><i class=\"fa fa-link\"><\/i><\/a>\n                                        <a href=\"javascript:;\" data-src=\"https:\/\/www.ibn-rushd-goethe-moschee.de\/wp-content\/uploads\/2019\/01\/600px-Religious_symbols.svg_.png\" class=\"view-gallery\" data-post-id=\"3546\"\n                       data-ajax-url=\"https:\/\/www.ibn-rushd-goethe-moschee.de\/wp-admin\/admin-ajax.php\"><i class=\"fa fa-search\"><\/i><\/a>\n                <\/div>\n            <\/div>\n        <\/div>\n    <\/div>\n    <div class=\"post-info\">\n                    <div class=\"title\">\n                                    <a href=\"https:\/\/www.ibn-rushd-goethe-moschee.de\/ar\/positionspapiere1\/interreligioeser-dialog\/\" title=\"Interreligi\u00f6ser Dialog\">Interreligi\u00f6ser Dialog<\/a>\n                            <\/div>\n                            <div class=\"excerpt\">Interreligi\u00f6ser Dialog Im Islam besteht eine Verpflichtung zum Frieden und damit zum Dialog. Zwei Dialogformen k\u00f6nnen unterschieden werden. Interreligi\u00f6ser Dialog bedeutet, mit Vertretern anderer Religionen ins Gespr\u00e4ch zu kommen. Er unterscheidet sich vom innerreligi\u00f6sen Dialog, bei dem die Gespr\u00e4che innerhalb derselben Religion, meist von Vertretern unterschiedlicher Str\u00f6mungen, stattfinden. Im Bereich der Religionen gibt es derzeit [&hellip;]<\/div>\n            <\/div>\n<\/div>\n                <\/div>\n                                <div class=\"item\" data-gs-x=\"1\"\n                     data-gs-y=\"0\"\n                     data-gs-width=\"1\"\n                     data-gs-height=\"44\"\n                     data-skin=\"thumbnail-icon-title-excerpt\"\n\n                     data-desktop-gs-x=\"1\"\n                     data-desktop-gs-y=\"0\"\n                     data-desktop-gs-width=\"1\"\n                     data-desktop-gs-height=\"44\"\n                     data-desktop-skin=\"thumbnail-icon-title-excerpt\"\n\n                     data-image-width=\"500\"\n                     data-image-height=\"335\"\n                >\n                    <div class=\"grid-post-item thumbnail-title\" data-post-info-class=\"post-info\">\n    <div class=\"thumbnail-image\" data-img=\"https:\/\/www.ibn-rushd-goethe-moschee.de\/wp-content\/uploads\/2018\/11\/photo-1526375985018-5f245444b86d.jpg\">\n                    <img decoding=\"async\" src=\"https:\/\/www.ibn-rushd-goethe-moschee.de\/wp-content\/uploads\/2018\/11\/photo-1526375985018-5f245444b86d.jpg\" alt=\"Positionspapier \u201eScheidung im Islam\u201c\" >\n                <div class=\"hover-outer transition-30\">\n                            <a href=\"https:\/\/www.ibn-rushd-goethe-moschee.de\/ar\/positionspapiere1\/positionspapier-scheidung-im-islam\/\" title=\"Positionspapier \u201eScheidung im Islam\u201c\"><\/a>\n                        <div class=\"hover-inner transition-50\">\n                <div class=\"icon-groups\">\n                                            <a href=\"https:\/\/www.ibn-rushd-goethe-moschee.de\/ar\/positionspapiere1\/positionspapier-scheidung-im-islam\/\" class=\"view-detail\" ><i class=\"fa fa-link\"><\/i><\/a>\n                                        <a href=\"javascript:;\" data-src=\"https:\/\/www.ibn-rushd-goethe-moschee.de\/wp-content\/uploads\/2018\/11\/photo-1526375985018-5f245444b86d.jpg\" class=\"view-gallery\" data-post-id=\"1154\"\n                       data-ajax-url=\"https:\/\/www.ibn-rushd-goethe-moschee.de\/wp-admin\/admin-ajax.php\"><i class=\"fa fa-search\"><\/i><\/a>\n                <\/div>\n            <\/div>\n        <\/div>\n    <\/div>\n    <div class=\"post-info\">\n                    <div class=\"title\">\n                                    <a href=\"https:\/\/www.ibn-rushd-goethe-moschee.de\/ar\/positionspapiere1\/positionspapier-scheidung-im-islam\/\" title=\"Positionspapier \u201eScheidung im Islam\u201c\">Positionspapier \u201eScheidung im Islam\u201c<\/a>\n                            <\/div>\n                            <div class=\"excerpt\">Die Ibn Rushd-Goethe Moschee hat sich in einem ersten Positionspapier mit der Frage von Scheidungen im Islam auseinander gesetzt. Sehr h\u00e4ufig erreichen uns hierzu Anfragen und insbesondere das Scheidungsrecht f\u00fcr Frauen ist f\u00fcr viele Menschen dabei von gro\u00dfen Interesse. Das Papier legt dar, wie unsere Gemeinde mit Scheidungen umgeht, auf welche Koranverse wir unsere Entscheidung [&hellip;]<\/div>\n            <\/div>\n<\/div>\n                <\/div>\n                        <\/div>\n\n            <\/div>\n<\/div>\n\n","protected":false},"excerpt":{"rendered":"","protected":false},"author":1,"featured_media":0,"parent":1053,"menu_order":0,"comment_status":"closed","ping_status":"closed","template":"","meta":{"_coblocks_attr":"","_coblocks_dimensions":"","_coblocks_responsive_height":"","_coblocks_accordion_ie_support":"","site-sidebar-layout":"default","site-content-layout":"default","ast-site-content-layout":"default","site-content-style":"default","site-sidebar-style":"default","ast-global-header-display":"","ast-banner-title-visibility":"","ast-main-header-display":"","ast-hfb-above-header-display":"","ast-hfb-below-header-display":"","ast-hfb-mobile-header-display":"","site-post-title":"","ast-breadcrumbs-content":"","ast-featured-img":"","footer-sml-layout":"","ast-disable-related-posts":"","theme-transparent-header-meta":"default","adv-header-id-meta":"","stick-header-meta":"","header-above-stick-meta":"","header-main-stick-meta":"","header-below-stick-meta":"","astra-migrate-meta-layouts":"default","ast-page-background-enabled":"default","ast-page-background-meta":{"desktop":{"background-color":"","background-image":"","background-repeat":"repeat","background-position":"center center","background-size":"auto","background-attachment":"scroll","background-type":"","background-media":"","overlay-type":"","overlay-color":"","overlay-opacity":"","overlay-gradient":""},"tablet":{"background-color":"","background-image":"","background-repeat":"repeat","background-position":"center center","background-size":"auto","background-attachment":"scroll","background-type":"","background-media":"","overlay-type":"","overlay-color":"","overlay-opacity":"","overlay-gradient":""},"mobile":{"background-color":"","background-image":"","background-repeat":"repeat","background-position":"center center","background-size":"auto","background-attachment":"scroll","background-type":"","background-media":"","overlay-type":"","overlay-color":"","overlay-opacity":"","overlay-gradient":""}},"ast-content-background-meta":{"desktop":{"background-color":"var(--ast-global-color-5)","background-image":"","background-repeat":"repeat","background-position":"center center","background-size":"auto","background-attachment":"scroll","background-type":"","background-media":"","overlay-type":"","overlay-color":"","overlay-opacity":"","overlay-gradient":""},"tablet":{"background-color":"var(--ast-global-color-5)","background-image":"","background-repeat":"repeat","background-position":"center center","background-size":"auto","background-attachment":"scroll","background-type":"","background-media":"","overlay-type":"","overlay-color":"","overlay-opacity":"","overlay-gradient":""},"mobile":{"background-color":"var(--ast-global-color-5)","background-image":"","background-repeat":"repeat","background-position":"center center","background-size":"auto","background-attachment":"scroll","background-type":"","background-media":"","overlay-type":"","overlay-color":"","overlay-opacity":"","overlay-gradient":""}},"ngg_post_thumbnail":0,"jetpack_post_was_ever_published":false,"_mc_calendar":[],"footnotes":""},"class_list":["post-216","page","type-page","status-publish","hentry"],"translation":{"provider":"WPGlobus","version":"3.0.2","language":"ar","enabled_languages":["de","en","ar","zh","id"],"languages":{"de":{"title":true,"content":true,"excerpt":false},"en":{"title":true,"content":false,"excerpt":false},"ar":{"title":true,"content":false,"excerpt":false},"zh":{"title":true,"content":false,"excerpt":false},"id":{"title":true,"content":false,"excerpt":false}}},"jetpack_sharing_enabled":true,"jetpack_shortlink":"https:\/\/wp.me\/P8MR6N-3u","_links":{"self":[{"href":"https:\/\/www.ibn-rushd-goethe-moschee.de\/ar\/wp-json\/wp\/v2\/pages\/216","targetHints":{"allow":["GET"]}}],"collection":[{"href":"https:\/\/www.ibn-rushd-goethe-moschee.de\/ar\/wp-json\/wp\/v2\/pages"}],"about":[{"href":"https:\/\/www.ibn-rushd-goethe-moschee.de\/ar\/wp-json\/wp\/v2\/types\/page"}],"author":[{"embeddable":true,"href":"https:\/\/www.ibn-rushd-goethe-moschee.de\/ar\/wp-json\/wp\/v2\/users\/1"}],"replies":[{"embeddable":true,"href":"https:\/\/www.ibn-rushd-goethe-moschee.de\/ar\/wp-json\/wp\/v2\/comments?post=216"}],"version-history":[{"count":66,"href":"https:\/\/www.ibn-rushd-goethe-moschee.de\/ar\/wp-json\/wp\/v2\/pages\/216\/revisions"}],"predecessor-version":[{"id":9185,"href":"https:\/\/www.ibn-rushd-goethe-moschee.de\/ar\/wp-json\/wp\/v2\/pages\/216\/revisions\/9185"}],"up":[{"embeddable":true,"href":"https:\/\/www.ibn-rushd-goethe-moschee.de\/ar\/wp-json\/wp\/v2\/pages\/1053"}],"wp:attachment":[{"href":"https:\/\/www.ibn-rushd-goethe-moschee.de\/ar\/wp-json\/wp\/v2\/media?parent=216"}],"curies":[{"name":"wp","href":"https:\/\/api.w.org\/{rel}","templated":true}]}}