{"id":213,"date":"2018-08-29T15:57:02","date_gmt":"2018-08-29T13:57:02","guid":{"rendered":"http:\/\/test.ibn-rushd-goethe-moschee.de\/?page_id=213"},"modified":"2026-04-20T21:45:16","modified_gmt":"2026-04-20T19:45:16","slug":"kalender","status":"publish","type":"page","link":"https:\/\/www.ibn-rushd-goethe-moschee.de\/ar\/kalender\/","title":{"rendered":"\u0627\u0644\u062a\u0642\u0648\u064a\u0645 (\u0623\u0644\u0645\u0627\u0646\u064a)"},"content":{"rendered":"\n<p class=\"has-background\" style=\"background-color:#ffc8c8\">Aufgrund der aktuellen Lage ist der Besuch der Moschee nur f\u00fcr eine begrenzte Anzahl von Personen m\u00f6glich.<br>Bitte melden Sie an, wenn Sie am Freitagsgebet teilnehmen m\u00f6chten. Das Freitagsgebet wird auch in Zukunft f\u00fcr Sie Online zur Verf\u00fcgung sein.<br>F\u00fcr Seelsorge und andere Termine stehen wir Ihnen gerne <span style=\"text-decoration: underline;\">Telefonisch<\/span> oder mit <span style=\"text-decoration: underline;\">Terminvereinbarung<\/span> auch pers\u00f6nlich zur Verf\u00fcgung! Einen Termin k\u00f6nnen Sie per Email (<a href=\"mailto:mok@ibn-rushd-goethe-moschee.de\">mok@ibn-rushd-goethe-moschee.de<\/a>) or per Telefon (030\/ 40753910) vereinbaren.<br>Wir bitten um Ihr Verst\u00e4ndnis!<br><a href=\"https:\/\/www.ibn-rushd-goethe-moschee.de\/anmeldung\/\">Hier k\u00f6nnen Sie sich anmelden!<\/a><\/p>\n\n\n\r\n<div id='my-calendar' class='mc-main mcjs listjs gridjs minijs ajaxjs twentytwenty calendar month my-calendar is-main-view' ><h2 id=\"mc_head_my-calendar\" class=\"heading my-calendar-month\"><span>Events in Mai 2026<\/span><\/h2>\n\n<nav class=\"my-calendar-navigation\" aria-label=\"Calendar (top)\">\n<div class=\"my-calendar-header\"><div class='mc-format'>\r\n\t\t<ul><li><button type='button' id='mc_grid-my-calendar' data-href='https:\/\/www.ibn-rushd-goethe-moschee.de\/ar\/kalender\/?format=calendar' aria-pressed=\"true\" class='mc-navigation-button mc-grid-option mc-active'><span class='mc-icon' aria-hidden='true'><\/span><span class=\"maybe-hide\">View as <\/span>Grid<\/button><\/li><li><button type='button' id='mc_list-my-calendar' data-href='https:\/\/www.ibn-rushd-goethe-moschee.de\/ar\/kalender\/?format=list'  class='mc-navigation-button mc-list-option'><span class='mc-icon' aria-hidden='true'><\/span><span class=\"maybe-hide\">View as <\/span>List<\/button><\/li><\/ul>\r\n\t\t<\/div><div class='mc-time'><ul><li><button type='button' id='mc_month-my-calendar' data-href='https:\/\/www.ibn-rushd-goethe-moschee.de\/ar\/kalender\/?cid=my-calendar&#038;time=month' class='mc-navigation-button month mc-active' aria-pressed='true'>Month<\/button><\/li><li><button type='button' id='mc_week-my-calendar' data-href='https:\/\/www.ibn-rushd-goethe-moschee.de\/ar\/kalender\/?cid=my-calendar&#038;dy=4&#038;month=5&#038;time=week&#038;yr=2026' class='mc-navigation-button week'>Week<\/button><\/li><li><button type='button' id='mc_day-my-calendar' data-href='https:\/\/www.ibn-rushd-goethe-moschee.de\/ar\/kalender\/?cid=my-calendar&#038;dy=4&#038;time=day' class='mc-navigation-button day'>Day<\/button><li><\/ul><\/div><div class=\"my-calendar-date-switcher\"><form class=\"mc-date-switcher\" action=\"https:\/\/www.ibn-rushd-goethe-moschee.de\/ar\/wp-json\/wp\/v2\/pages\/213\/\" method=\"get\"><div><input type=\"hidden\" name=\"cid\" value=\"my-calendar\" \/> <label class=\"maybe-hide\" for=\"my-calendar-month\">Month<\/label> <select id=\"my-calendar-month\" name=\"month\">\n<option value='1'>Januar<\/option>\n<option value='2'>Februar<\/option>\n<option value='3'>M\u00e4rz<\/option>\n<option value='4'>April<\/option>\n<option value='5' selected='selected'>Mai<\/option>\n<option value='6'>Juni<\/option>\n<option value='7'>Juli<\/option>\n<option value='8'>August<\/option>\n<option value='9'>September<\/option>\n<option value='10'>Oktober<\/option>\n<option value='11'>November<\/option>\n<option value='12'>Dezember<\/option>\n<\/select>\n <label class=\"maybe-hide\" for=\"my-calendar-year\">Year<\/label> <select id=\"my-calendar-year\" name=\"yr\">\n<option value=\"2020\">2020<\/option>\n<option value=\"2021\">2021<\/option>\n<option value=\"2022\">2022<\/option>\n<option value=\"2023\">2023<\/option>\n<option value=\"2024\">2024<\/option>\n<option value=\"2025\">2025<\/option>\n<option value=\"2026\" selected='selected'>2026<\/option>\n<\/select> <input type=\"submit\" class=\"button\" id=\"my-calendar-button\" value=\"Go\" \/><\/div><\/form><\/div>\r\n\t\t<div class=\"my-calendar-nav\">\r\n\t\t\t<ul>\r\n\t\t\t\t<li class=\"my-calendar-prev\"><button type=\"button\" class=\"mc-navigation-button\" id=\"mc_previous_my-calendar\" data-href=\"https:\/\/www.ibn-rushd-goethe-moschee.de\/ar\/kalender\/?cid=my-calendar&#038;dy&#038;month=4&#038;time=month&#038;yr=2026\"><span class=\"mc-icon\" aria-hidden=\"true\"><\/span><span class=\"maybe-hide\">Previous <\/span><\/button><\/li><li class=\"my-calendar-today\"><button type=\"button\" id=\"mc_today_my-calendar\" data-href=\"https:\/\/www.ibn-rushd-goethe-moschee.de\/ar\/kalender\/?cid=my-calendar\" class=\"mc-navigation-button today mc-active\" aria-current=\"true\"><span class=\"mc-icon\" aria-hidden=\"true\"><\/span>Today<\/button><\/li>\r\n\t\t\t<\/ul>\r\n\t\t<\/div><\/div>\n<\/nav>\n<div class=\"mc-content\">\n<table class='my-calendar-table' aria-labelledby='mc_head_my-calendar'>\n<thead>\n\t<tr class='mc-row'>\n\t\t<th scope=\"col\" class='day-heading mon'><abbr title=\"Montag\" aria-hidden=\"true\">Mo.<\/abbr><span class=\"screen-reader-text\">Montag<\/span><\/th>\n\n\t\t<th scope=\"col\" class='day-heading tues'><abbr title=\"Dienstag\" aria-hidden=\"true\">Di.<\/abbr><span class=\"screen-reader-text\">Dienstag<\/span><\/th>\n\n\t\t<th scope=\"col\" class='day-heading wed'><abbr title=\"Mittwoch\" aria-hidden=\"true\">Mi.<\/abbr><span class=\"screen-reader-text\">Mittwoch<\/span><\/th>\n\n\t\t<th scope=\"col\" class='day-heading thur'><abbr title=\"Donnerstag\" aria-hidden=\"true\">Do.<\/abbr><span class=\"screen-reader-text\">Donnerstag<\/span><\/th>\n\n\t\t<th scope=\"col\" class='day-heading fri'><abbr title=\"Freitag\" aria-hidden=\"true\">Fr.<\/abbr><span class=\"screen-reader-text\">Freitag<\/span><\/th>\n\n\t\t<th scope=\"col\" class='weekend-heading sat'><abbr title=\"Samstag\" aria-hidden=\"true\">Sa.<\/abbr><span class=\"screen-reader-text\">Samstag<\/span><\/th>\n\n\t\t<th scope=\"col\" class='weekend-heading sun'><abbr title=\"Sonntag\" aria-hidden=\"true\">So.<\/abbr><span class=\"screen-reader-text\">Sonntag<\/span><\/th>\n\t<\/tr>\n<\/thead>\n<tbody>\n<tr class='mc-row'><td class='no-events montag mo past-day past-date  nextmonth no-events day-with-date'><div class='mc-date-container'><span class='mc-date no-events'><span aria-hidden='true'>27<\/span><span class='screen-reader-text'>April 27, 2026<\/span><\/span><\/div>\n<\/td>\n<td class='no-events dienstag di past-day past-date  nextmonth no-events day-with-date'><div class='mc-date-container'><span class='mc-date no-events'><span aria-hidden='true'>28<\/span><span class='screen-reader-text'>April 28, 2026<\/span><\/span><\/div>\n<\/td>\n<td class='no-events mittwoch mi past-day past-date  nextmonth no-events day-with-date'><div class='mc-date-container'><span class='mc-date no-events'><span aria-hidden='true'>29<\/span><span class='screen-reader-text'>April 29, 2026<\/span><\/span><\/div>\n<\/td>\n<td class='no-events donnerstag do past-day past-date  nextmonth no-events day-with-date'><div class='mc-date-container'><span class='mc-date no-events'><span aria-hidden='true'>30<\/span><span class='screen-reader-text'>April 30, 2026<\/span><\/span><\/div>\n<\/td>\n<td class='no-events freitag fr past-day past-date   no-events day-with-date'><div class='mc-date-container'><span class='mc-date no-events'><span aria-hidden='true'>1<\/span><span class='screen-reader-text'>Mai 1, 2026<\/span><\/span><\/div>\n<\/td>\n<td class='no-events samstag sa past-day past-date weekend  no-events day-with-date'><div class='mc-date-container'><span class='mc-date no-events'><span aria-hidden='true'>2<\/span><span class='screen-reader-text'>Mai 2, 2026<\/span><\/span><\/div>\n<\/td>\n<td class='no-events sonntag so past-day past-date weekend  no-events day-with-date'><div class='mc-date-container'><span class='mc-date no-events'><span aria-hidden='true'>3<\/span><span class='screen-reader-text'>Mai 3, 2026<\/span><\/span><\/div>\n<\/td>\n<\/tr>\n<!-- End Event Row -->\n<tr class='mc-row'><td class='no-events montag mo past-day past-date   no-events day-with-date'><div class='mc-date-container'><span class='mc-date no-events'><span aria-hidden='true'>4<\/span><span class='screen-reader-text'>Mai 4, 2026<\/span><\/span><\/div>\n<\/td>\n<td class='no-events dienstag di past-day past-date   no-events day-with-date'><div class='mc-date-container'><span class='mc-date no-events'><span aria-hidden='true'>5<\/span><span class='screen-reader-text'>Mai 5, 2026<\/span><\/span><\/div>\n<\/td>\n<td class='no-events mittwoch mi past-day past-date   no-events day-with-date'><div class='mc-date-container'><span class='mc-date no-events'><span aria-hidden='true'>6<\/span><span class='screen-reader-text'>Mai 6, 2026<\/span><\/span><\/div>\n<\/td>\n<td aria-current=\"date\" class='no-events donnerstag do current-day   no-events day-with-date'><div class='mc-date-container'><span class='mc-date no-events'><span aria-hidden='true'>7<\/span><span class='screen-reader-text'>Mai 7, 2026<\/span><\/span><\/div>\n<\/td>\n<td class='no-events freitag fr future-day   no-events day-with-date'><div class='mc-date-container'><span class='mc-date no-events'><span aria-hidden='true'>8<\/span><span class='screen-reader-text'>Mai 8, 2026<\/span><\/span><\/div>\n<\/td>\n<td class='no-events samstag sa future-day weekend  no-events day-with-date'><div class='mc-date-container'><span class='mc-date no-events'><span aria-hidden='true'>9<\/span><span class='screen-reader-text'>Mai 9, 2026<\/span><\/span><\/div>\n<\/td>\n<td class='no-events sonntag so future-day weekend  no-events day-with-date'><div class='mc-date-container'><span class='mc-date no-events'><span aria-hidden='true'>10<\/span><span class='screen-reader-text'>Mai 10, 2026<\/span><\/span><\/div>\n<\/td>\n<\/tr>\n<!-- End Event Row -->\n<tr class='mc-row'><td class='no-events montag mo future-day   no-events day-with-date'><div class='mc-date-container'><span class='mc-date no-events'><span aria-hidden='true'>11<\/span><span class='screen-reader-text'>Mai 11, 2026<\/span><\/span><\/div>\n<\/td>\n<td class='no-events dienstag di future-day   no-events day-with-date'><div class='mc-date-container'><span class='mc-date no-events'><span aria-hidden='true'>12<\/span><span class='screen-reader-text'>Mai 12, 2026<\/span><\/span><\/div>\n<\/td>\n<td class='no-events mittwoch mi future-day   no-events day-with-date'><div class='mc-date-container'><span class='mc-date no-events'><span aria-hidden='true'>13<\/span><span class='screen-reader-text'>Mai 13, 2026<\/span><\/span><\/div>\n<\/td>\n<td class='no-events donnerstag do future-day   no-events day-with-date'><div class='mc-date-container'><span class='mc-date no-events'><span aria-hidden='true'>14<\/span><span class='screen-reader-text'>Mai 14, 2026<\/span><\/span><\/div>\n<\/td>\n<td class='no-events freitag fr future-day   no-events day-with-date'><div class='mc-date-container'><span class='mc-date no-events'><span aria-hidden='true'>15<\/span><span class='screen-reader-text'>Mai 15, 2026<\/span><\/span><\/div>\n<\/td>\n<td class='no-events samstag sa future-day weekend  no-events day-with-date'><div class='mc-date-container'><span class='mc-date no-events'><span aria-hidden='true'>16<\/span><span class='screen-reader-text'>Mai 16, 2026<\/span><\/span><\/div>\n<\/td>\n<td class='no-events sonntag so future-day weekend  no-events day-with-date'><div class='mc-date-container'><span class='mc-date no-events'><span aria-hidden='true'>17<\/span><span class='screen-reader-text'>Mai 17, 2026<\/span><\/span><\/div>\n<\/td>\n<\/tr>\n<!-- End Event Row -->\n<tr class='mc-row'><td class='no-events montag mo future-day   no-events day-with-date'><div class='mc-date-container'><span class='mc-date no-events'><span aria-hidden='true'>18<\/span><span class='screen-reader-text'>Mai 18, 2026<\/span><\/span><\/div>\n<\/td>\n<td class='no-events dienstag di future-day   no-events day-with-date'><div class='mc-date-container'><span class='mc-date no-events'><span aria-hidden='true'>19<\/span><span class='screen-reader-text'>Mai 19, 2026<\/span><\/span><\/div>\n<\/td>\n<td class='no-events mittwoch mi future-day   no-events day-with-date'><div class='mc-date-container'><span class='mc-date no-events'><span aria-hidden='true'>20<\/span><span class='screen-reader-text'>Mai 20, 2026<\/span><\/span><\/div>\n<\/td>\n<td class='no-events donnerstag do future-day   no-events day-with-date'><div class='mc-date-container'><span class='mc-date no-events'><span aria-hidden='true'>21<\/span><span class='screen-reader-text'>Mai 21, 2026<\/span><\/span><\/div>\n<\/td>\n<td class='no-events freitag fr future-day   no-events day-with-date'><div class='mc-date-container'><span class='mc-date no-events'><span aria-hidden='true'>22<\/span><span class='screen-reader-text'>Mai 22, 2026<\/span><\/span><\/div>\n<\/td>\n<td class='no-events samstag sa future-day weekend  no-events day-with-date'><div class='mc-date-container'><span class='mc-date no-events'><span aria-hidden='true'>23<\/span><span class='screen-reader-text'>Mai 23, 2026<\/span><\/span><\/div>\n<\/td>\n<td class='no-events sonntag so future-day weekend  no-events day-with-date'><div class='mc-date-container'><span class='mc-date no-events'><span aria-hidden='true'>24<\/span><span class='screen-reader-text'>Mai 24, 2026<\/span><\/span><\/div>\n<\/td>\n<\/tr>\n<!-- End Event Row -->\n<tr class='mc-row'><td class='no-events montag mo future-day   no-events day-with-date'><div class='mc-date-container'><span class='mc-date no-events'><span aria-hidden='true'>25<\/span><span class='screen-reader-text'>Mai 25, 2026<\/span><\/span><\/div>\n<\/td>\n<td class='no-events dienstag di future-day   no-events day-with-date'><div class='mc-date-container'><span class='mc-date no-events'><span aria-hidden='true'>26<\/span><span class='screen-reader-text'>Mai 26, 2026<\/span><\/span><\/div>\n<\/td>\n<td class='no-events mittwoch mi future-day   no-events day-with-date'><div class='mc-date-container'><span class='mc-date no-events'><span aria-hidden='true'>27<\/span><span class='screen-reader-text'>Mai 27, 2026<\/span><\/span><\/div>\n<\/td>\n<td class='no-events donnerstag do future-day   no-events day-with-date'><div class='mc-date-container'><span class='mc-date no-events'><span aria-hidden='true'>28<\/span><span class='screen-reader-text'>Mai 28, 2026<\/span><\/span><\/div>\n<\/td>\n<td class='no-events freitag fr future-day   no-events day-with-date'><div class='mc-date-container'><span class='mc-date no-events'><span aria-hidden='true'>29<\/span><span class='screen-reader-text'>Mai 29, 2026<\/span><\/span><\/div>\n<\/td>\n<td class='no-events samstag sa future-day weekend  no-events day-with-date'><div class='mc-date-container'><span class='mc-date no-events'><span aria-hidden='true'>30<\/span><span class='screen-reader-text'>Mai 30, 2026<\/span><\/span><\/div>\n<\/td>\n<td class='no-events sonntag so future-day weekend  no-events day-with-date'><div class='mc-date-container'><span class='mc-date no-events'><span aria-hidden='true'>31<\/span><span class='screen-reader-text'>Mai 31, 2026<\/span><\/span><\/div>\n<\/td>\n<\/tr>\n<!-- End Event Row -->\n\n<\/tbody>\n<\/table><\/div><!-- .mc-content -->\n<nav class=\"my-calendar-navigation\" aria-label=\"Calendar (bottom)\">\n<div class=\"mc_bottomnav my-calendar-footer\"><div class=\"category-key no-icons\"><h2 class=\"maybe-hide\">Event Categories<\/h2>\n<ul>\n<li class=\"cat_--freitagsgebet--\"><button type=\"button\" class=\"mc-navigation-button\" id=\"mc_cat_1-my-calendar\" data-href=\"https:\/\/www.ibn-rushd-goethe-moschee.de\/ar\/kalender\/?mcat=1\" ><span class=\"category-color-sample no-icon\" style=\"background:#8bbced;\"> &nbsp; <\/span><span class=\"mc-category-title\">- Freitagsgebet -<\/span><\/button><\/li><li class=\"cat_--islamische-feiertage--\"><button type=\"button\" class=\"mc-navigation-button\" id=\"mc_cat_5-my-calendar\" data-href=\"https:\/\/www.ibn-rushd-goethe-moschee.de\/ar\/kalender\/?mcat=5\" ><span class=\"category-color-sample no-icon\" style=\"background:#332cba;\"> &nbsp; <\/span><span class=\"mc-category-title\">- Islamische Feiertage -<\/span><\/button><\/li><li class=\"cat_--veranstaltung--\"><button type=\"button\" class=\"mc-navigation-button\" id=\"mc_cat_2-my-calendar\" data-href=\"https:\/\/www.ibn-rushd-goethe-moschee.de\/ar\/kalender\/?mcat=2\" ><span class=\"category-color-sample no-icon\" style=\"background:#5679d8;\"> &nbsp; <\/span><span class=\"mc-category-title\">- Veranstaltung -<\/span><\/button><\/li><li class=\"cat_aid\"><button type=\"button\" class=\"mc-navigation-button\" id=\"mc_cat_12-my-calendar\" data-href=\"https:\/\/www.ibn-rushd-goethe-moschee.de\/ar\/kalender\/?mcat=12\" ><span class=\"category-color-sample no-icon\" style=\"background:#ff66c4;\"> &nbsp; <\/span><span class=\"mc-category-title\">A.I.D.<\/span><\/button><\/li><li class=\"cat_alevitische-feiertage\"><button type=\"button\" class=\"mc-navigation-button\" id=\"mc_cat_6-my-calendar\" data-href=\"https:\/\/www.ibn-rushd-goethe-moschee.de\/ar\/kalender\/?mcat=6\" ><span class=\"category-color-sample no-icon\" style=\"background:#dda8a8;\"> &nbsp; <\/span><span class=\"mc-category-title\">Alevitische Feiertage<\/span><\/button><\/li><li class=\"cat_buddhistische-feiertage\"><button type=\"button\" class=\"mc-navigation-button\" id=\"mc_cat_7-my-calendar\" data-href=\"https:\/\/www.ibn-rushd-goethe-moschee.de\/ar\/kalender\/?mcat=7\" ><span class=\"category-color-sample no-icon\" style=\"background:#b7ad9f;\"> &nbsp; <\/span><span class=\"mc-category-title\">Buddhistische Feiertage<\/span><\/button><\/li><li class=\"cat_christlicher-feiertag\"><button type=\"button\" class=\"mc-navigation-button\" id=\"mc_cat_3-my-calendar\" data-href=\"https:\/\/www.ibn-rushd-goethe-moschee.de\/ar\/kalender\/?mcat=3\" ><span class=\"category-color-sample no-icon\" style=\"background:#c8d6be;\"> &nbsp; <\/span><span class=\"mc-category-title\">Christlicher Feiertag<\/span><\/button><\/li><li class=\"cat_gesetzlichesonstige-feiertage\"><button type=\"button\" class=\"mc-navigation-button\" id=\"mc_cat_11-my-calendar\" data-href=\"https:\/\/www.ibn-rushd-goethe-moschee.de\/ar\/kalender\/?mcat=11\" ><span class=\"category-color-sample no-icon\" style=\"background:#ffffff;\"> &nbsp; <\/span><span class=\"mc-category-title\">Gesetzliche\/Sonstige Feiertage<\/span><\/button><\/li><li class=\"cat_hinduistische-feiertage\"><button type=\"button\" class=\"mc-navigation-button\" id=\"mc_cat_8-my-calendar\" data-href=\"https:\/\/www.ibn-rushd-goethe-moschee.de\/ar\/kalender\/?mcat=8\" ><span class=\"category-color-sample no-icon\" style=\"background:#c5ce71;\"> &nbsp; <\/span><span class=\"mc-category-title\">Hinduistische Feiertage<\/span><\/button><\/li><li class=\"cat_jesidische-feiertage\"><button type=\"button\" class=\"mc-navigation-button\" id=\"mc_cat_10-my-calendar\" data-href=\"https:\/\/www.ibn-rushd-goethe-moschee.de\/ar\/kalender\/?mcat=10\" ><span class=\"category-color-sample no-icon\" style=\"background:#bad1c3;\"> &nbsp; <\/span><span class=\"mc-category-title\">Jesidische Feiertage<\/span><\/button><\/li><li class=\"cat_jdische-feiertage\"><button type=\"button\" class=\"mc-navigation-button\" id=\"mc_cat_4-my-calendar\" data-href=\"https:\/\/www.ibn-rushd-goethe-moschee.de\/ar\/kalender\/?mcat=4\" ><span class=\"category-color-sample no-icon\" style=\"background:#fffbd1;\"> &nbsp; <\/span><span class=\"mc-category-title\">J\u00fcdische Feiertage<\/span><\/button><\/li><li class=\"cat_sikh-feiertage\"><button type=\"button\" class=\"mc-navigation-button\" id=\"mc_cat_9-my-calendar\" data-href=\"https:\/\/www.ibn-rushd-goethe-moschee.de\/ar\/kalender\/?mcat=9\" ><span class=\"category-color-sample no-icon\" style=\"background:#966692;\"> &nbsp; <\/span><span class=\"mc-category-title\">Sikh Feiertage<\/span><\/button><\/li><li class='all-categories'><span class='mc-active' id='mc_cat_all-my-calendar' tabindex='-1'>All Categories<\/span><\/li><\/ul><\/div><div class='mc-print'><a id='mc_print-my-calendar' href='https:\/\/www.ibn-rushd-goethe-moschee.de\/ar?cid=mc-print-view&#038;dy=1&#038;href=https%3A%2F%2Fwww.ibn-rushd-goethe-moschee.de%2Far%2Fwp-json%2Fwp%2Fv2%2Fpages%2F213%2F&#038;month=5&#038;time=month&#038;yr=2026' rel='nofollow'><span class='mc-icon' aria-hidden='true'><\/span>Print<span class=\"maybe-hide\"> View<\/span><\/a><\/div><div class='mc-export mc-subscribe'>\r\n\t<ul><li class='ics google'><a href='https:\/\/www.google.com\/calendar\/render?cid=webcal:\/\/www.ibn-rushd-goethe-moschee.de\/ar\/feed\/my-calendar-google\/' rel='nofollow'><span class='mc-icon' aria-hidden='true'><\/span><span class=\"maybe-hide\">Subscribe in <\/span>Google<\/a><\/li><li class='ics ical'><a href='webcal:\/\/www.ibn-rushd-goethe-moschee.de\/ar\/feed\/my-calendar-google\/' rel='nofollow'><span class='mc-icon' aria-hidden='true'><\/span><span class=\"maybe-hide\">Subscribe in <\/span>iCal<\/a><\/li><\/ul>\r\n<\/div><div class='mc-export mc-download'>\r\n\t<ul><li class='ics google'><a href='https:\/\/www.google.com\/calendar\/render?cid=https:\/\/www.ibn-rushd-goethe-moschee.de\/ar\/feed\/my-calendar-ics\/?dy=1&#038;month=5&#038;nmonth&#038;nyr&#038;time=month&#038;yr=2026' rel='nofollow'><span class='mc-icon' aria-hidden='true'><\/span><span class=\"maybe-hide\">Export to <\/span>Google<\/a><\/li><li class='ics ical'><a href='https:\/\/www.ibn-rushd-goethe-moschee.de\/ar\/feed\/my-calendar-ics\/?dy=1&#038;month=5&#038;nmonth&#038;nyr&#038;time=month&#038;yr=2026' rel='nofollow'><span class='mc-icon' aria-hidden='true'><\/span><span class=\"maybe-hide\">Export to <\/span>iCal<\/a><\/li><\/ul>\r\n<\/div><\/div>\n<\/nav>\n\r\n<\/div><!-- Close Main My Calendar Wrapper -->\n","protected":false},"excerpt":{"rendered":"<p>Aufgrund der aktuellen Lage ist der Besuch der Moschee nur f\u00fcr eine begrenzte Anzahl von Personen m\u00f6glich.Bitte melden Sie an, wenn Sie am Freitagsgebet teilnehmen m\u00f6chten. Das Freitagsgebet wird auch in Zukunft f\u00fcr Sie Online zur Verf\u00fcgung sein.F\u00fcr Seelsorge und andere Termine stehen wir Ihnen gerne Telefonisch oder mit Terminvereinbarung auch pers\u00f6nlich zur Verf\u00fcgung! Einen [&hellip;]<\/p>\n","protected":false},"author":4,"featured_media":0,"parent":0,"menu_order":0,"comment_status":"closed","ping_status":"closed","template":"","meta":{"_coblocks_attr":"","_coblocks_dimensions":"","_coblocks_responsive_height":"","_coblocks_accordion_ie_support":"","site-sidebar-layout":"no-sidebar","site-content-layout":"default","ast-site-content-layout":"default","site-content-style":"default","site-sidebar-style":"default","ast-global-header-display":"","ast-banner-title-visibility":"","ast-main-header-display":"","ast-hfb-above-header-display":"","ast-hfb-below-header-display":"","ast-hfb-mobile-header-display":"","site-post-title":"","ast-breadcrumbs-content":"","ast-featured-img":"disabled","footer-sml-layout":"","ast-disable-related-posts":"","theme-transparent-header-meta":"default","adv-header-id-meta":"","stick-header-meta":"","header-above-stick-meta":"","header-main-stick-meta":"","header-below-stick-meta":"","astra-migrate-meta-layouts":"default","ast-page-background-enabled":"default","ast-page-background-meta":{"desktop":{"background-color":"","background-image":"","background-repeat":"repeat","background-position":"center center","background-size":"auto","background-attachment":"scroll","background-type":"","background-media":"","overlay-type":"","overlay-color":"","overlay-opacity":"","overlay-gradient":""},"tablet":{"background-color":"","background-image":"","background-repeat":"repeat","background-position":"center center","background-size":"auto","background-attachment":"scroll","background-type":"","background-media":"","overlay-type":"","overlay-color":"","overlay-opacity":"","overlay-gradient":""},"mobile":{"background-color":"","background-image":"","background-repeat":"repeat","background-position":"center center","background-size":"auto","background-attachment":"scroll","background-type":"","background-media":"","overlay-type":"","overlay-color":"","overlay-opacity":"","overlay-gradient":""}},"ast-content-background-meta":{"desktop":{"background-color":"var(--ast-global-color-5)","background-image":"","background-repeat":"repeat","background-position":"center center","background-size":"auto","background-attachment":"scroll","background-type":"","background-media":"","overlay-type":"","overlay-color":"","overlay-opacity":"","overlay-gradient":""},"tablet":{"background-color":"var(--ast-global-color-5)","background-image":"","background-repeat":"repeat","background-position":"center center","background-size":"auto","background-attachment":"scroll","background-type":"","background-media":"","overlay-type":"","overlay-color":"","overlay-opacity":"","overlay-gradient":""},"mobile":{"background-color":"var(--ast-global-color-5)","background-image":"","background-repeat":"repeat","background-position":"center center","background-size":"auto","background-attachment":"scroll","background-type":"","background-media":"","overlay-type":"","overlay-color":"","overlay-opacity":"","overlay-gradient":""}},"ngg_post_thumbnail":0,"_mc_calendar":[],"footnotes":""},"class_list":["post-213","page","type-page","status-publish","hentry"],"translation":{"provider":"WPGlobus","version":"3.0.2","language":"ar","enabled_languages":["de","en","ar","zh","id"],"languages":{"de":{"title":true,"content":true,"excerpt":false},"en":{"title":true,"content":true,"excerpt":false},"ar":{"title":true,"content":false,"excerpt":false},"zh":{"title":true,"content":false,"excerpt":false},"id":{"title":false,"content":false,"excerpt":false}}},"jetpack_sharing_enabled":true,"jetpack_shortlink":"https:\/\/wp.me\/P8MR6N-3r","_links":{"self":[{"href":"https:\/\/www.ibn-rushd-goethe-moschee.de\/ar\/wp-json\/wp\/v2\/pages\/213","targetHints":{"allow":["GET"]}}],"collection":[{"href":"https:\/\/www.ibn-rushd-goethe-moschee.de\/ar\/wp-json\/wp\/v2\/pages"}],"about":[{"href":"https:\/\/www.ibn-rushd-goethe-moschee.de\/ar\/wp-json\/wp\/v2\/types\/page"}],"author":[{"embeddable":true,"href":"https:\/\/www.ibn-rushd-goethe-moschee.de\/ar\/wp-json\/wp\/v2\/users\/4"}],"replies":[{"embeddable":true,"href":"https:\/\/www.ibn-rushd-goethe-moschee.de\/ar\/wp-json\/wp\/v2\/comments?post=213"}],"version-history":[{"count":23,"href":"https:\/\/www.ibn-rushd-goethe-moschee.de\/ar\/wp-json\/wp\/v2\/pages\/213\/revisions"}],"predecessor-version":[{"id":7094,"href":"https:\/\/www.ibn-rushd-goethe-moschee.de\/ar\/wp-json\/wp\/v2\/pages\/213\/revisions\/7094"}],"wp:attachment":[{"href":"https:\/\/www.ibn-rushd-goethe-moschee.de\/ar\/wp-json\/wp\/v2\/media?parent=213"}],"curies":[{"name":"wp","href":"https:\/\/api.w.org\/{rel}","templated":true}]}}