{"id":1935,"date":"2018-11-07T13:33:23","date_gmt":"2018-11-07T12:33:23","guid":{"rendered":"http:\/\/test.ibn-rushd-goethe-moschee.de\/?page_id=1935"},"modified":"2020-10-01T01:35:34","modified_gmt":"2020-09-30T23:35:34","slug":"geldauflagen","status":"publish","type":"page","link":"https:\/\/www.ibn-rushd-goethe-moschee.de\/ar\/spenden\/geldauflagen\/","title":{"rendered":"Geldauflagen"},"content":{"rendered":"<p><span style=\"font-family: Overpass;\">Zuweisungen von Geldauflagen sind eine wertvolle Unterst\u00fctzung! Mit Ihrer Zuweisung erm\u00f6glichen Sie der Ibn Rushd-Goethe Moschee, Programme und Projekte f\u00fcr Gleichberechtigung und Radikalisierungspr\u00e4vention wirkungsvoll umzusetzen. Jeder noch so kleine Betrag hilft weiter, jeder gr\u00f6\u00dfere ist mehr als willkommen. Vielen Dank!<\/span><\/p>\n<p align=\"JUSTIFY\"><span style=\"font-family: Overpass;\">Im Falle einer Zuweisung von Geldauflagen verpflichten wir uns:<\/span><\/p>\n<ul>\n<li>\n<p align=\"JUSTIFY\"><span style=\"font-family: Overpass;\">eine zeitnahe Geldauflagenverwaltung sicherzustellen.<\/span><\/p>\n<\/li>\n<\/ul>\n<ul>\n<li>\n<p align=\"JUSTIFY\"><span style=\"font-family: Overpass;\">die Geldauflagen ausschlie\u00dflich f\u00fcr den in der Satzung vorgesehenen Zweck zu verwenden<\/span><\/p>\n<\/li>\n<\/ul>\n<ul>\n<li>\n<p align=\"JUSTIFY\"><span style=\"font-family: Overpass;\">die zuweisende Beh\u00f6rde umgehend \u00fcber den Eingang bzw. Nichteingang zugewiesener Geldauflagen zu informieren.<\/span><\/p>\n<\/li>\n<\/ul>\n<ul>\n<li>\n<p align=\"JUSTIFY\"><span style=\"font-family: Overpass;\">zu Jahresbeginn die zuweisenden Beh\u00f6rden \u00fcber die H\u00f6he und Verwendung der Zuweisungen und Zahlungen von Geldauflagen aus dem jeweils abgelaufenen Kalenderjahr zu unterrichten.<\/span><\/p>\n<\/li>\n<\/ul>\n<p align=\"JUSTIFY\"><span style=\"font-family: Overpass;\"><span style=\"font-size: medium;\">Wir m\u00f6chten Sie bitten, ausschlie\u00dflich die folgende Bankverbindung f\u00fcr Geldauflagen zu verwenden. Bitte geben Sie im Verwendungszweck immer das Aktenzeichen, das zust\u00e4ndige Gericht oder die Staatsanwaltschaft an. Nur dann k\u00f6nnen wir gew\u00e4hrleisten, die zust\u00e4ndige Beh\u00f6rde \u00fcber den Zahlungseingang zu informieren. F\u00fcr Geldauflagen werden keine Zuwendungs-\/Spendenbescheinigungen ausgestellt.<\/span><\/span><\/p>\n<p align=\"JUSTIFY\"><span style=\"font-family: Overpass;\"><b>Berliner Sparkasse<\/b><\/span><\/p>\n<p align=\"JUSTIFY\"><span style=\"font-family: Overpass;\"><b>IBAN: DE02 1005 0000 0190 7701 12<\/b><\/span><\/p>\n<p align=\"JUSTIFY\"><span style=\"font-family: Overpass;\"><b>BIC: BELADEBEXXX<\/b><\/span><\/p>\n<p><span style=\"font-family: Overpass;\">\u00a0<\/span><\/p>\n<p>&nbsp;<\/p>\n","protected":false},"excerpt":{"rendered":"<p>Zuweisungen von Geldauflagen sind eine wertvolle Unterst\u00fctzung! Mit Ihrer Zuweisung erm\u00f6glichen Sie der Ibn Rushd-Goethe Moschee, Programme und Projekte f\u00fcr Gleichberechtigung und Radikalisierungspr\u00e4vention wirkungsvoll umzusetzen. Jeder noch so kleine Betrag hilft weiter, jeder gr\u00f6\u00dfere ist mehr als willkommen. Vielen Dank! Im Falle einer Zuweisung von Geldauflagen verpflichten wir uns: eine zeitnahe Geldauflagenverwaltung sicherzustellen. die Geldauflagen [&hellip;]<\/p>\n","protected":false},"author":1,"featured_media":0,"parent":255,"menu_order":0,"comment_status":"closed","ping_status":"closed","template":"","meta":{"_coblocks_attr":"","_coblocks_dimensions":"","_coblocks_responsive_height":"","_coblocks_accordion_ie_support":"","site-sidebar-layout":"right-sidebar","site-content-layout":"default","ast-site-content-layout":"default","site-content-style":"default","site-sidebar-style":"default","ast-global-header-display":"","ast-banner-title-visibility":"","ast-main-header-display":"","ast-hfb-above-header-display":"","ast-hfb-below-header-display":"","ast-hfb-mobile-header-display":"","site-post-title":"","ast-breadcrumbs-content":"","ast-featured-img":"","footer-sml-layout":"","ast-disable-related-posts":"","theme-transparent-header-meta":"default","adv-header-id-meta":"","stick-header-meta":"","header-above-stick-meta":"","header-main-stick-meta":"","header-below-stick-meta":"","astra-migrate-meta-layouts":"default","ast-page-background-enabled":"default","ast-page-background-meta":{"desktop":{"background-color":"","background-image":"","background-repeat":"repeat","background-position":"center center","background-size":"auto","background-attachment":"scroll","background-type":"","background-media":"","overlay-type":"","overlay-color":"","overlay-opacity":"","overlay-gradient":""},"tablet":{"background-color":"","background-image":"","background-repeat":"repeat","background-position":"center center","background-size":"auto","background-attachment":"scroll","background-type":"","background-media":"","overlay-type":"","overlay-color":"","overlay-opacity":"","overlay-gradient":""},"mobile":{"background-color":"","background-image":"","background-repeat":"repeat","background-position":"center center","background-size":"auto","background-attachment":"scroll","background-type":"","background-media":"","overlay-type":"","overlay-color":"","overlay-opacity":"","overlay-gradient":""}},"ast-content-background-meta":{"desktop":{"background-color":"var(--ast-global-color-5)","background-image":"","background-repeat":"repeat","background-position":"center center","background-size":"auto","background-attachment":"scroll","background-type":"","background-media":"","overlay-type":"","overlay-color":"","overlay-opacity":"","overlay-gradient":""},"tablet":{"background-color":"var(--ast-global-color-5)","background-image":"","background-repeat":"repeat","background-position":"center center","background-size":"auto","background-attachment":"scroll","background-type":"","background-media":"","overlay-type":"","overlay-color":"","overlay-opacity":"","overlay-gradient":""},"mobile":{"background-color":"var(--ast-global-color-5)","background-image":"","background-repeat":"repeat","background-position":"center center","background-size":"auto","background-attachment":"scroll","background-type":"","background-media":"","overlay-type":"","overlay-color":"","overlay-opacity":"","overlay-gradient":""}},"ngg_post_thumbnail":0,"jetpack_post_was_ever_published":false,"_mc_calendar":[],"footnotes":""},"class_list":["post-1935","page","type-page","status-publish","hentry"],"translation":{"provider":"WPGlobus","version":"3.0.2","language":"ar","enabled_languages":["de","en","ar","zh","id"],"languages":{"de":{"title":true,"content":true,"excerpt":false},"en":{"title":true,"content":true,"excerpt":false},"ar":{"title":false,"content":false,"excerpt":false},"zh":{"title":false,"content":true,"excerpt":false},"id":{"title":false,"content":false,"excerpt":false}}},"jetpack_sharing_enabled":true,"jetpack_shortlink":"https:\/\/wp.me\/P8MR6N-vd","_links":{"self":[{"href":"https:\/\/www.ibn-rushd-goethe-moschee.de\/ar\/wp-json\/wp\/v2\/pages\/1935","targetHints":{"allow":["GET"]}}],"collection":[{"href":"https:\/\/www.ibn-rushd-goethe-moschee.de\/ar\/wp-json\/wp\/v2\/pages"}],"about":[{"href":"https:\/\/www.ibn-rushd-goethe-moschee.de\/ar\/wp-json\/wp\/v2\/types\/page"}],"author":[{"embeddable":true,"href":"https:\/\/www.ibn-rushd-goethe-moschee.de\/ar\/wp-json\/wp\/v2\/users\/1"}],"replies":[{"embeddable":true,"href":"https:\/\/www.ibn-rushd-goethe-moschee.de\/ar\/wp-json\/wp\/v2\/comments?post=1935"}],"version-history":[{"count":9,"href":"https:\/\/www.ibn-rushd-goethe-moschee.de\/ar\/wp-json\/wp\/v2\/pages\/1935\/revisions"}],"predecessor-version":[{"id":6872,"href":"https:\/\/www.ibn-rushd-goethe-moschee.de\/ar\/wp-json\/wp\/v2\/pages\/1935\/revisions\/6872"}],"up":[{"embeddable":true,"href":"https:\/\/www.ibn-rushd-goethe-moschee.de\/ar\/wp-json\/wp\/v2\/pages\/255"}],"wp:attachment":[{"href":"https:\/\/www.ibn-rushd-goethe-moschee.de\/ar\/wp-json\/wp\/v2\/media?parent=1935"}],"curies":[{"name":"wp","href":"https:\/\/api.w.org\/{rel}","templated":true}]}}