{"id":1934,"date":"2018-11-07T13:33:23","date_gmt":"2018-11-07T12:33:23","guid":{"rendered":"http:\/\/test.ibn-rushd-goethe-moschee.de\/?page_id=1934"},"modified":"2020-10-01T01:35:03","modified_gmt":"2020-09-30T23:35:03","slug":"unternehmen","status":"publish","type":"page","link":"https:\/\/www.ibn-rushd-goethe-moschee.de\/ar\/spenden\/unternehmen\/","title":{"rendered":"Unternehmen"},"content":{"rendered":"<p><span style=\"font-family: Overpass;\">Durch Ihre Unterst\u00fctzung der Ibn Rushd-Goethe Moschee k\u00f6nnen Sie Ihre soziale Verantwortung wahrnehmen und in der \u00d6ffentlichkeit sowie gegen\u00fcber Ihren Kund*innen und Gesch\u00e4ftspartner*innen darstellen. <\/span><\/p>\n<p><span style=\"font-family: Overpass;\">M\u00f6chten Sie andere an Ihrem Unternehmenserfolg teilhaben lassen und die erste liberale Moschee Deutschlands unterst\u00fctzen? Planen Sie eine Weihnachtskampagne oder feiern Sie ein Firmenjubil\u00e4um? <\/span><\/p>\n<p><span style=\"font-family: Overpass;\">Ob regelm\u00e4\u00dfige Spende, Spendenaktion oder Anlassspende, wir beraten Sie gerne und bieten Ihnen eine ma\u00dfgeschneiderte L\u00f6sung f\u00fcr Ihr Engagement f\u00fcr einen progressiven Islam in Deutschland! M\u00f6chten sie die Gleichstellung der Geschlechter unterst\u00fctzen, den Interreligi\u00f6sen Dialog f\u00f6rdern oder Bildungs- und Deradikalisierungsprojekte voranbringen? <\/span><\/p>\n<p><span style=\"font-family: Overpass;\">Sprechen Sie uns gerne an und vereinbaren Sie einen Termin zur Beratung!<\/span><\/p>\n","protected":false},"excerpt":{"rendered":"<p>Durch Ihre Unterst\u00fctzung der Ibn Rushd-Goethe Moschee k\u00f6nnen Sie Ihre soziale Verantwortung wahrnehmen und in der \u00d6ffentlichkeit sowie gegen\u00fcber Ihren Kund*innen und Gesch\u00e4ftspartner*innen darstellen. M\u00f6chten Sie andere an Ihrem Unternehmenserfolg teilhaben lassen und die erste liberale Moschee Deutschlands unterst\u00fctzen? Planen Sie eine Weihnachtskampagne oder feiern Sie ein Firmenjubil\u00e4um? Ob regelm\u00e4\u00dfige Spende, Spendenaktion oder Anlassspende, wir [&hellip;]<\/p>\n","protected":false},"author":1,"featured_media":0,"parent":255,"menu_order":0,"comment_status":"closed","ping_status":"closed","template":"","meta":{"_coblocks_attr":"","_coblocks_dimensions":"","_coblocks_responsive_height":"","_coblocks_accordion_ie_support":"","site-sidebar-layout":"right-sidebar","site-content-layout":"default","ast-site-content-layout":"default","site-content-style":"default","site-sidebar-style":"default","ast-global-header-display":"","ast-banner-title-visibility":"","ast-main-header-display":"","ast-hfb-above-header-display":"","ast-hfb-below-header-display":"","ast-hfb-mobile-header-display":"","site-post-title":"","ast-breadcrumbs-content":"","ast-featured-img":"","footer-sml-layout":"","ast-disable-related-posts":"","theme-transparent-header-meta":"default","adv-header-id-meta":"","stick-header-meta":"","header-above-stick-meta":"","header-main-stick-meta":"","header-below-stick-meta":"","astra-migrate-meta-layouts":"default","ast-page-background-enabled":"default","ast-page-background-meta":{"desktop":{"background-color":"","background-image":"","background-repeat":"repeat","background-position":"center center","background-size":"auto","background-attachment":"scroll","background-type":"","background-media":"","overlay-type":"","overlay-color":"","overlay-opacity":"","overlay-gradient":""},"tablet":{"background-color":"","background-image":"","background-repeat":"repeat","background-position":"center center","background-size":"auto","background-attachment":"scroll","background-type":"","background-media":"","overlay-type":"","overlay-color":"","overlay-opacity":"","overlay-gradient":""},"mobile":{"background-color":"","background-image":"","background-repeat":"repeat","background-position":"center center","background-size":"auto","background-attachment":"scroll","background-type":"","background-media":"","overlay-type":"","overlay-color":"","overlay-opacity":"","overlay-gradient":""}},"ast-content-background-meta":{"desktop":{"background-color":"var(--ast-global-color-5)","background-image":"","background-repeat":"repeat","background-position":"center center","background-size":"auto","background-attachment":"scroll","background-type":"","background-media":"","overlay-type":"","overlay-color":"","overlay-opacity":"","overlay-gradient":""},"tablet":{"background-color":"var(--ast-global-color-5)","background-image":"","background-repeat":"repeat","background-position":"center center","background-size":"auto","background-attachment":"scroll","background-type":"","background-media":"","overlay-type":"","overlay-color":"","overlay-opacity":"","overlay-gradient":""},"mobile":{"background-color":"var(--ast-global-color-5)","background-image":"","background-repeat":"repeat","background-position":"center center","background-size":"auto","background-attachment":"scroll","background-type":"","background-media":"","overlay-type":"","overlay-color":"","overlay-opacity":"","overlay-gradient":""}},"ngg_post_thumbnail":0,"jetpack_post_was_ever_published":false,"_mc_calendar":[],"footnotes":""},"class_list":["post-1934","page","type-page","status-publish","hentry"],"translation":{"provider":"WPGlobus","version":"3.0.2","language":"ar","enabled_languages":["de","en","ar","zh","id"],"languages":{"de":{"title":true,"content":true,"excerpt":false},"en":{"title":false,"content":false,"excerpt":false},"ar":{"title":false,"content":false,"excerpt":false},"zh":{"title":true,"content":true,"excerpt":false},"id":{"title":false,"content":false,"excerpt":false}}},"jetpack_sharing_enabled":true,"jetpack_shortlink":"https:\/\/wp.me\/P8MR6N-vc","_links":{"self":[{"href":"https:\/\/www.ibn-rushd-goethe-moschee.de\/ar\/wp-json\/wp\/v2\/pages\/1934","targetHints":{"allow":["GET"]}}],"collection":[{"href":"https:\/\/www.ibn-rushd-goethe-moschee.de\/ar\/wp-json\/wp\/v2\/pages"}],"about":[{"href":"https:\/\/www.ibn-rushd-goethe-moschee.de\/ar\/wp-json\/wp\/v2\/types\/page"}],"author":[{"embeddable":true,"href":"https:\/\/www.ibn-rushd-goethe-moschee.de\/ar\/wp-json\/wp\/v2\/users\/1"}],"replies":[{"embeddable":true,"href":"https:\/\/www.ibn-rushd-goethe-moschee.de\/ar\/wp-json\/wp\/v2\/comments?post=1934"}],"version-history":[{"count":5,"href":"https:\/\/www.ibn-rushd-goethe-moschee.de\/ar\/wp-json\/wp\/v2\/pages\/1934\/revisions"}],"predecessor-version":[{"id":6791,"href":"https:\/\/www.ibn-rushd-goethe-moschee.de\/ar\/wp-json\/wp\/v2\/pages\/1934\/revisions\/6791"}],"up":[{"embeddable":true,"href":"https:\/\/www.ibn-rushd-goethe-moschee.de\/ar\/wp-json\/wp\/v2\/pages\/255"}],"wp:attachment":[{"href":"https:\/\/www.ibn-rushd-goethe-moschee.de\/ar\/wp-json\/wp\/v2\/media?parent=1934"}],"curies":[{"name":"wp","href":"https:\/\/api.w.org\/{rel}","templated":true}]}}