{"id":1932,"date":"2018-11-07T13:33:23","date_gmt":"2018-11-07T12:33:23","guid":{"rendered":"http:\/\/test.ibn-rushd-goethe-moschee.de\/?page_id=1932"},"modified":"2026-04-20T21:44:20","modified_gmt":"2026-04-20T19:44:20","slug":"persoenliche-anlaesse","status":"publish","type":"page","link":"https:\/\/www.ibn-rushd-goethe-moschee.de\/ar\/spenden\/persoenliche-anlaesse\/","title":{"rendered":"Pers\u00f6nliche Anl\u00e4sse"},"content":{"rendered":"<p>Feiern Sie Ihren Geburtstag, ein wichtiges pers\u00f6nliches Jubil\u00e4um oder eine Hochzeit<br \/>\nund m\u00f6chten Ihre Freude mit anderen teilen und dabei Gutes tun? Nehmen Sie<br \/>\ngerne Kontakt zu uns auf und wir finden eine ma\u00dfgeschneiderte L\u00f6sung f\u00fcr Ihr<br \/>\nAnliegen!<\/p>\n<p>Sie k\u00f6nnen Ihren G\u00e4sten auch gerne bereits bei der Einladung unsere<br \/>\nKontoverbindung f\u00fcr Spenden angeben. Als Verwendungszweck geben Sie gerne<br \/>\nIhren Namen und den Anlass an.<\/p>\n<p>Berliner Sparkasse<br \/>\nIbn Rushd \u2013 Goethe Moschee gGmbH<br \/>\nIBAN: DE85 1005 0000 0190 6299 08<br \/>\nBIC: BELADEBEXXX<br \/>\nVerwendungszweck: Ihr Name und Anlass<\/p>\n<p>M\u00f6chten Sie jemandem mit einer Spende ein Geschenk machen? F\u00fcllen Sie das<br \/>\n<a href=\"https:\/\/www.ibn-rushd-goethe-moschee.de\/spenden\/\">Formular<\/a> aus und laden Sie sich das Spendenzertifikat herunter, dass Sie den<br \/>\nBeschenkten zukommen lassen k\u00f6nnen!<\/p>\n","protected":false},"excerpt":{"rendered":"<p>Feiern Sie Ihren Geburtstag, ein wichtiges pers\u00f6nliches Jubil\u00e4um oder eine Hochzeit und m\u00f6chten Ihre Freude mit anderen teilen und dabei Gutes tun? Nehmen Sie gerne Kontakt zu uns auf und wir finden eine ma\u00dfgeschneiderte L\u00f6sung f\u00fcr Ihr Anliegen! Sie k\u00f6nnen Ihren G\u00e4sten auch gerne bereits bei der Einladung unsere Kontoverbindung f\u00fcr Spenden angeben. Als Verwendungszweck [&hellip;]<\/p>\n","protected":false},"author":4,"featured_media":0,"parent":255,"menu_order":0,"comment_status":"closed","ping_status":"closed","template":"","meta":{"_coblocks_attr":"","_coblocks_dimensions":"","_coblocks_responsive_height":"","_coblocks_accordion_ie_support":"","site-sidebar-layout":"right-sidebar","site-content-layout":"default","ast-site-content-layout":"default","site-content-style":"default","site-sidebar-style":"default","ast-global-header-display":"","ast-banner-title-visibility":"","ast-main-header-display":"","ast-hfb-above-header-display":"","ast-hfb-below-header-display":"","ast-hfb-mobile-header-display":"","site-post-title":"","ast-breadcrumbs-content":"","ast-featured-img":"","footer-sml-layout":"","ast-disable-related-posts":"","theme-transparent-header-meta":"default","adv-header-id-meta":"","stick-header-meta":"","header-above-stick-meta":"","header-main-stick-meta":"","header-below-stick-meta":"","astra-migrate-meta-layouts":"default","ast-page-background-enabled":"default","ast-page-background-meta":{"desktop":{"background-color":"","background-image":"","background-repeat":"repeat","background-position":"center center","background-size":"auto","background-attachment":"scroll","background-type":"","background-media":"","overlay-type":"","overlay-color":"","overlay-opacity":"","overlay-gradient":""},"tablet":{"background-color":"","background-image":"","background-repeat":"repeat","background-position":"center center","background-size":"auto","background-attachment":"scroll","background-type":"","background-media":"","overlay-type":"","overlay-color":"","overlay-opacity":"","overlay-gradient":""},"mobile":{"background-color":"","background-image":"","background-repeat":"repeat","background-position":"center center","background-size":"auto","background-attachment":"scroll","background-type":"","background-media":"","overlay-type":"","overlay-color":"","overlay-opacity":"","overlay-gradient":""}},"ast-content-background-meta":{"desktop":{"background-color":"var(--ast-global-color-5)","background-image":"","background-repeat":"repeat","background-position":"center center","background-size":"auto","background-attachment":"scroll","background-type":"","background-media":"","overlay-type":"","overlay-color":"","overlay-opacity":"","overlay-gradient":""},"tablet":{"background-color":"var(--ast-global-color-5)","background-image":"","background-repeat":"repeat","background-position":"center center","background-size":"auto","background-attachment":"scroll","background-type":"","background-media":"","overlay-type":"","overlay-color":"","overlay-opacity":"","overlay-gradient":""},"mobile":{"background-color":"var(--ast-global-color-5)","background-image":"","background-repeat":"repeat","background-position":"center center","background-size":"auto","background-attachment":"scroll","background-type":"","background-media":"","overlay-type":"","overlay-color":"","overlay-opacity":"","overlay-gradient":""}},"ngg_post_thumbnail":0,"jetpack_post_was_ever_published":false,"_mc_calendar":[],"footnotes":""},"class_list":["post-1932","page","type-page","status-publish","hentry"],"translation":{"provider":"WPGlobus","version":"3.0.2","language":"ar","enabled_languages":["de","en","ar","zh","id"],"languages":{"de":{"title":true,"content":true,"excerpt":false},"en":{"title":true,"content":true,"excerpt":false},"ar":{"title":false,"content":false,"excerpt":false},"zh":{"title":false,"content":false,"excerpt":false},"id":{"title":false,"content":false,"excerpt":false}}},"jetpack_sharing_enabled":true,"jetpack_shortlink":"https:\/\/wp.me\/P8MR6N-va","_links":{"self":[{"href":"https:\/\/www.ibn-rushd-goethe-moschee.de\/ar\/wp-json\/wp\/v2\/pages\/1932","targetHints":{"allow":["GET"]}}],"collection":[{"href":"https:\/\/www.ibn-rushd-goethe-moschee.de\/ar\/wp-json\/wp\/v2\/pages"}],"about":[{"href":"https:\/\/www.ibn-rushd-goethe-moschee.de\/ar\/wp-json\/wp\/v2\/types\/page"}],"author":[{"embeddable":true,"href":"https:\/\/www.ibn-rushd-goethe-moschee.de\/ar\/wp-json\/wp\/v2\/users\/4"}],"replies":[{"embeddable":true,"href":"https:\/\/www.ibn-rushd-goethe-moschee.de\/ar\/wp-json\/wp\/v2\/comments?post=1932"}],"version-history":[{"count":8,"href":"https:\/\/www.ibn-rushd-goethe-moschee.de\/ar\/wp-json\/wp\/v2\/pages\/1932\/revisions"}],"predecessor-version":[{"id":6875,"href":"https:\/\/www.ibn-rushd-goethe-moschee.de\/ar\/wp-json\/wp\/v2\/pages\/1932\/revisions\/6875"}],"up":[{"embeddable":true,"href":"https:\/\/www.ibn-rushd-goethe-moschee.de\/ar\/wp-json\/wp\/v2\/pages\/255"}],"wp:attachment":[{"href":"https:\/\/www.ibn-rushd-goethe-moschee.de\/ar\/wp-json\/wp\/v2\/media?parent=1932"}],"curies":[{"name":"wp","href":"https:\/\/api.w.org\/{rel}","templated":true}]}}