{"id":185,"date":"2018-08-29T15:03:30","date_gmt":"2018-08-29T13:03:30","guid":{"rendered":"http:\/\/test.ibn-rushd-goethe-moschee.de\/?page_id=185"},"modified":"2025-01-23T16:15:05","modified_gmt":"2025-01-23T15:15:05","slug":"ansprechpartner","status":"publish","type":"page","link":"https:\/\/www.ibn-rushd-goethe-moschee.de\/ar\/die-moschee\/ansprechpartner\/","title":{"rendered":"Ansprechpartner"},"content":{"rendered":"\n\n\n<h5 class=\"wp-block-heading\">Besucher- und Beratungsanfragen: <a href=\"mailto:mok@irg-moschee.de\">mok@irg-moschee.de<\/a><\/h5>\n\n\n\n<h5 class=\"wp-block-heading\">Allgemeine Anfragen zur Gemeinde: <a href=\"mailto:mok@irg-moschee.de\">mok@irg-moschee.de<\/a><\/h5>\n\n\n\n<h5 class=\"wp-block-heading\">Anlaufstelle Islam &amp; Diversity: <a href=\"mailto: aid@irg-moschee.de\">aid@irg-moschee.de<\/a><\/h5>\n\n\n\n<h5 class=\"wp-block-heading\">Veranstaltungen: <a href=\"mailto:mok@irg-moschee.de\">mok@irg-moschee.de<\/a><\/h5>\n\n\n\n<h5 class=\"wp-block-heading\">Buch &#8211; &#8220;Frauen von Medina&#8221;: <a href=\"mailto:buchservice@irg-moschee.de\">buchservice@irg-moschee.de<\/a><\/h5>\n\n\n\n<h5 class=\"wp-block-heading\">Schulworkshops: <a href=\"mailto:carolin.leder@irg-moschee.de\">carolin.leder@irg-moschee.de<\/a><\/h5>\n\n\n\n<h5 class=\"wp-block-heading\"><s>Arabischunterricht: <a href=\"mailto:unterricht@irg-moschee.de\">unterricht@irg-moschee.de<\/a><\/s><\/h5>\n\n\n\n<h5 class=\"wp-block-heading\"><s>Saz-Unterricht: <a href=\"mailto:gemeinde@irg-moschee.de\">gemeinde@irg-moschee.de<\/a><\/s><\/h5>\n\n\n\n<h5 class=\"wp-block-heading\"><s>Yoga: <a href=\"mailto:yoga@irg-moschee.de\">yoga@irg-moschee.de<\/a><\/s><\/h5>\n\n\n\n<p>Aus Sicherheitsgr\u00fcnden k\u00f6nnen wir Anrufe mit unterdr\u00fcckter Nummer leider nicht annehmen.<\/p>\n","protected":false},"excerpt":{"rendered":"<p>Besucher- und Beratungsanfragen: mok@irg-moschee.de Allgemeine Anfragen zur Gemeinde: mok@irg-moschee.de Anlaufstelle Islam &amp; Diversity: aid@irg-moschee.de Veranstaltungen: mok@irg-moschee.de Buch &#8211; &#8220;Frauen von Medina&#8221;: buchservice@irg-moschee.de Schulworkshops: carolin.leder@irg-moschee.de Arabischunterricht: unterricht@irg-moschee.de Saz-Unterricht: gemeinde@irg-moschee.de Yoga: yoga@irg-moschee.de Aus Sicherheitsgr\u00fcnden k\u00f6nnen wir Anrufe mit unterdr\u00fcckter Nummer leider nicht annehmen.<\/p>\n","protected":false},"author":1,"featured_media":0,"parent":767,"menu_order":0,"comment_status":"closed","ping_status":"closed","template":"","meta":{"_coblocks_attr":"","_coblocks_dimensions":"","_coblocks_responsive_height":"","_coblocks_accordion_ie_support":"","site-sidebar-layout":"default","site-content-layout":"default","ast-site-content-layout":"default","site-content-style":"default","site-sidebar-style":"default","ast-global-header-display":"","ast-banner-title-visibility":"","ast-main-header-display":"","ast-hfb-above-header-display":"","ast-hfb-below-header-display":"","ast-hfb-mobile-header-display":"","site-post-title":"","ast-breadcrumbs-content":"","ast-featured-img":"","footer-sml-layout":"","ast-disable-related-posts":"","theme-transparent-header-meta":"default","adv-header-id-meta":"","stick-header-meta":"","header-above-stick-meta":"","header-main-stick-meta":"","header-below-stick-meta":"","astra-migrate-meta-layouts":"set","ast-page-background-enabled":"default","ast-page-background-meta":{"desktop":{"background-color":"","background-image":"","background-repeat":"repeat","background-position":"center center","background-size":"auto","background-attachment":"scroll","background-type":"","background-media":"","overlay-type":"","overlay-color":"","overlay-opacity":"","overlay-gradient":""},"tablet":{"background-color":"","background-image":"","background-repeat":"repeat","background-position":"center center","background-size":"auto","background-attachment":"scroll","background-type":"","background-media":"","overlay-type":"","overlay-color":"","overlay-opacity":"","overlay-gradient":""},"mobile":{"background-color":"","background-image":"","background-repeat":"repeat","background-position":"center center","background-size":"auto","background-attachment":"scroll","background-type":"","background-media":"","overlay-type":"","overlay-color":"","overlay-opacity":"","overlay-gradient":""}},"ast-content-background-meta":{"desktop":{"background-color":"var(--ast-global-color-5)","background-image":"","background-repeat":"repeat","background-position":"center center","background-size":"auto","background-attachment":"scroll","background-type":"","background-media":"","overlay-type":"","overlay-color":"","overlay-opacity":"","overlay-gradient":""},"tablet":{"background-color":"var(--ast-global-color-5)","background-image":"","background-repeat":"repeat","background-position":"center center","background-size":"auto","background-attachment":"scroll","background-type":"","background-media":"","overlay-type":"","overlay-color":"","overlay-opacity":"","overlay-gradient":""},"mobile":{"background-color":"var(--ast-global-color-5)","background-image":"","background-repeat":"repeat","background-position":"center center","background-size":"auto","background-attachment":"scroll","background-type":"","background-media":"","overlay-type":"","overlay-color":"","overlay-opacity":"","overlay-gradient":""}},"ngg_post_thumbnail":0,"jetpack_post_was_ever_published":false,"_mc_calendar":[],"footnotes":""},"class_list":["post-185","page","type-page","status-publish","hentry"],"translation":{"provider":"WPGlobus","version":"3.0.2","language":"ar","enabled_languages":["de","en","ar","zh","id"],"languages":{"de":{"title":true,"content":true,"excerpt":false},"en":{"title":true,"content":true,"excerpt":false},"ar":{"title":false,"content":false,"excerpt":false},"zh":{"title":true,"content":true,"excerpt":false},"id":{"title":false,"content":false,"excerpt":false}}},"jetpack_sharing_enabled":true,"jetpack_shortlink":"https:\/\/wp.me\/P8MR6N-2Z","_links":{"self":[{"href":"https:\/\/www.ibn-rushd-goethe-moschee.de\/ar\/wp-json\/wp\/v2\/pages\/185","targetHints":{"allow":["GET"]}}],"collection":[{"href":"https:\/\/www.ibn-rushd-goethe-moschee.de\/ar\/wp-json\/wp\/v2\/pages"}],"about":[{"href":"https:\/\/www.ibn-rushd-goethe-moschee.de\/ar\/wp-json\/wp\/v2\/types\/page"}],"author":[{"embeddable":true,"href":"https:\/\/www.ibn-rushd-goethe-moschee.de\/ar\/wp-json\/wp\/v2\/users\/1"}],"replies":[{"embeddable":true,"href":"https:\/\/www.ibn-rushd-goethe-moschee.de\/ar\/wp-json\/wp\/v2\/comments?post=185"}],"version-history":[{"count":205,"href":"https:\/\/www.ibn-rushd-goethe-moschee.de\/ar\/wp-json\/wp\/v2\/pages\/185\/revisions"}],"predecessor-version":[{"id":10684,"href":"https:\/\/www.ibn-rushd-goethe-moschee.de\/ar\/wp-json\/wp\/v2\/pages\/185\/revisions\/10684"}],"up":[{"embeddable":true,"href":"https:\/\/www.ibn-rushd-goethe-moschee.de\/ar\/wp-json\/wp\/v2\/pages\/767"}],"wp:attachment":[{"href":"https:\/\/www.ibn-rushd-goethe-moschee.de\/ar\/wp-json\/wp\/v2\/media?parent=185"}],"curies":[{"name":"wp","href":"https:\/\/api.w.org\/{rel}","templated":true}]}}