{"id":10173,"date":"2022-03-04T18:44:15","date_gmt":"2022-03-04T17:44:15","guid":{"rendered":"https:\/\/www.ibn-rushd-goethe-moschee.de\/?page_id=10173"},"modified":"2022-03-04T18:44:37","modified_gmt":"2022-03-04T17:44:37","slug":"qi-gong-kurs-in-der-ibn-rushd-goethe-moschee","status":"publish","type":"page","link":"https:\/\/www.ibn-rushd-goethe-moschee.de\/ar\/qi-gong-kurs-in-der-ibn-rushd-goethe-moschee\/","title":{"rendered":"Qi Gong-Kurs in der Ibn Rushd &#8211; Goethe Moschee"},"content":{"rendered":"\n\n\n<p>Jeden Monat sind Sie herzlich zum Qi Gong in unserer Moschee eingeladen.<br>M\u00f6chtest Du auf aktive Weise entspannen?<br><br>Deinen K\u00f6rper sanft st\u00e4rken, mehr Beweglichkeit und ein besseres K\u00f6rpergef\u00fchl<br>Etwas f\u00fcr Deinen R\u00fccken tun?<br><br>Durch Qi Gong findest Du zu innerer Ruhe und Klarheit. Die sanften \u00dcbungen helfen Dir deine Gesundheit zu f\u00f6rdern sowie das seelische Gleichgewicht zu st\u00e4rken. Es bietet immer wieder M\u00f6glichkeiten Wahrnehmung, K\u00f6rperhaltung und Atmung zu vervollkommnen. Qi Gong hat also viele positive Auswirkungen auf K\u00f6rper und Seele und kann in jedem Alter ausge\u00fcbt werden.<br>Weitere Infos unter: <br><br><a href=\"https:\/\/movement-in-moabit.de\/qi-gong\">https:\/\/movement-in-moabit.de\/qi-gong<\/a><br>Bei Fragen wenden Sie sich gerne an <strong>Xenia<\/strong> : <a href=\"mailto:x.boettcher@gmx.de\">x.boettcher@gmx.de<\/a>&#8220;<\/p>\n","protected":false},"excerpt":{"rendered":"<p>Jeden Monat sind Sie herzlich zum Qi Gong in unserer Moschee eingeladen.M\u00f6chtest Du auf aktive Weise entspannen? Deinen K\u00f6rper sanft st\u00e4rken, mehr Beweglichkeit und ein besseres K\u00f6rpergef\u00fchlEtwas f\u00fcr Deinen R\u00fccken tun? Durch Qi Gong findest Du zu innerer Ruhe und Klarheit. Die sanften \u00dcbungen helfen Dir deine Gesundheit zu f\u00f6rdern sowie das seelische Gleichgewicht zu [&hellip;]<\/p>\n","protected":false},"author":1,"featured_media":0,"parent":0,"menu_order":0,"comment_status":"closed","ping_status":"closed","template":"","meta":{"_coblocks_attr":"","_coblocks_dimensions":"","_coblocks_responsive_height":"","_coblocks_accordion_ie_support":"","site-sidebar-layout":"default","site-content-layout":"","ast-site-content-layout":"default","site-content-style":"default","site-sidebar-style":"default","ast-global-header-display":"","ast-banner-title-visibility":"","ast-main-header-display":"","ast-hfb-above-header-display":"","ast-hfb-below-header-display":"","ast-hfb-mobile-header-display":"","site-post-title":"","ast-breadcrumbs-content":"","ast-featured-img":"","footer-sml-layout":"","ast-disable-related-posts":"","theme-transparent-header-meta":"","adv-header-id-meta":"","stick-header-meta":"","header-above-stick-meta":"","header-main-stick-meta":"","header-below-stick-meta":"","astra-migrate-meta-layouts":"default","ast-page-background-enabled":"default","ast-page-background-meta":{"desktop":{"background-color":"","background-image":"","background-repeat":"repeat","background-position":"center center","background-size":"auto","background-attachment":"scroll","background-type":"","background-media":"","overlay-type":"","overlay-color":"","overlay-opacity":"","overlay-gradient":""},"tablet":{"background-color":"","background-image":"","background-repeat":"repeat","background-position":"center center","background-size":"auto","background-attachment":"scroll","background-type":"","background-media":"","overlay-type":"","overlay-color":"","overlay-opacity":"","overlay-gradient":""},"mobile":{"background-color":"","background-image":"","background-repeat":"repeat","background-position":"center center","background-size":"auto","background-attachment":"scroll","background-type":"","background-media":"","overlay-type":"","overlay-color":"","overlay-opacity":"","overlay-gradient":""}},"ast-content-background-meta":{"desktop":{"background-color":"var(--ast-global-color-5)","background-image":"","background-repeat":"repeat","background-position":"center center","background-size":"auto","background-attachment":"scroll","background-type":"","background-media":"","overlay-type":"","overlay-color":"","overlay-opacity":"","overlay-gradient":""},"tablet":{"background-color":"var(--ast-global-color-5)","background-image":"","background-repeat":"repeat","background-position":"center center","background-size":"auto","background-attachment":"scroll","background-type":"","background-media":"","overlay-type":"","overlay-color":"","overlay-opacity":"","overlay-gradient":""},"mobile":{"background-color":"var(--ast-global-color-5)","background-image":"","background-repeat":"repeat","background-position":"center center","background-size":"auto","background-attachment":"scroll","background-type":"","background-media":"","overlay-type":"","overlay-color":"","overlay-opacity":"","overlay-gradient":""}},"ngg_post_thumbnail":0,"jetpack_post_was_ever_published":false,"_mc_calendar":[],"footnotes":""},"class_list":["post-10173","page","type-page","status-publish","hentry"],"translation":{"provider":"WPGlobus","version":"3.0.2","language":"ar","enabled_languages":["de","en","ar","zh","id"],"languages":{"de":{"title":true,"content":true,"excerpt":false},"en":{"title":false,"content":false,"excerpt":false},"ar":{"title":false,"content":false,"excerpt":false},"zh":{"title":false,"content":false,"excerpt":false},"id":{"title":false,"content":false,"excerpt":false}}},"jetpack_sharing_enabled":true,"jetpack_shortlink":"https:\/\/wp.me\/P8MR6N-2E5","_links":{"self":[{"href":"https:\/\/www.ibn-rushd-goethe-moschee.de\/ar\/wp-json\/wp\/v2\/pages\/10173","targetHints":{"allow":["GET"]}}],"collection":[{"href":"https:\/\/www.ibn-rushd-goethe-moschee.de\/ar\/wp-json\/wp\/v2\/pages"}],"about":[{"href":"https:\/\/www.ibn-rushd-goethe-moschee.de\/ar\/wp-json\/wp\/v2\/types\/page"}],"author":[{"embeddable":true,"href":"https:\/\/www.ibn-rushd-goethe-moschee.de\/ar\/wp-json\/wp\/v2\/users\/1"}],"replies":[{"embeddable":true,"href":"https:\/\/www.ibn-rushd-goethe-moschee.de\/ar\/wp-json\/wp\/v2\/comments?post=10173"}],"version-history":[{"count":1,"href":"https:\/\/www.ibn-rushd-goethe-moschee.de\/ar\/wp-json\/wp\/v2\/pages\/10173\/revisions"}],"predecessor-version":[{"id":10174,"href":"https:\/\/www.ibn-rushd-goethe-moschee.de\/ar\/wp-json\/wp\/v2\/pages\/10173\/revisions\/10174"}],"wp:attachment":[{"href":"https:\/\/www.ibn-rushd-goethe-moschee.de\/ar\/wp-json\/wp\/v2\/media?parent=10173"}],"curies":[{"name":"wp","href":"https:\/\/api.w.org\/{rel}","templated":true}]}}